{"id":1652,"date":"2026-01-23T18:00:32","date_gmt":"2026-01-23T17:00:32","guid":{"rendered":"https:\/\/mate-sante.com\/?page_id=1652"},"modified":"2026-01-29T12:59:39","modified_gmt":"2026-01-29T11:59:39","slug":"yerba-mate-taragui","status":"publish","type":"page","link":"https:\/\/mate-sante.com\/nl\/yerba-mate-taragui\/","title":{"rendered":"Tarag\u00fci"},"content":{"rendered":"<div id='welcome'  class='av-layout-grid-container av-672rg9-24b1330b891b03e562a71c0f0e49ff64 entry-content-wrapper main_color av-fixed-cells  avia-builder-el-0  el_before_av_section  avia-builder-el-first   container_wrap sidebar_right'  >\n\n<style type=\"text\/css\" data-created_by=\"avia_inline_auto\" id=\"style-css-av-63xogp-2137dc690919066ddd89559991dbba6b\">\n.flex_cell.av-63xogp-2137dc690919066ddd89559991dbba6b{\nvertical-align:top;\nheight:15px;\nmin-height:15px;\npadding:0px 0px 0px 0px;\nbackground-color:#719430;\n}\n<\/style>\n<div class='flex_cell av_one_fourth av-63xogp-2137dc690919066ddd89559991dbba6b no_margin  avia-builder-el-1  el_before_av_cell_one_fourth  avia-builder-el-first  av-zero-padding' ><div class='flex_cell_inner'><\/div><\/div>\n<style type=\"text\/css\" data-created_by=\"avia_inline_auto\" id=\"style-css-av-5xywzd-bac27cb79c913beea1b03b31daf84113\">\n.flex_cell.av-5xywzd-bac27cb79c913beea1b03b31daf84113{\nvertical-align:top;\nheight:15px;\nmin-height:15px;\npadding:0px 0px 0px 0px;\nbackground-color:#92bb46;\n}\n<\/style>\n<div class='flex_cell av_one_fourth av-5xywzd-bac27cb79c913beea1b03b31daf84113 no_margin  avia-builder-el-2  el_after_av_cell_one_fourth  el_before_av_cell_one_fourth  av-zero-padding' ><div class='flex_cell_inner'><\/div><\/div>\n<style type=\"text\/css\" data-created_by=\"avia_inline_auto\" id=\"style-css-av-5r737d-76ba3606b231bdd0db8be7d98ca9a7e1\">\n.flex_cell.av-5r737d-76ba3606b231bdd0db8be7d98ca9a7e1{\nvertical-align:top;\nheight:15px;\nmin-height:15px;\npadding:0px 0px 0px 0px;\nbackground-color:#acd464;\n}\n<\/style>\n<div class='flex_cell av_one_fourth av-5r737d-76ba3606b231bdd0db8be7d98ca9a7e1 no_margin  avia-builder-el-3  el_after_av_cell_one_fourth  el_before_av_cell_one_fourth  av-zero-padding' ><div class='flex_cell_inner'><\/div><\/div>\n<style type=\"text\/css\" data-created_by=\"avia_inline_auto\" id=\"style-css-av-5hhp9t-00485403c80f58f5d0b8e95757091a83\">\n.flex_cell.av-5hhp9t-00485403c80f58f5d0b8e95757091a83{\nvertical-align:top;\nheight:15px;\nmin-height:15px;\npadding:0px 0px 0px 0px;\nbackground-color:#e1fbb2;\n}\n<\/style>\n<div class='flex_cell av_one_fourth av-5hhp9t-00485403c80f58f5d0b8e95757091a83 no_margin  avia-builder-el-4  el_after_av_cell_one_fourth  avia-builder-el-last  av-zero-padding' ><div class='flex_cell_inner'><\/div><\/div>\n<\/div>\n<div id='av_section_1'  class='avia-section av-5b7sk1-30664e80ad3dc91bc09e40e2ede9e0fb main_color avia-section-large avia-no-border-styling  avia-builder-el-5  el_after_av_layout_row  el_before_av_section  avia-bg-style-scroll container_wrap sidebar_right'  ><div class='container av-section-cont-open' ><div class='template-page content  av-content-small alpha units'><div class='post-entry post-entry-type-page post-entry-1652'><div class='entry-content-wrapper clearfix'>\n\n<style type=\"text\/css\" data-created_by=\"avia_inline_auto\" id=\"style-css-av-58jsjd-3485b973b7b87ca3f01d4a7fd4b22b6e\">\n#top .av-special-heading.av-58jsjd-3485b973b7b87ca3f01d4a7fd4b22b6e{\npadding-bottom:20px;\nfont-size:38px;\n}\nbody .av-special-heading.av-58jsjd-3485b973b7b87ca3f01d4a7fd4b22b6e .av-special-heading-tag .heading-char{\nfont-size:25px;\n}\n#top #wrap_all .av-special-heading.av-58jsjd-3485b973b7b87ca3f01d4a7fd4b22b6e .av-special-heading-tag{\nfont-size:38px;\n}\n.av-special-heading.av-58jsjd-3485b973b7b87ca3f01d4a7fd4b22b6e .av-subheading{\nfont-size:15px;\n}\n<\/style>\n<div  class='av-special-heading av-58jsjd-3485b973b7b87ca3f01d4a7fd4b22b6e av-special-heading-h2 blockquote classic-quote  avia-builder-el-6  el_before_av_hr  avia-builder-el-first  av-inherit-size'><h2 class='av-special-heading-tag'  itemprop=\"headline\"  >Tarag\u00fci<\/h2><div class='av-subheading av-subheading_below'><p>Tarag\u00fci-yerba mate is een van de bekendste merken van Argentini\u00eb en staat symbool voor een krachtige, consistente en wijdverspreide mate. Tarag\u00fci wordt geproduceerd door de Las Mar\u00edas-groep in de provincie Corrientes en wordt gewaardeerd om zijn betrouwbaarheid en zijn uitgesproken smaakprofiel.<\/p>\n<p>De uitgebalanceerde melange zorgt voor een intense maar toegankelijke koffie, met een uitgesproken bitterheid en een uitstekende afdronk. Tarag\u00fci is bijzonder geschikt voor dagelijks gebruik, zowel voor liefhebbers als voor regelmatige drinkers.<\/p>\n<p>Dankzij zijn industri\u00eble expertise en strenge kwaliteitscontroles garandeert Tarag\u00fci een consistente yerba mate, die trouw blijft aan de traditionele Argentijnse stijl.<\/p>\n<\/div><div class=\"special-heading-border\"><div class=\"special-heading-inner-border\"><\/div><\/div><\/div>\n\n<style type=\"text\/css\" data-created_by=\"avia_inline_auto\" id=\"style-css-av-52lmnt-6f042de9c63d9848d69928afb1634bd4\">\n#top .hr.hr-invisible.av-52lmnt-6f042de9c63d9848d69928afb1634bd4{\nheight:30px;\n}\n<\/style>\n<div  class='hr av-52lmnt-6f042de9c63d9848d69928afb1634bd4 hr-invisible  avia-builder-el-7  el_after_av_heading  avia-builder-el-last'><span class='hr-inner'><span class=\"hr-inner-style\"><\/span><\/span><\/div>\n<\/div><\/div><\/div><!-- close content main div --><\/div><\/div><div id='av_section_2'  class='avia-section av-5g7315-de1ec68fa5e52bc56347cbe04ba6a154 main_color avia-section-large avia-no-border-styling  avia-builder-el-8  el_after_av_section  avia-builder-el-last  avia-bg-style-scroll container_wrap sidebar_right'  ><div class='container av-section-cont-open' ><div class='template-page content  av-content-small alpha units'><div class='post-entry post-entry-type-page post-entry-1652'><div class='entry-content-wrapper clearfix'>\n\n<style type=\"text\/css\" data-created_by=\"avia_inline_auto\" id=\"style-css-av-3sqp0p-ab5d3b8014048ccfd19f35e6880bf643\">\n.flex_column.av-3sqp0p-ab5d3b8014048ccfd19f35e6880bf643{\nborder-radius:0px 0px 0px 0px;\n-webkit-border-radius:0px 0px 0px 0px;\n-moz-border-radius:0px 0px 0px 0px;\n}\n<\/style>\n<div class='flex_column av-3sqp0p-ab5d3b8014048ccfd19f35e6880bf643 av_one_half  avia-builder-el-9  el_before_av_one_half  avia-builder-el-first  first flex_column_div av-zero-column-padding'   ><p>\n<style type=\"text\/css\" data-created_by=\"avia_inline_auto\" id=\"style-css-av-3tp7ax-323d1d235b2f62481e12979a41829c85\">\n.avia-image-container.av-3tp7ax-323d1d235b2f62481e12979a41829c85 .av-image-caption-overlay-center{\ncolor:#ffffff;\n}\n<\/style>\n<div  class='avia-image-container av-3tp7ax-323d1d235b2f62481e12979a41829c85 av-styling- avia-align-center  avia-builder-el-10  el_before_av_heading  avia-builder-el-first'  itemprop=\"image\" itemscope=\"itemscope\" itemtype=\"https:\/\/schema.org\/ImageObject\" ><div class=\"avia-image-container-inner\"><div class=\"avia-image-overlay-wrap\"><img decoding=\"async\" class='wp-image-1656 avia-img-lazy-loading-not-1656 avia_image' src=\"https:\/\/mate-sante.com\/wp-content\/uploads\/2026\/01\/Diseno-sin-titulo-43-240x300.png\" alt='' title='Dise\u00f1o sin t\u00edtulo (43)'  height=\"300\" width=\"240\"  itemprop=\"thumbnailUrl\" srcset=\"https:\/\/mate-sante.com\/wp-content\/uploads\/2026\/01\/Diseno-sin-titulo-43-240x300.png 240w, https:\/\/mate-sante.com\/wp-content\/uploads\/2026\/01\/Diseno-sin-titulo-43-824x1030.png 824w, https:\/\/mate-sante.com\/wp-content\/uploads\/2026\/01\/Diseno-sin-titulo-43-768x960.png 768w, https:\/\/mate-sante.com\/wp-content\/uploads\/2026\/01\/Diseno-sin-titulo-43-564x705.png 564w, https:\/\/mate-sante.com\/wp-content\/uploads\/2026\/01\/Diseno-sin-titulo-43.png 1080w\" sizes=\"(max-width: 240px) 100vw, 240px\" \/><\/div><\/div><\/div><br \/>\n\n<style type=\"text\/css\" data-created_by=\"avia_inline_auto\" id=\"style-css-av-kz3zhgiw-f1c273b6a6b2e50cb9cbc3d8f9b1299a\">\n#top .av-special-heading.av-kz3zhgiw-f1c273b6a6b2e50cb9cbc3d8f9b1299a{\npadding-bottom:10px;\n}\nbody .av-special-heading.av-kz3zhgiw-f1c273b6a6b2e50cb9cbc3d8f9b1299a .av-special-heading-tag .heading-char{\nfont-size:25px;\n}\n.av-special-heading.av-kz3zhgiw-f1c273b6a6b2e50cb9cbc3d8f9b1299a .av-subheading{\nfont-size:15px;\n}\n<\/style>\n<div  class='av-special-heading av-kz3zhgiw-f1c273b6a6b2e50cb9cbc3d8f9b1299a av-special-heading-h2 blockquote classic-quote  avia-builder-el-11  el_after_av_image  el_before_av_textblock'><h2 class='av-special-heading-tag'  itemprop=\"headline\"  >Traditionele Yerba Mate Tarag\u00fci 1 kg \/ 500 g<\/h2><div class=\"special-heading-border\"><div class=\"special-heading-inner-border\"><\/div><\/div><\/div><br \/>\n<section  class='av_textblock_section av-kz3zhkqt-eb39b6f6b0426936d6ec3b686484fc15'  itemscope=\"itemscope\" itemtype=\"https:\/\/schema.org\/CreativeWork\" ><div class='avia_textblock'  itemprop=\"text\" ><p style=\"text-align: center;\" data-start=\"1977\" data-end=\"2066\"><strong data-start=\"1977\" data-end=\"1988\">Maalgraad<\/strong><br data-start=\"1988\" data-end=\"1991\" \/>Een uitgebalanceerde melange met bladeren, stukjes en poeder in een zorgvuldig afgewogen verhouding.<\/p>\n<p style=\"text-align: center;\" data-start=\"2068\" data-end=\"2118\"><strong data-start=\"2068\" data-end=\"2086\">Smaakprofiel<\/strong><br data-start=\"2086\" data-end=\"2089\" \/>Een intense, bittere en directe smaak.<\/p>\n<p style=\"text-align: center;\" data-start=\"2120\" data-end=\"2288\"><strong data-start=\"2120\" data-end=\"2149\">Kenmerken en gebruik<\/strong><br data-start=\"2149\" data-end=\"2152\" \/>Klassieke Argentijnse yerba mate.<br data-start=\"2183\" data-end=\"2186\" \/>Een stabiele en langdurige infusie.<br data-start=\"2213\" data-end=\"2216\" \/>Ideaal voor consumenten die op zoek zijn naar een krachtige mate met een constante smaak.<\/p>\n<\/div><\/section><\/p><\/div>\n<style type=\"text\/css\" data-created_by=\"avia_inline_auto\" id=\"style-css-av-4uj6n5-4033e0aa2e900a5f3b9bf77746370d4d\">\n.flex_column.av-4uj6n5-4033e0aa2e900a5f3b9bf77746370d4d{\nborder-radius:0px 0px 0px 0px;\n-webkit-border-radius:0px 0px 0px 0px;\n-moz-border-radius:0px 0px 0px 0px;\n}\n<\/style>\n<div class='flex_column av-4uj6n5-4033e0aa2e900a5f3b9bf77746370d4d av_one_half  avia-builder-el-13  el_after_av_one_half  el_before_av_hr  flex_column_div av-zero-column-padding'   ><p>\n<style type=\"text\/css\" data-created_by=\"avia_inline_auto\" id=\"style-css-av-54ggix-2da71ba89bb6fc8fe686420a7aabe0c3\">\n.avia-image-container.av-54ggix-2da71ba89bb6fc8fe686420a7aabe0c3 .av-image-caption-overlay-center{\ncolor:#ffffff;\n}\n<\/style>\n<div  class='avia-image-container av-54ggix-2da71ba89bb6fc8fe686420a7aabe0c3 av-styling- avia-align-center  avia-builder-el-14  el_before_av_heading  avia-builder-el-first'  itemprop=\"image\" itemscope=\"itemscope\" itemtype=\"https:\/\/schema.org\/ImageObject\" ><div class=\"avia-image-container-inner\"><div class=\"avia-image-overlay-wrap\"><img decoding=\"async\" class='wp-image-1653 avia-img-lazy-loading-not-1653 avia_image' src=\"https:\/\/mate-sante.com\/wp-content\/uploads\/2026\/01\/Diseno-sin-titulo-44-240x300.png\" alt='' title='Dise\u00f1o sin t\u00edtulo (44)'  height=\"300\" width=\"240\"  itemprop=\"thumbnailUrl\" srcset=\"https:\/\/mate-sante.com\/wp-content\/uploads\/2026\/01\/Diseno-sin-titulo-44-240x300.png 240w, https:\/\/mate-sante.com\/wp-content\/uploads\/2026\/01\/Diseno-sin-titulo-44-824x1030.png 824w, https:\/\/mate-sante.com\/wp-content\/uploads\/2026\/01\/Diseno-sin-titulo-44-768x960.png 768w, https:\/\/mate-sante.com\/wp-content\/uploads\/2026\/01\/Diseno-sin-titulo-44-564x705.png 564w, https:\/\/mate-sante.com\/wp-content\/uploads\/2026\/01\/Diseno-sin-titulo-44.png 1080w\" sizes=\"(max-width: 240px) 100vw, 240px\" \/><\/div><\/div><\/div><br \/>\n\n<style type=\"text\/css\" data-created_by=\"avia_inline_auto\" id=\"style-css-av-4pj90p-1c697ffb107e0288bea297eba6f27894\">\n#top .av-special-heading.av-4pj90p-1c697ffb107e0288bea297eba6f27894{\npadding-bottom:10px;\n}\nbody .av-special-heading.av-4pj90p-1c697ffb107e0288bea297eba6f27894 .av-special-heading-tag .heading-char{\nfont-size:25px;\n}\n.av-special-heading.av-4pj90p-1c697ffb107e0288bea297eba6f27894 .av-subheading{\nfont-size:15px;\n}\n<\/style>\n<div  class='av-special-heading av-4pj90p-1c697ffb107e0288bea297eba6f27894 av-special-heading-h2 blockquote classic-quote  avia-builder-el-15  el_after_av_image  el_before_av_textblock'><h2 class='av-special-heading-tag'  itemprop=\"headline\"  >Yerba Mate Tarag\u00fci in zakjes van 3 g, 20 stuks.<\/h2><div class=\"special-heading-border\"><div class=\"special-heading-inner-border\"><\/div><\/div><\/div><br \/>\n<section  class='av_textblock_section av-4mhbgh-950bf29308e2479cc1a9c44895e83366'  itemscope=\"itemscope\" itemtype=\"https:\/\/schema.org\/CreativeWork\" ><div class='avia_textblock'  itemprop=\"text\" ><p style=\"text-align: center;\" data-start=\"2755\" data-end=\"2831\"><strong data-start=\"2755\" data-end=\"2765\">Formaat<\/strong><br data-start=\"2765\" data-end=\"2768\" \/>Zakjes van 3 g per stuk, verpakt in een doos van 20 stuks.<\/p>\n<p style=\"text-align: center;\" data-start=\"2833\" data-end=\"2890\"><strong data-start=\"2833\" data-end=\"2851\">Smaakprofiel<\/strong><br data-start=\"2851\" data-end=\"2854\" \/>Trouw aan de traditionele Tarag\u00fci-smaak.<\/p>\n<p style=\"text-align: center;\" data-start=\"2892\" data-end=\"3085\"><strong data-start=\"2892\" data-end=\"2921\">Kenmerken en gebruik<\/strong><br data-start=\"2921\" data-end=\"2924\" \/>Een handig alternatief voor traditionele mate.<br data-start=\"2966\" data-end=\"2969\" \/>Ideaal om snel in een kopje te bereiden.<br data-start=\"3013\" data-end=\"3016\" \/>Geschikt voor op kantoor, op reis of voor incidenteel gebruik.<\/p>\n<h1 data-start=\"1981\" data-end=\"2030\"><\/h1>\n<h1 data-start=\"1981\" data-end=\"2030\"><\/h1>\n<\/div><\/section><\/p><\/div>\n<style type=\"text\/css\" data-created_by=\"avia_inline_auto\" id=\"style-css-av-4eapqx-1148414e36430835464de68a8d2ea9d2\">\n#top .hr.hr-invisible.av-4eapqx-1148414e36430835464de68a8d2ea9d2{\nheight:50px;\n}\n<\/style>\n<div  class='hr av-4eapqx-1148414e36430835464de68a8d2ea9d2 hr-invisible  avia-builder-el-17  el_after_av_one_half  avia-builder-el-last'><span class='hr-inner'><span class=\"hr-inner-style\"><\/span><\/span><\/div>\n<\/div><\/div><\/div><!-- close content main div --><\/div><\/div><div id='after_section_2'  class='main_color av_default_container_wrap container_wrap sidebar_right'  ><div class='container av-section-cont-open' ><div class='template-page content  av-content-small alpha units'><div class='post-entry post-entry-type-page post-entry-1652'><div class='entry-content-wrapper clearfix'><\/p>","protected":false},"excerpt":{"rendered":"","protected":false},"author":2,"featured_media":0,"parent":0,"menu_order":0,"comment_status":"closed","ping_status":"closed","template":"","meta":{"_themeisle_gutenberg_block_has_review":false,"footnotes":""},"class_list":["post-1652","page","type-page","status-publish","hentry"],"yoast_head":"<!-- This site is optimized with the Yoast SEO plugin v26.9 - https:\/\/yoast.com\/product\/yoast-seo-wordpress\/ -->\n<title>Yerba Mate Tarag\u00fci \u2013 Yerba mate argentine intense et \u00e9quilibr\u00e9e<\/title>\n<meta name=\"description\" content=\"D\u00e9couvrez la yerba mate Tarag\u00fci d\u2019Argentine. Infusion intense, go\u00fbt franc et qualit\u00e9 constante.\" \/>\n<meta name=\"robots\" content=\"index, follow, max-snippet:-1, max-image-preview:large, max-video-preview:-1\" \/>\n<link rel=\"canonical\" href=\"https:\/\/mate-sante.com\/nl\/yerba-mate-taragui\/\" \/>\n<meta property=\"og:locale\" content=\"nl_BE\" \/>\n<meta property=\"og:type\" content=\"article\" \/>\n<meta property=\"og:title\" content=\"Yerba Mate Tarag\u00fci \u2013 Yerba mate argentine intense et \u00e9quilibr\u00e9e\" \/>\n<meta property=\"og:description\" content=\"D\u00e9couvrez la yerba mate Tarag\u00fci d\u2019Argentine. Infusion intense, go\u00fbt franc et qualit\u00e9 constante.\" \/>\n<meta property=\"og:url\" content=\"https:\/\/mate-sante.com\/nl\/yerba-mate-taragui\/\" \/>\n<meta property=\"og:site_name\" content=\"Mate Sante\" \/>\n<meta property=\"article:modified_time\" content=\"2026-01-29T11:59:39+00:00\" \/>\n<meta name=\"twitter:card\" content=\"summary_large_image\" \/>\n<meta name=\"twitter:label1\" content=\"Geschatte leestijd\" \/>\n\t<meta name=\"twitter:data1\" content=\"8 minuten\" \/>\n<script type=\"application\/ld+json\" class=\"yoast-schema-graph\">{\"@context\":\"https:\/\/schema.org\",\"@graph\":[{\"@type\":\"WebPage\",\"@id\":\"https:\/\/mate-sante.com\/yerba-mate-taragui\/\",\"url\":\"https:\/\/mate-sante.com\/yerba-mate-taragui\/\",\"name\":\"Yerba Mate Tarag\u00fci \u2013 Yerba mate argentine intense et \u00e9quilibr\u00e9e\",\"isPartOf\":{\"@id\":\"https:\/\/mate-sante.com\/#website\"},\"datePublished\":\"2026-01-23T17:00:32+00:00\",\"dateModified\":\"2026-01-29T11:59:39+00:00\",\"description\":\"D\u00e9couvrez la yerba mate Tarag\u00fci d\u2019Argentine. Infusion intense, go\u00fbt franc et qualit\u00e9 constante.\",\"breadcrumb\":{\"@id\":\"https:\/\/mate-sante.com\/yerba-mate-taragui\/#breadcrumb\"},\"inLanguage\":\"nl-BE\",\"potentialAction\":[{\"@type\":\"ReadAction\",\"target\":[\"https:\/\/mate-sante.com\/yerba-mate-taragui\/\"]}]},{\"@type\":\"BreadcrumbList\",\"@id\":\"https:\/\/mate-sante.com\/yerba-mate-taragui\/#breadcrumb\",\"itemListElement\":[{\"@type\":\"ListItem\",\"position\":1,\"name\":\"Portada\",\"item\":\"https:\/\/mate-sante.com\/mate-sante-importation-et-distribution-en-belgique-de-yerba-mate-2\/\"},{\"@type\":\"ListItem\",\"position\":2,\"name\":\"Yerba Mate Baldo\"}]},{\"@type\":\"WebSite\",\"@id\":\"https:\/\/mate-sante.com\/#website\",\"url\":\"https:\/\/mate-sante.com\/\",\"name\":\"Mate Sante\",\"description\":\"Importation et distribution de \u00abyerba mate\u00bb en Belgique\",\"publisher\":{\"@id\":\"https:\/\/mate-sante.com\/#organization\"},\"potentialAction\":[{\"@type\":\"SearchAction\",\"target\":{\"@type\":\"EntryPoint\",\"urlTemplate\":\"https:\/\/mate-sante.com\/?s={search_term_string}\"},\"query-input\":{\"@type\":\"PropertyValueSpecification\",\"valueRequired\":true,\"valueName\":\"search_term_string\"}}],\"inLanguage\":\"nl-BE\"},{\"@type\":\"Organization\",\"@id\":\"https:\/\/mate-sante.com\/#organization\",\"name\":\"Mate Sante SRL\",\"url\":\"https:\/\/mate-sante.com\/\",\"logo\":{\"@type\":\"ImageObject\",\"inLanguage\":\"nl-BE\",\"@id\":\"https:\/\/mate-sante.com\/#\/schema\/logo\/image\/\",\"url\":\"https:\/\/mate-sante.com\/wp-content\/uploads\/2022\/01\/LOGO_VECTOR.png\",\"contentUrl\":\"https:\/\/mate-sante.com\/wp-content\/uploads\/2022\/01\/LOGO_VECTOR.png\",\"width\":1063,\"height\":945,\"caption\":\"Mate Sante SRL\"},\"image\":{\"@id\":\"https:\/\/mate-sante.com\/#\/schema\/logo\/image\/\"}}]}<\/script>\n<!-- \/ Yoast SEO plugin. -->","yoast_head_json":{"title":"Yerba Mate Tarag\u00fci \u2013 Yerba mate argentine intense et \u00e9quilibr\u00e9e","description":"D\u00e9couvrez la yerba mate Tarag\u00fci d\u2019Argentine. Infusion intense, go\u00fbt franc et qualit\u00e9 constante.","robots":{"index":"index","follow":"follow","max-snippet":"max-snippet:-1","max-image-preview":"max-image-preview:large","max-video-preview":"max-video-preview:-1"},"canonical":"https:\/\/mate-sante.com\/nl\/yerba-mate-taragui\/","og_locale":"nl_BE","og_type":"article","og_title":"Yerba Mate Tarag\u00fci \u2013 Yerba mate argentine intense et \u00e9quilibr\u00e9e","og_description":"D\u00e9couvrez la yerba mate Tarag\u00fci d\u2019Argentine. Infusion intense, go\u00fbt franc et qualit\u00e9 constante.","og_url":"https:\/\/mate-sante.com\/nl\/yerba-mate-taragui\/","og_site_name":"Mate Sante","article_modified_time":"2026-01-29T11:59:39+00:00","twitter_card":"summary_large_image","twitter_misc":{"Geschatte leestijd":"8 minuten"},"schema":{"@context":"https:\/\/schema.org","@graph":[{"@type":"WebPage","@id":"https:\/\/mate-sante.com\/yerba-mate-taragui\/","url":"https:\/\/mate-sante.com\/yerba-mate-taragui\/","name":"Yerba Mate Tarag\u00fci \u2013 Yerba mate argentine intense et \u00e9quilibr\u00e9e","isPartOf":{"@id":"https:\/\/mate-sante.com\/#website"},"datePublished":"2026-01-23T17:00:32+00:00","dateModified":"2026-01-29T11:59:39+00:00","description":"D\u00e9couvrez la yerba mate Tarag\u00fci d\u2019Argentine. Infusion intense, go\u00fbt franc et qualit\u00e9 constante.","breadcrumb":{"@id":"https:\/\/mate-sante.com\/yerba-mate-taragui\/#breadcrumb"},"inLanguage":"nl-BE","potentialAction":[{"@type":"ReadAction","target":["https:\/\/mate-sante.com\/yerba-mate-taragui\/"]}]},{"@type":"BreadcrumbList","@id":"https:\/\/mate-sante.com\/yerba-mate-taragui\/#breadcrumb","itemListElement":[{"@type":"ListItem","position":1,"name":"Portada","item":"https:\/\/mate-sante.com\/mate-sante-importation-et-distribution-en-belgique-de-yerba-mate-2\/"},{"@type":"ListItem","position":2,"name":"Yerba Mate Baldo"}]},{"@type":"WebSite","@id":"https:\/\/mate-sante.com\/#website","url":"https:\/\/mate-sante.com\/","name":"Mate Sante","description":"Importation et distribution de \u00abyerba mate\u00bb en Belgique","publisher":{"@id":"https:\/\/mate-sante.com\/#organization"},"potentialAction":[{"@type":"SearchAction","target":{"@type":"EntryPoint","urlTemplate":"https:\/\/mate-sante.com\/?s={search_term_string}"},"query-input":{"@type":"PropertyValueSpecification","valueRequired":true,"valueName":"search_term_string"}}],"inLanguage":"nl-BE"},{"@type":"Organization","@id":"https:\/\/mate-sante.com\/#organization","name":"Mate Sante SRL","url":"https:\/\/mate-sante.com\/","logo":{"@type":"ImageObject","inLanguage":"nl-BE","@id":"https:\/\/mate-sante.com\/#\/schema\/logo\/image\/","url":"https:\/\/mate-sante.com\/wp-content\/uploads\/2022\/01\/LOGO_VECTOR.png","contentUrl":"https:\/\/mate-sante.com\/wp-content\/uploads\/2022\/01\/LOGO_VECTOR.png","width":1063,"height":945,"caption":"Mate Sante SRL"},"image":{"@id":"https:\/\/mate-sante.com\/#\/schema\/logo\/image\/"}}]}},"_links":{"self":[{"href":"https:\/\/mate-sante.com\/nl\/wp-json\/wp\/v2\/pages\/1652","targetHints":{"allow":["GET"]}}],"collection":[{"href":"https:\/\/mate-sante.com\/nl\/wp-json\/wp\/v2\/pages"}],"about":[{"href":"https:\/\/mate-sante.com\/nl\/wp-json\/wp\/v2\/types\/page"}],"author":[{"embeddable":true,"href":"https:\/\/mate-sante.com\/nl\/wp-json\/wp\/v2\/users\/2"}],"replies":[{"embeddable":true,"href":"https:\/\/mate-sante.com\/nl\/wp-json\/wp\/v2\/comments?post=1652"}],"version-history":[{"count":4,"href":"https:\/\/mate-sante.com\/nl\/wp-json\/wp\/v2\/pages\/1652\/revisions"}],"predecessor-version":[{"id":2202,"href":"https:\/\/mate-sante.com\/nl\/wp-json\/wp\/v2\/pages\/1652\/revisions\/2202"}],"wp:attachment":[{"href":"https:\/\/mate-sante.com\/nl\/wp-json\/wp\/v2\/media?parent=1652"}],"curies":[{"name":"wp","href":"https:\/\/api.w.org\/{rel}","templated":true}]}}