{"id":1673,"date":"2026-01-23T18:27:32","date_gmt":"2026-01-23T17:27:32","guid":{"rendered":"https:\/\/mate-sante.com\/?page_id=1673"},"modified":"2026-01-29T12:48:54","modified_gmt":"2026-01-29T11:48:54","slug":"yerba-mate-la-merced","status":"publish","type":"page","link":"https:\/\/mate-sante.com\/nl\/yerba-mate-la-merced\/","title":{"rendered":"La Merced"},"content":{"rendered":"<div id='welcome'  class='av-layout-grid-container av-672rg9-24b1330b891b03e562a71c0f0e49ff64 entry-content-wrapper main_color av-fixed-cells  avia-builder-el-0  el_before_av_section  avia-builder-el-first   container_wrap sidebar_right'  >\n\n<style type=\"text\/css\" data-created_by=\"avia_inline_auto\" id=\"style-css-av-63xogp-2137dc690919066ddd89559991dbba6b\">\n.flex_cell.av-63xogp-2137dc690919066ddd89559991dbba6b{\nvertical-align:top;\nheight:15px;\nmin-height:15px;\npadding:0px 0px 0px 0px;\nbackground-color:#719430;\n}\n<\/style>\n<div class='flex_cell av_one_fourth av-63xogp-2137dc690919066ddd89559991dbba6b no_margin  avia-builder-el-1  el_before_av_cell_one_fourth  avia-builder-el-first  av-zero-padding' ><div class='flex_cell_inner'><\/div><\/div>\n<style type=\"text\/css\" data-created_by=\"avia_inline_auto\" id=\"style-css-av-5xywzd-bac27cb79c913beea1b03b31daf84113\">\n.flex_cell.av-5xywzd-bac27cb79c913beea1b03b31daf84113{\nvertical-align:top;\nheight:15px;\nmin-height:15px;\npadding:0px 0px 0px 0px;\nbackground-color:#92bb46;\n}\n<\/style>\n<div class='flex_cell av_one_fourth av-5xywzd-bac27cb79c913beea1b03b31daf84113 no_margin  avia-builder-el-2  el_after_av_cell_one_fourth  el_before_av_cell_one_fourth  av-zero-padding' ><div class='flex_cell_inner'><\/div><\/div>\n<style type=\"text\/css\" data-created_by=\"avia_inline_auto\" id=\"style-css-av-5r737d-76ba3606b231bdd0db8be7d98ca9a7e1\">\n.flex_cell.av-5r737d-76ba3606b231bdd0db8be7d98ca9a7e1{\nvertical-align:top;\nheight:15px;\nmin-height:15px;\npadding:0px 0px 0px 0px;\nbackground-color:#acd464;\n}\n<\/style>\n<div class='flex_cell av_one_fourth av-5r737d-76ba3606b231bdd0db8be7d98ca9a7e1 no_margin  avia-builder-el-3  el_after_av_cell_one_fourth  el_before_av_cell_one_fourth  av-zero-padding' ><div class='flex_cell_inner'><\/div><\/div>\n<style type=\"text\/css\" data-created_by=\"avia_inline_auto\" id=\"style-css-av-5hhp9t-00485403c80f58f5d0b8e95757091a83\">\n.flex_cell.av-5hhp9t-00485403c80f58f5d0b8e95757091a83{\nvertical-align:top;\nheight:15px;\nmin-height:15px;\npadding:0px 0px 0px 0px;\nbackground-color:#e1fbb2;\n}\n<\/style>\n<div class='flex_cell av_one_fourth av-5hhp9t-00485403c80f58f5d0b8e95757091a83 no_margin  avia-builder-el-4  el_after_av_cell_one_fourth  avia-builder-el-last  av-zero-padding' ><div class='flex_cell_inner'><\/div><\/div>\n<\/div>\n<div id='av_section_1'  class='avia-section av-5b7sk1-30664e80ad3dc91bc09e40e2ede9e0fb main_color avia-section-large avia-no-border-styling  avia-builder-el-5  el_after_av_layout_row  el_before_av_section  avia-bg-style-scroll container_wrap sidebar_right'  ><div class='container av-section-cont-open' ><div class='template-page content  av-content-small alpha units'><div class='post-entry post-entry-type-page post-entry-1673'><div class='entry-content-wrapper clearfix'>\n\n<style type=\"text\/css\" data-created_by=\"avia_inline_auto\" id=\"style-css-av-58jsjd-bb63150b30e2b56b9b5f2b566d4d6ea0\">\n#top .av-special-heading.av-58jsjd-bb63150b30e2b56b9b5f2b566d4d6ea0{\npadding-bottom:20px;\nfont-size:35px;\n}\nbody .av-special-heading.av-58jsjd-bb63150b30e2b56b9b5f2b566d4d6ea0 .av-special-heading-tag .heading-char{\nfont-size:25px;\n}\n#top #wrap_all .av-special-heading.av-58jsjd-bb63150b30e2b56b9b5f2b566d4d6ea0 .av-special-heading-tag{\nfont-size:35px;\n}\n.av-special-heading.av-58jsjd-bb63150b30e2b56b9b5f2b566d4d6ea0 .av-subheading{\nfont-size:15px;\n}\n<\/style>\n<div  class='av-special-heading av-58jsjd-bb63150b30e2b56b9b5f2b566d4d6ea0 av-special-heading-h2 blockquote classic-quote  avia-builder-el-6  el_before_av_hr  avia-builder-el-first  av-inherit-size'><h2 class='av-special-heading-tag'  itemprop=\"headline\"  >La Merced<\/h2><div class='av-subheading av-subheading_below'><p>La yerba mate La Merced est une marque premium d\u2019Argentine, reconnue pour sa s\u00e9lection rigoureuse des feuilles et son travail d\u2019assemblage pr\u00e9cis, inspir\u00e9 du savoir-faire traditionnel des ma\u00eetres yerbateros.<\/p>\n<p>Chaque vari\u00e9t\u00e9 La Merced met en valeur un terroir sp\u00e9cifique, offrant des profils aromatiques distincts et raffin\u00e9s. La marque s\u2019adresse aux consommateurs exigeants, \u00e0 la recherche d\u2019un mat\u00e9 \u00e9quilibr\u00e9, \u00e9l\u00e9gant et de grande qualit\u00e9.<\/p>\n<p>La Merced incarne une approche artisanale et premium du mat\u00e9, respectueuse de l\u2019origine et du go\u00fbt.<\/p>\n<\/div><div class=\"special-heading-border\"><div class=\"special-heading-inner-border\"><\/div><\/div><\/div>\n\n<style type=\"text\/css\" data-created_by=\"avia_inline_auto\" id=\"style-css-av-52lmnt-6f042de9c63d9848d69928afb1634bd4\">\n#top .hr.hr-invisible.av-52lmnt-6f042de9c63d9848d69928afb1634bd4{\nheight:30px;\n}\n<\/style>\n<div  class='hr av-52lmnt-6f042de9c63d9848d69928afb1634bd4 hr-invisible  avia-builder-el-7  el_after_av_heading  avia-builder-el-last '><span class='hr-inner '><span class=\"hr-inner-style\"><\/span><\/span><\/div>\n<\/div><\/div><\/div><!-- close content main div --><\/div><\/div><div id='av_section_2'  class='avia-section av-5g7315-de1ec68fa5e52bc56347cbe04ba6a154 main_color avia-section-large avia-no-border-styling  avia-builder-el-8  el_after_av_section  avia-builder-el-last  avia-bg-style-scroll container_wrap sidebar_right'  ><div class='container av-section-cont-open' ><div class='template-page content  av-content-small alpha units'><div class='post-entry post-entry-type-page post-entry-1673'><div class='entry-content-wrapper clearfix'>\n<div class='flex_column_table av-mkq65tud-3d7a596a9235c97abc94681fd7c81c5c sc-av_one_half av-equal-height-column-flextable'>\n<style type=\"text\/css\" data-created_by=\"avia_inline_auto\" id=\"style-css-av-mkq65tud-3d7a596a9235c97abc94681fd7c81c5c\">\n.flex_column.av-mkq65tud-3d7a596a9235c97abc94681fd7c81c5c{\nborder-radius:0px 0px 0px 0px;\n-webkit-border-radius:0px 0px 0px 0px;\n-moz-border-radius:0px 0px 0px 0px;\n}\n<\/style>\n<div class='flex_column av-mkq65tud-3d7a596a9235c97abc94681fd7c81c5c av_one_half  avia-builder-el-9  el_before_av_hr  avia-builder-el-first  first flex_column_table_cell av-equal-height-column av-align-middle av-zero-column-padding '   ><p>\n<style type=\"text\/css\" data-created_by=\"avia_inline_auto\" id=\"style-css-av-mkq67lmk-f2dbb90632078aa28431acc066f40870\">\n.avia-image-container.av-mkq67lmk-f2dbb90632078aa28431acc066f40870 .av-image-caption-overlay-center{\ncolor:#ffffff;\n}\n<\/style>\n<div  class='avia-image-container av-mkq67lmk-f2dbb90632078aa28431acc066f40870 av-styling- avia-align-center  avia-builder-el-10  el_before_av_heading  avia-builder-el-first '  itemprop=\"image\" itemscope=\"itemscope\" itemtype=\"https:\/\/schema.org\/ImageObject\" ><div class=\"avia-image-container-inner\"><div class=\"avia-image-overlay-wrap\"><img decoding=\"async\" class='wp-image-1662 avia-img-lazy-loading-not-1662 avia_image' src=\"https:\/\/mate-sante.com\/wp-content\/uploads\/2026\/01\/Diseno-sin-titulo-48-240x300.png\" alt='' title='Dise\u00f1o sin t\u00edtulo (48)'  height=\"300\" width=\"240\"  itemprop=\"thumbnailUrl\" srcset=\"https:\/\/mate-sante.com\/wp-content\/uploads\/2026\/01\/Diseno-sin-titulo-48-240x300.png 240w, https:\/\/mate-sante.com\/wp-content\/uploads\/2026\/01\/Diseno-sin-titulo-48-824x1030.png 824w, https:\/\/mate-sante.com\/wp-content\/uploads\/2026\/01\/Diseno-sin-titulo-48-768x960.png 768w, https:\/\/mate-sante.com\/wp-content\/uploads\/2026\/01\/Diseno-sin-titulo-48-564x705.png 564w, https:\/\/mate-sante.com\/wp-content\/uploads\/2026\/01\/Diseno-sin-titulo-48.png 1080w\" sizes=\"(max-width: 240px) 100vw, 240px\" \/><\/div><\/div><\/div><br \/>\n\n<style type=\"text\/css\" data-created_by=\"avia_inline_auto\" id=\"style-css-av-mkq66kb0-e30fe53d1be1ebebc2ebc515b9ddfa0c\">\n#top .av-special-heading.av-mkq66kb0-e30fe53d1be1ebebc2ebc515b9ddfa0c{\npadding-bottom:10px;\n}\nbody .av-special-heading.av-mkq66kb0-e30fe53d1be1ebebc2ebc515b9ddfa0c .av-special-heading-tag .heading-char{\nfont-size:25px;\n}\n.av-special-heading.av-mkq66kb0-e30fe53d1be1ebebc2ebc515b9ddfa0c .av-subheading{\nfont-size:15px;\n}\n<\/style>\n<div  class='av-special-heading av-mkq66kb0-e30fe53d1be1ebebc2ebc515b9ddfa0c av-special-heading-h2 blockquote classic-quote  avia-builder-el-11  el_after_av_image  el_before_av_textblock '><h2 class='av-special-heading-tag'  itemprop=\"headline\"  >Yerba Mate La Merced Campo Sur 500g<\/h2><div class=\"special-heading-border\"><div class=\"special-heading-inner-border\"><\/div><\/div><\/div><br \/>\n<section  class='av_textblock_section av-mkq671nc-53ec412189deae48658ae092e7a7d165'  itemscope=\"itemscope\" itemtype=\"https:\/\/schema.org\/CreativeWork\" ><div class='avia_textblock'  itemprop=\"text\" ><div class=\"relative basis-auto flex-col -mb-(--composer-overlap-px) &#091;--composer-overlap-px:28px&#093; grow flex\">\n<div class=\"flex flex-col text-sm pb-25\">\n<article class=\"text-token-text-primary w-full focus:outline-none &#091;--shadow-height:45px&#093; has-data-writing-block:pointer-events-none has-data-writing-block:-mt-(--shadow-height) has-data-writing-block:pt-(--shadow-height) &#091;&#038;:has(&#091;data-writing-block&#093;)>*]:pointer-events-auto scroll-mt-[calc(var(&#8211;header-height)+min(200px,max(70px,20svh)))]\u00a0\u00bb dir=\u00a0\u00bbauto\u00a0\u00bb tabindex=\u00a0\u00bb-1&Prime; data-turn-id=\u00a0\u00bbrequest-696f53e5-f72c-8329-bc2b-51179a38240b-3&Prime; data-testid=\u00a0\u00bbconversation-turn-94&Prime; data-scroll-anchor=\u00a0\u00bbtrue\u00a0\u00bb data-turn=\u00a0\u00bbassistant\u00a0\u00bb><\/p>\n<div class=\"text-base my-auto mx-auto pb-10 &#091;--thread-content-margin:--spacing(4)&#093; @w-sm\/main:&#091;--thread-content-margin:--spacing(6)&#093; @w-lg\/main:&#091;--thread-content-margin:--spacing(16)&#093; px-(--thread-content-margin)\">\n<div class=\"&#091;--thread-content-max-width:40rem&#093; @w-lg\/main:&#091;--thread-content-max-width:48rem&#093; mx-auto max-w-(--thread-content-max-width) flex-1 group\/turn-messages focus-visible:outline-hidden relative flex w-full min-w-0 flex-col agent-turn\" tabindex=\"-1\">\n<div class=\"flex max-w-full flex-col grow\">\n<div class=\"min-h-8 text-message relative flex w-full flex-col items-end gap-2 text-start break-words whitespace-normal &#091;.text-message+&#038;&#093;:mt-1\" dir=\"auto\" data-message-author-role=\"assistant\" data-message-id=\"cddb2024-d2ec-431c-80a6-18a0305464af\" data-message-model-slug=\"gpt-5-2\">\n<div class=\"flex w-full flex-col gap-1 empty:hidden first:pt-&#091;1px&#093;\">\n<div class=\"markdown prose dark:prose-invert w-full wrap-break-word light markdown-new-styling\">\n<p style=\"text-align: center;\" data-start=\"1803\" data-end=\"1901\"><strong data-start=\"1803\" data-end=\"1814\">Mouture<\/strong><br data-start=\"1814\" data-end=\"1817\" \/>Mouture \u00e9quilibr\u00e9e avec feuilles s\u00e9lectionn\u00e9es et b\u00e2tons, faible pr\u00e9sence de poudre.<\/p>\n<p style=\"text-align: center;\" data-start=\"1903\" data-end=\"1959\"><strong data-start=\"1903\" data-end=\"1921\">Profil de go\u00fbt<\/strong><br data-start=\"1921\" data-end=\"1924\" \/>Saveur douce, herbac\u00e9e et \u00e9l\u00e9gante.<\/p>\n<p style=\"text-align: center;\" data-start=\"1961\" data-end=\"2153\"><strong data-start=\"1961\" data-end=\"1990\">Caract\u00e9ristiques et usage<\/strong><br data-start=\"1990\" data-end=\"1993\" \/>Yerba mate issue d\u2019un terroir sp\u00e9cifique du sud de l\u2019Argentine.<br data-start=\"2056\" data-end=\"2059\" \/>Infusion raffin\u00e9e, stable et agr\u00e9able.<br data-start=\"2097\" data-end=\"2100\" \/>Id\u00e9ale pour les amateurs de mat\u00e9 doux et sophistiqu\u00e9.<\/p>\n<\/div>\n<\/div>\n<\/div>\n<\/div>\n<\/div>\n<\/div>\n<\/article>\n<\/div>\n<\/div>\n<h1 data-start=\"1981\" data-end=\"2030\"><\/h1>\n<h1 data-start=\"1981\" data-end=\"2030\"><\/h1>\n<\/div><\/section><\/p><\/div><\/div><!--close column table wrapper. Autoclose: 1 -->\n<style type=\"text\/css\" data-created_by=\"avia_inline_auto\" id=\"style-css-av-4eapqx-1148414e36430835464de68a8d2ea9d2\">\n#top .hr.hr-invisible.av-4eapqx-1148414e36430835464de68a8d2ea9d2{\nheight:50px;\n}\n<\/style>\n<div  class='hr av-4eapqx-1148414e36430835464de68a8d2ea9d2 hr-invisible  avia-builder-el-13  el_after_av_one_half  avia-builder-el-last '><span class='hr-inner '><span class=\"hr-inner-style\"><\/span><\/span><\/div>\n<\/div><\/div><\/div><!-- close content main div --><\/div><\/div><div id='after_section_2'  class='main_color av_default_container_wrap container_wrap sidebar_right'  ><div class='container av-section-cont-open' ><div class='template-page content  av-content-small alpha units'><div class='post-entry post-entry-type-page post-entry-1673'><div class='entry-content-wrapper clearfix'><\/p>\n","protected":false},"excerpt":{"rendered":"","protected":false},"author":2,"featured_media":0,"parent":0,"menu_order":0,"comment_status":"closed","ping_status":"closed","template":"","meta":{"_themeisle_gutenberg_block_has_review":false,"footnotes":""},"class_list":["post-1673","page","type-page","status-publish","hentry"],"yoast_head":"<!-- This site is optimized with the Yoast SEO plugin v26.9 - https:\/\/yoast.com\/product\/yoast-seo-wordpress\/ -->\n<title>Yerba Mate La Merced \u2013 Yerba mate argentine premium et raffin\u00e9e<\/title>\n<meta name=\"description\" content=\"D\u00e9couvrez la yerba mate La Merced d\u2019Argentine. S\u00e9lection premium, terroirs distincts et mat\u00e9 raffin\u00e9.\" \/>\n<meta name=\"robots\" content=\"index, follow, max-snippet:-1, max-image-preview:large, max-video-preview:-1\" \/>\n<link rel=\"canonical\" href=\"https:\/\/mate-sante.com\/nl\/yerba-mate-la-merced\/\" \/>\n<meta property=\"og:locale\" content=\"nl_BE\" \/>\n<meta property=\"og:type\" content=\"article\" \/>\n<meta property=\"og:title\" content=\"Yerba Mate La Merced \u2013 Yerba mate argentine premium et raffin\u00e9e\" \/>\n<meta property=\"og:description\" content=\"D\u00e9couvrez la yerba mate La Merced d\u2019Argentine. S\u00e9lection premium, terroirs distincts et mat\u00e9 raffin\u00e9.\" \/>\n<meta property=\"og:url\" content=\"https:\/\/mate-sante.com\/nl\/yerba-mate-la-merced\/\" \/>\n<meta property=\"og:site_name\" content=\"Mate Sante\" \/>\n<meta property=\"article:modified_time\" content=\"2026-01-29T11:48:54+00:00\" \/>\n<meta name=\"twitter:card\" content=\"summary_large_image\" \/>\n<meta name=\"twitter:label1\" content=\"Geschatte leestijd\" \/>\n\t<meta name=\"twitter:data1\" content=\"7 minuten\" \/>\n<script type=\"application\/ld+json\" class=\"yoast-schema-graph\">{\"@context\":\"https:\/\/schema.org\",\"@graph\":[{\"@type\":\"WebPage\",\"@id\":\"https:\/\/mate-sante.com\/yerba-mate-la-merced\/\",\"url\":\"https:\/\/mate-sante.com\/yerba-mate-la-merced\/\",\"name\":\"Yerba Mate La Merced \u2013 Yerba mate argentine premium et raffin\u00e9e\",\"isPartOf\":{\"@id\":\"https:\/\/mate-sante.com\/#website\"},\"datePublished\":\"2026-01-23T17:27:32+00:00\",\"dateModified\":\"2026-01-29T11:48:54+00:00\",\"description\":\"D\u00e9couvrez la yerba mate La Merced d\u2019Argentine. S\u00e9lection premium, terroirs distincts et mat\u00e9 raffin\u00e9.\",\"breadcrumb\":{\"@id\":\"https:\/\/mate-sante.com\/yerba-mate-la-merced\/#breadcrumb\"},\"inLanguage\":\"nl-BE\",\"potentialAction\":[{\"@type\":\"ReadAction\",\"target\":[\"https:\/\/mate-sante.com\/yerba-mate-la-merced\/\"]}]},{\"@type\":\"BreadcrumbList\",\"@id\":\"https:\/\/mate-sante.com\/yerba-mate-la-merced\/#breadcrumb\",\"itemListElement\":[{\"@type\":\"ListItem\",\"position\":1,\"name\":\"Portada\",\"item\":\"https:\/\/mate-sante.com\/mate-sante-importation-et-distribution-en-belgique-de-yerba-mate-2\/\"},{\"@type\":\"ListItem\",\"position\":2,\"name\":\"Yerba Mate Baldo\"}]},{\"@type\":\"WebSite\",\"@id\":\"https:\/\/mate-sante.com\/#website\",\"url\":\"https:\/\/mate-sante.com\/\",\"name\":\"Mate Sante\",\"description\":\"Importation et distribution de \u00abyerba mate\u00bb en Belgique\",\"publisher\":{\"@id\":\"https:\/\/mate-sante.com\/#organization\"},\"potentialAction\":[{\"@type\":\"SearchAction\",\"target\":{\"@type\":\"EntryPoint\",\"urlTemplate\":\"https:\/\/mate-sante.com\/?s={search_term_string}\"},\"query-input\":{\"@type\":\"PropertyValueSpecification\",\"valueRequired\":true,\"valueName\":\"search_term_string\"}}],\"inLanguage\":\"nl-BE\"},{\"@type\":\"Organization\",\"@id\":\"https:\/\/mate-sante.com\/#organization\",\"name\":\"Mate Sante SRL\",\"url\":\"https:\/\/mate-sante.com\/\",\"logo\":{\"@type\":\"ImageObject\",\"inLanguage\":\"nl-BE\",\"@id\":\"https:\/\/mate-sante.com\/#\/schema\/logo\/image\/\",\"url\":\"https:\/\/mate-sante.com\/wp-content\/uploads\/2022\/01\/LOGO_VECTOR.png\",\"contentUrl\":\"https:\/\/mate-sante.com\/wp-content\/uploads\/2022\/01\/LOGO_VECTOR.png\",\"width\":1063,\"height\":945,\"caption\":\"Mate Sante SRL\"},\"image\":{\"@id\":\"https:\/\/mate-sante.com\/#\/schema\/logo\/image\/\"}}]}<\/script>\n<!-- \/ Yoast SEO plugin. -->","yoast_head_json":{"title":"Yerba Mate La Merced \u2013 Yerba mate argentine premium et raffin\u00e9e","description":"D\u00e9couvrez la yerba mate La Merced d\u2019Argentine. S\u00e9lection premium, terroirs distincts et mat\u00e9 raffin\u00e9.","robots":{"index":"index","follow":"follow","max-snippet":"max-snippet:-1","max-image-preview":"max-image-preview:large","max-video-preview":"max-video-preview:-1"},"canonical":"https:\/\/mate-sante.com\/nl\/yerba-mate-la-merced\/","og_locale":"nl_BE","og_type":"article","og_title":"Yerba Mate La Merced \u2013 Yerba mate argentine premium et raffin\u00e9e","og_description":"D\u00e9couvrez la yerba mate La Merced d\u2019Argentine. S\u00e9lection premium, terroirs distincts et mat\u00e9 raffin\u00e9.","og_url":"https:\/\/mate-sante.com\/nl\/yerba-mate-la-merced\/","og_site_name":"Mate Sante","article_modified_time":"2026-01-29T11:48:54+00:00","twitter_card":"summary_large_image","twitter_misc":{"Geschatte leestijd":"7 minuten"},"schema":{"@context":"https:\/\/schema.org","@graph":[{"@type":"WebPage","@id":"https:\/\/mate-sante.com\/yerba-mate-la-merced\/","url":"https:\/\/mate-sante.com\/yerba-mate-la-merced\/","name":"Yerba Mate La Merced \u2013 Yerba mate argentine premium et raffin\u00e9e","isPartOf":{"@id":"https:\/\/mate-sante.com\/#website"},"datePublished":"2026-01-23T17:27:32+00:00","dateModified":"2026-01-29T11:48:54+00:00","description":"D\u00e9couvrez la yerba mate La Merced d\u2019Argentine. S\u00e9lection premium, terroirs distincts et mat\u00e9 raffin\u00e9.","breadcrumb":{"@id":"https:\/\/mate-sante.com\/yerba-mate-la-merced\/#breadcrumb"},"inLanguage":"nl-BE","potentialAction":[{"@type":"ReadAction","target":["https:\/\/mate-sante.com\/yerba-mate-la-merced\/"]}]},{"@type":"BreadcrumbList","@id":"https:\/\/mate-sante.com\/yerba-mate-la-merced\/#breadcrumb","itemListElement":[{"@type":"ListItem","position":1,"name":"Portada","item":"https:\/\/mate-sante.com\/mate-sante-importation-et-distribution-en-belgique-de-yerba-mate-2\/"},{"@type":"ListItem","position":2,"name":"Yerba Mate Baldo"}]},{"@type":"WebSite","@id":"https:\/\/mate-sante.com\/#website","url":"https:\/\/mate-sante.com\/","name":"Mate Sante","description":"Importation et distribution de \u00abyerba mate\u00bb en Belgique","publisher":{"@id":"https:\/\/mate-sante.com\/#organization"},"potentialAction":[{"@type":"SearchAction","target":{"@type":"EntryPoint","urlTemplate":"https:\/\/mate-sante.com\/?s={search_term_string}"},"query-input":{"@type":"PropertyValueSpecification","valueRequired":true,"valueName":"search_term_string"}}],"inLanguage":"nl-BE"},{"@type":"Organization","@id":"https:\/\/mate-sante.com\/#organization","name":"Mate Sante SRL","url":"https:\/\/mate-sante.com\/","logo":{"@type":"ImageObject","inLanguage":"nl-BE","@id":"https:\/\/mate-sante.com\/#\/schema\/logo\/image\/","url":"https:\/\/mate-sante.com\/wp-content\/uploads\/2022\/01\/LOGO_VECTOR.png","contentUrl":"https:\/\/mate-sante.com\/wp-content\/uploads\/2022\/01\/LOGO_VECTOR.png","width":1063,"height":945,"caption":"Mate Sante SRL"},"image":{"@id":"https:\/\/mate-sante.com\/#\/schema\/logo\/image\/"}}]}},"_links":{"self":[{"href":"https:\/\/mate-sante.com\/nl\/wp-json\/wp\/v2\/pages\/1673","targetHints":{"allow":["GET"]}}],"collection":[{"href":"https:\/\/mate-sante.com\/nl\/wp-json\/wp\/v2\/pages"}],"about":[{"href":"https:\/\/mate-sante.com\/nl\/wp-json\/wp\/v2\/types\/page"}],"author":[{"embeddable":true,"href":"https:\/\/mate-sante.com\/nl\/wp-json\/wp\/v2\/users\/2"}],"replies":[{"embeddable":true,"href":"https:\/\/mate-sante.com\/nl\/wp-json\/wp\/v2\/comments?post=1673"}],"version-history":[{"count":3,"href":"https:\/\/mate-sante.com\/nl\/wp-json\/wp\/v2\/pages\/1673\/revisions"}],"predecessor-version":[{"id":2194,"href":"https:\/\/mate-sante.com\/nl\/wp-json\/wp\/v2\/pages\/1673\/revisions\/2194"}],"wp:attachment":[{"href":"https:\/\/mate-sante.com\/nl\/wp-json\/wp\/v2\/media?parent=1673"}],"curies":[{"name":"wp","href":"https:\/\/api.w.org\/{rel}","templated":true}]}}