{"id":1677,"date":"2026-01-23T18:39:40","date_gmt":"2026-01-23T17:39:40","guid":{"rendered":"https:\/\/mate-sante.com\/?page_id=1677"},"modified":"2026-01-29T13:00:28","modified_gmt":"2026-01-29T12:00:28","slug":"yerba-mate-union","status":"publish","type":"page","link":"https:\/\/mate-sante.com\/nl\/yerba-mate-union\/","title":{"rendered":"Uni\u00f3n"},"content":{"rendered":"<div id='welcome'  class='av-layout-grid-container av-672rg9-24b1330b891b03e562a71c0f0e49ff64 entry-content-wrapper main_color av-fixed-cells  avia-builder-el-0  el_before_av_section  avia-builder-el-first   container_wrap sidebar_right'  >\n\n<style type=\"text\/css\" data-created_by=\"avia_inline_auto\" id=\"style-css-av-63xogp-2137dc690919066ddd89559991dbba6b\">\n.flex_cell.av-63xogp-2137dc690919066ddd89559991dbba6b{\nvertical-align:top;\nheight:15px;\nmin-height:15px;\npadding:0px 0px 0px 0px;\nbackground-color:#719430;\n}\n<\/style>\n<div class='flex_cell av_one_fourth av-63xogp-2137dc690919066ddd89559991dbba6b no_margin  avia-builder-el-1  el_before_av_cell_one_fourth  avia-builder-el-first  av-zero-padding' ><div class='flex_cell_inner'><\/div><\/div>\n<style type=\"text\/css\" data-created_by=\"avia_inline_auto\" id=\"style-css-av-5xywzd-bac27cb79c913beea1b03b31daf84113\">\n.flex_cell.av-5xywzd-bac27cb79c913beea1b03b31daf84113{\nvertical-align:top;\nheight:15px;\nmin-height:15px;\npadding:0px 0px 0px 0px;\nbackground-color:#92bb46;\n}\n<\/style>\n<div class='flex_cell av_one_fourth av-5xywzd-bac27cb79c913beea1b03b31daf84113 no_margin  avia-builder-el-2  el_after_av_cell_one_fourth  el_before_av_cell_one_fourth  av-zero-padding' ><div class='flex_cell_inner'><\/div><\/div>\n<style type=\"text\/css\" data-created_by=\"avia_inline_auto\" id=\"style-css-av-5r737d-76ba3606b231bdd0db8be7d98ca9a7e1\">\n.flex_cell.av-5r737d-76ba3606b231bdd0db8be7d98ca9a7e1{\nvertical-align:top;\nheight:15px;\nmin-height:15px;\npadding:0px 0px 0px 0px;\nbackground-color:#acd464;\n}\n<\/style>\n<div class='flex_cell av_one_fourth av-5r737d-76ba3606b231bdd0db8be7d98ca9a7e1 no_margin  avia-builder-el-3  el_after_av_cell_one_fourth  el_before_av_cell_one_fourth  av-zero-padding' ><div class='flex_cell_inner'><\/div><\/div>\n<style type=\"text\/css\" data-created_by=\"avia_inline_auto\" id=\"style-css-av-5hhp9t-00485403c80f58f5d0b8e95757091a83\">\n.flex_cell.av-5hhp9t-00485403c80f58f5d0b8e95757091a83{\nvertical-align:top;\nheight:15px;\nmin-height:15px;\npadding:0px 0px 0px 0px;\nbackground-color:#e1fbb2;\n}\n<\/style>\n<div class='flex_cell av_one_fourth av-5hhp9t-00485403c80f58f5d0b8e95757091a83 no_margin  avia-builder-el-4  el_after_av_cell_one_fourth  avia-builder-el-last  av-zero-padding' ><div class='flex_cell_inner'><\/div><\/div>\n<\/div>\n<div id='av_section_1'  class='avia-section av-5b7sk1-30664e80ad3dc91bc09e40e2ede9e0fb main_color avia-section-large avia-no-border-styling  avia-builder-el-5  el_after_av_layout_row  el_before_av_section  avia-bg-style-scroll container_wrap sidebar_right'  ><div class='container av-section-cont-open' ><div class='template-page content  av-content-small alpha units'><div class='post-entry post-entry-type-page post-entry-1677'><div class='entry-content-wrapper clearfix'>\n\n<style type=\"text\/css\" data-created_by=\"avia_inline_auto\" id=\"style-css-av-58jsjd-c06c3382170ba67eebbf11558aec7a61\">\n#top .av-special-heading.av-58jsjd-c06c3382170ba67eebbf11558aec7a61{\npadding-bottom:20px;\nfont-size:38px;\n}\nbody .av-special-heading.av-58jsjd-c06c3382170ba67eebbf11558aec7a61 .av-special-heading-tag .heading-char{\nfont-size:25px;\n}\n#top #wrap_all .av-special-heading.av-58jsjd-c06c3382170ba67eebbf11558aec7a61 .av-special-heading-tag{\nfont-size:38px;\n}\n.av-special-heading.av-58jsjd-c06c3382170ba67eebbf11558aec7a61 .av-subheading{\nfont-size:15px;\n}\n<\/style>\n<div  class='av-special-heading av-58jsjd-c06c3382170ba67eebbf11558aec7a61 av-special-heading-h2 blockquote classic-quote  avia-builder-el-6  el_before_av_hr  avia-builder-el-first  av-inherit-size'><h2 class='av-special-heading-tag'  itemprop=\"headline\"  >Uni\u00f3n<\/h2><div class='av-subheading av-subheading_below'><p>Yerba mate Uni\u00f3n is een Argentijns merk dat bekendstaat om zijn evenwichtige en toegankelijke smaak, speciaal bedoeld voor dagelijks gebruik door het hele gezin. Het biedt een klassieke mate, trouw aan de Argentijnse traditie, zonder al te veel bitterheid.<\/p>\n<p>Uni\u00f3n wordt geproduceerd in Argentini\u00eb en onderscheidt zich door een harmonieuze maling, die zorgt voor een consistente, aangename en makkelijk te drinken infusie. Door zijn gematigde smaak is deze mate geschikt voor zowel regelmatige drinkers als mensen die het ritueel van de mate net ontdekken.<\/p>\n<p>Uni\u00f3n staat voor een eenvoudige, betrouwbare en authentieke mate, ideaal voor dagelijks gebruik.<\/p>\n<\/div><div class=\"special-heading-border\"><div class=\"special-heading-inner-border\"><\/div><\/div><\/div>\n\n<style type=\"text\/css\" data-created_by=\"avia_inline_auto\" id=\"style-css-av-52lmnt-6f042de9c63d9848d69928afb1634bd4\">\n#top .hr.hr-invisible.av-52lmnt-6f042de9c63d9848d69928afb1634bd4{\nheight:30px;\n}\n<\/style>\n<div  class='hr av-52lmnt-6f042de9c63d9848d69928afb1634bd4 hr-invisible  avia-builder-el-7  el_after_av_heading  avia-builder-el-last'><span class='hr-inner'><span class=\"hr-inner-style\"><\/span><\/span><\/div>\n<\/div><\/div><\/div><!-- close content main div --><\/div><\/div><div id='av_section_2'  class='avia-section av-5g7315-de1ec68fa5e52bc56347cbe04ba6a154 main_color avia-section-large avia-no-border-styling  avia-builder-el-8  el_after_av_section  avia-builder-el-last  avia-bg-style-scroll container_wrap sidebar_right'  ><div class='container av-section-cont-open' ><div class='template-page content  av-content-small alpha units'><div class='post-entry post-entry-type-page post-entry-1677'><div class='entry-content-wrapper clearfix'>\n<div class='flex_column_table av-mkq65tud-3d7a596a9235c97abc94681fd7c81c5c sc-av_one_half av-equal-height-column-flextable'>\n<style type=\"text\/css\" data-created_by=\"avia_inline_auto\" id=\"style-css-av-mkq65tud-3d7a596a9235c97abc94681fd7c81c5c\">\n.flex_column.av-mkq65tud-3d7a596a9235c97abc94681fd7c81c5c{\nborder-radius:0px 0px 0px 0px;\n-webkit-border-radius:0px 0px 0px 0px;\n-moz-border-radius:0px 0px 0px 0px;\n}\n<\/style>\n<div class='flex_column av-mkq65tud-3d7a596a9235c97abc94681fd7c81c5c av_one_half  avia-builder-el-9  el_before_av_hr  avia-builder-el-first  first flex_column_table_cell av-equal-height-column av-align-middle av-zero-column-padding'   ><p>\n<style type=\"text\/css\" data-created_by=\"avia_inline_auto\" id=\"style-css-av-mkq67lmk-b46f48bbe12a97ff7bd03d3ac63a2c0f\">\n.avia-image-container.av-mkq67lmk-b46f48bbe12a97ff7bd03d3ac63a2c0f .av-image-caption-overlay-center{\ncolor:#ffffff;\n}\n<\/style>\n<div  class='avia-image-container av-mkq67lmk-b46f48bbe12a97ff7bd03d3ac63a2c0f av-styling- avia-align-center  avia-builder-el-10  el_before_av_heading  avia-builder-el-first'  itemprop=\"image\" itemscope=\"itemscope\" itemtype=\"https:\/\/schema.org\/ImageObject\" ><div class=\"avia-image-container-inner\"><div class=\"avia-image-overlay-wrap\"><img decoding=\"async\" class='wp-image-1668 avia-img-lazy-loading-not-1668 avia_image' src=\"https:\/\/mate-sante.com\/wp-content\/uploads\/2026\/01\/Diseno-sin-titulo-45-240x300.png\" alt='' title='Dise\u00f1o sin t\u00edtulo (45)'  height=\"300\" width=\"240\"  itemprop=\"thumbnailUrl\" srcset=\"https:\/\/mate-sante.com\/wp-content\/uploads\/2026\/01\/Diseno-sin-titulo-45-240x300.png 240w, https:\/\/mate-sante.com\/wp-content\/uploads\/2026\/01\/Diseno-sin-titulo-45-824x1030.png 824w, https:\/\/mate-sante.com\/wp-content\/uploads\/2026\/01\/Diseno-sin-titulo-45-768x960.png 768w, https:\/\/mate-sante.com\/wp-content\/uploads\/2026\/01\/Diseno-sin-titulo-45-564x705.png 564w, https:\/\/mate-sante.com\/wp-content\/uploads\/2026\/01\/Diseno-sin-titulo-45.png 1080w\" sizes=\"(max-width: 240px) 100vw, 240px\" \/><\/div><\/div><\/div><br \/>\n\n<style type=\"text\/css\" data-created_by=\"avia_inline_auto\" id=\"style-css-av-mkq66kb0-811d4b22c8c36c64c03361b61f352c0a\">\n#top .av-special-heading.av-mkq66kb0-811d4b22c8c36c64c03361b61f352c0a{\npadding-bottom:10px;\n}\nbody .av-special-heading.av-mkq66kb0-811d4b22c8c36c64c03361b61f352c0a .av-special-heading-tag .heading-char{\nfont-size:25px;\n}\n.av-special-heading.av-mkq66kb0-811d4b22c8c36c64c03361b61f352c0a .av-subheading{\nfont-size:15px;\n}\n<\/style>\n<div  class='av-special-heading av-mkq66kb0-811d4b22c8c36c64c03361b61f352c0a av-special-heading-h2 blockquote classic-quote  avia-builder-el-11  el_after_av_image  el_before_av_textblock'><h2 class='av-special-heading-tag'  itemprop=\"headline\"  >Yerba Mate Uni\u00f3n Traditionnelle 500 g<\/h2><div class=\"special-heading-border\"><div class=\"special-heading-inner-border\"><\/div><\/div><\/div><br \/>\n<section  class='av_textblock_section av-mkq671nc-53ec412189deae48658ae092e7a7d165'  itemscope=\"itemscope\" itemtype=\"https:\/\/schema.org\/CreativeWork\" ><div class='avia_textblock'  itemprop=\"text\" ><p style=\"text-align: center;\" data-start=\"1805\" data-end=\"1891\"><strong data-start=\"1805\" data-end=\"1816\">Maalgraad<\/strong><br data-start=\"1816\" data-end=\"1819\" \/>Een uitgebalanceerde maling met bladeren en stukjes, een klein aandeel poeder.<\/p>\n<p style=\"text-align: center;\" data-start=\"1893\" data-end=\"1964\"><strong data-start=\"1893\" data-end=\"1911\">Smaakprofiel<\/strong><br data-start=\"1911\" data-end=\"1914\" \/>Zachte, licht bittere en goed uitgebalanceerde smaak.<\/p>\n<p style=\"text-align: center;\" data-start=\"1966\" data-end=\"2113\"><strong data-start=\"1966\" data-end=\"1995\">Kenmerken en gebruik<\/strong><br data-start=\"1995\" data-end=\"1998\" \/>Yerba mate, eenvoudig te bereiden.<br data-start=\"2027\" data-end=\"2030\" \/>Een heldere en stabiele infusie.<br data-start=\"2056\" data-end=\"2059\" \/>Ideaal voor dagelijks gebruik en voor het hele gezin.<\/p>\n<hr data-start=\"1976\" data-end=\"1979\" \/>\n<h1 data-start=\"1981\" data-end=\"2030\"><\/h1>\n<h1 data-start=\"1981\" data-end=\"2030\"><\/h1>\n<\/div><\/section><\/p><\/div><\/div><!--close column table wrapper. Autoclose: 1 -->\n<style type=\"text\/css\" data-created_by=\"avia_inline_auto\" id=\"style-css-av-4eapqx-1148414e36430835464de68a8d2ea9d2\">\n#top .hr.hr-invisible.av-4eapqx-1148414e36430835464de68a8d2ea9d2{\nheight:50px;\n}\n<\/style>\n<div  class='hr av-4eapqx-1148414e36430835464de68a8d2ea9d2 hr-invisible  avia-builder-el-13  el_after_av_one_half  avia-builder-el-last'><span class='hr-inner'><span class=\"hr-inner-style\"><\/span><\/span><\/div>\n<\/div><\/div><\/div><!-- close content main div --><\/div><\/div><div id='after_section_2'  class='main_color av_default_container_wrap container_wrap sidebar_right'  ><div class='container av-section-cont-open' ><div class='template-page content  av-content-small alpha units'><div class='post-entry post-entry-type-page post-entry-1677'><div class='entry-content-wrapper clearfix'><\/p>","protected":false},"excerpt":{"rendered":"","protected":false},"author":2,"featured_media":0,"parent":0,"menu_order":0,"comment_status":"closed","ping_status":"closed","template":"","meta":{"_themeisle_gutenberg_block_has_review":false,"footnotes":""},"class_list":["post-1677","page","type-page","status-publish","hentry"],"yoast_head":"<!-- This site is optimized with the Yoast SEO plugin v26.9 - https:\/\/yoast.com\/product\/yoast-seo-wordpress\/ -->\n<title>Yerba Mate Uni\u00f3n \u2013 Yerba mate argentine \u00e9quilibr\u00e9e et douce<\/title>\n<meta name=\"description\" content=\"D\u00e9couvrez la yerba mate Uni\u00f3n d\u2019Argentine. Saveur \u00e9quilibr\u00e9e, infusion douce et id\u00e9ale pour le mat\u00e9 quotidien.\" \/>\n<meta name=\"robots\" content=\"index, follow, max-snippet:-1, max-image-preview:large, max-video-preview:-1\" \/>\n<link rel=\"canonical\" href=\"https:\/\/mate-sante.com\/nl\/yerba-mate-union\/\" \/>\n<meta property=\"og:locale\" content=\"nl_BE\" \/>\n<meta property=\"og:type\" content=\"article\" \/>\n<meta property=\"og:title\" content=\"Yerba Mate Uni\u00f3n \u2013 Yerba mate argentine \u00e9quilibr\u00e9e et douce\" \/>\n<meta property=\"og:description\" content=\"D\u00e9couvrez la yerba mate Uni\u00f3n d\u2019Argentine. Saveur \u00e9quilibr\u00e9e, infusion douce et id\u00e9ale pour le mat\u00e9 quotidien.\" \/>\n<meta property=\"og:url\" content=\"https:\/\/mate-sante.com\/nl\/yerba-mate-union\/\" \/>\n<meta property=\"og:site_name\" content=\"Mate Sante\" \/>\n<meta property=\"article:modified_time\" content=\"2026-01-29T12:00:28+00:00\" \/>\n<meta name=\"twitter:card\" content=\"summary_large_image\" \/>\n<meta name=\"twitter:label1\" content=\"Geschatte leestijd\" \/>\n\t<meta name=\"twitter:data1\" content=\"7 minuten\" \/>\n<script type=\"application\/ld+json\" class=\"yoast-schema-graph\">{\"@context\":\"https:\/\/schema.org\",\"@graph\":[{\"@type\":\"WebPage\",\"@id\":\"https:\/\/mate-sante.com\/yerba-mate-union\/\",\"url\":\"https:\/\/mate-sante.com\/yerba-mate-union\/\",\"name\":\"Yerba Mate Uni\u00f3n \u2013 Yerba mate argentine \u00e9quilibr\u00e9e et douce\",\"isPartOf\":{\"@id\":\"https:\/\/mate-sante.com\/#website\"},\"datePublished\":\"2026-01-23T17:39:40+00:00\",\"dateModified\":\"2026-01-29T12:00:28+00:00\",\"description\":\"D\u00e9couvrez la yerba mate Uni\u00f3n d\u2019Argentine. Saveur \u00e9quilibr\u00e9e, infusion douce et id\u00e9ale pour le mat\u00e9 quotidien.\",\"breadcrumb\":{\"@id\":\"https:\/\/mate-sante.com\/yerba-mate-union\/#breadcrumb\"},\"inLanguage\":\"nl-BE\",\"potentialAction\":[{\"@type\":\"ReadAction\",\"target\":[\"https:\/\/mate-sante.com\/yerba-mate-union\/\"]}]},{\"@type\":\"BreadcrumbList\",\"@id\":\"https:\/\/mate-sante.com\/yerba-mate-union\/#breadcrumb\",\"itemListElement\":[{\"@type\":\"ListItem\",\"position\":1,\"name\":\"Portada\",\"item\":\"https:\/\/mate-sante.com\/mate-sante-importation-et-distribution-en-belgique-de-yerba-mate-2\/\"},{\"@type\":\"ListItem\",\"position\":2,\"name\":\"Yerba Mate Baldo\"}]},{\"@type\":\"WebSite\",\"@id\":\"https:\/\/mate-sante.com\/#website\",\"url\":\"https:\/\/mate-sante.com\/\",\"name\":\"Mate Sante\",\"description\":\"Importation et distribution de \u00abyerba mate\u00bb en Belgique\",\"publisher\":{\"@id\":\"https:\/\/mate-sante.com\/#organization\"},\"potentialAction\":[{\"@type\":\"SearchAction\",\"target\":{\"@type\":\"EntryPoint\",\"urlTemplate\":\"https:\/\/mate-sante.com\/?s={search_term_string}\"},\"query-input\":{\"@type\":\"PropertyValueSpecification\",\"valueRequired\":true,\"valueName\":\"search_term_string\"}}],\"inLanguage\":\"nl-BE\"},{\"@type\":\"Organization\",\"@id\":\"https:\/\/mate-sante.com\/#organization\",\"name\":\"Mate Sante SRL\",\"url\":\"https:\/\/mate-sante.com\/\",\"logo\":{\"@type\":\"ImageObject\",\"inLanguage\":\"nl-BE\",\"@id\":\"https:\/\/mate-sante.com\/#\/schema\/logo\/image\/\",\"url\":\"https:\/\/mate-sante.com\/wp-content\/uploads\/2022\/01\/LOGO_VECTOR.png\",\"contentUrl\":\"https:\/\/mate-sante.com\/wp-content\/uploads\/2022\/01\/LOGO_VECTOR.png\",\"width\":1063,\"height\":945,\"caption\":\"Mate Sante SRL\"},\"image\":{\"@id\":\"https:\/\/mate-sante.com\/#\/schema\/logo\/image\/\"}}]}<\/script>\n<!-- \/ Yoast SEO plugin. -->","yoast_head_json":{"title":"Yerba Mate Uni\u00f3n \u2013 Yerba mate argentine \u00e9quilibr\u00e9e et douce","description":"D\u00e9couvrez la yerba mate Uni\u00f3n d\u2019Argentine. Saveur \u00e9quilibr\u00e9e, infusion douce et id\u00e9ale pour le mat\u00e9 quotidien.","robots":{"index":"index","follow":"follow","max-snippet":"max-snippet:-1","max-image-preview":"max-image-preview:large","max-video-preview":"max-video-preview:-1"},"canonical":"https:\/\/mate-sante.com\/nl\/yerba-mate-union\/","og_locale":"nl_BE","og_type":"article","og_title":"Yerba Mate Uni\u00f3n \u2013 Yerba mate argentine \u00e9quilibr\u00e9e et douce","og_description":"D\u00e9couvrez la yerba mate Uni\u00f3n d\u2019Argentine. Saveur \u00e9quilibr\u00e9e, infusion douce et id\u00e9ale pour le mat\u00e9 quotidien.","og_url":"https:\/\/mate-sante.com\/nl\/yerba-mate-union\/","og_site_name":"Mate Sante","article_modified_time":"2026-01-29T12:00:28+00:00","twitter_card":"summary_large_image","twitter_misc":{"Geschatte leestijd":"7 minuten"},"schema":{"@context":"https:\/\/schema.org","@graph":[{"@type":"WebPage","@id":"https:\/\/mate-sante.com\/yerba-mate-union\/","url":"https:\/\/mate-sante.com\/yerba-mate-union\/","name":"Yerba Mate Uni\u00f3n \u2013 Yerba mate argentine \u00e9quilibr\u00e9e et douce","isPartOf":{"@id":"https:\/\/mate-sante.com\/#website"},"datePublished":"2026-01-23T17:39:40+00:00","dateModified":"2026-01-29T12:00:28+00:00","description":"D\u00e9couvrez la yerba mate Uni\u00f3n d\u2019Argentine. Saveur \u00e9quilibr\u00e9e, infusion douce et id\u00e9ale pour le mat\u00e9 quotidien.","breadcrumb":{"@id":"https:\/\/mate-sante.com\/yerba-mate-union\/#breadcrumb"},"inLanguage":"nl-BE","potentialAction":[{"@type":"ReadAction","target":["https:\/\/mate-sante.com\/yerba-mate-union\/"]}]},{"@type":"BreadcrumbList","@id":"https:\/\/mate-sante.com\/yerba-mate-union\/#breadcrumb","itemListElement":[{"@type":"ListItem","position":1,"name":"Portada","item":"https:\/\/mate-sante.com\/mate-sante-importation-et-distribution-en-belgique-de-yerba-mate-2\/"},{"@type":"ListItem","position":2,"name":"Yerba Mate Baldo"}]},{"@type":"WebSite","@id":"https:\/\/mate-sante.com\/#website","url":"https:\/\/mate-sante.com\/","name":"Mate Sante","description":"Importation et distribution de \u00abyerba mate\u00bb en Belgique","publisher":{"@id":"https:\/\/mate-sante.com\/#organization"},"potentialAction":[{"@type":"SearchAction","target":{"@type":"EntryPoint","urlTemplate":"https:\/\/mate-sante.com\/?s={search_term_string}"},"query-input":{"@type":"PropertyValueSpecification","valueRequired":true,"valueName":"search_term_string"}}],"inLanguage":"nl-BE"},{"@type":"Organization","@id":"https:\/\/mate-sante.com\/#organization","name":"Mate Sante SRL","url":"https:\/\/mate-sante.com\/","logo":{"@type":"ImageObject","inLanguage":"nl-BE","@id":"https:\/\/mate-sante.com\/#\/schema\/logo\/image\/","url":"https:\/\/mate-sante.com\/wp-content\/uploads\/2022\/01\/LOGO_VECTOR.png","contentUrl":"https:\/\/mate-sante.com\/wp-content\/uploads\/2022\/01\/LOGO_VECTOR.png","width":1063,"height":945,"caption":"Mate Sante SRL"},"image":{"@id":"https:\/\/mate-sante.com\/#\/schema\/logo\/image\/"}}]}},"_links":{"self":[{"href":"https:\/\/mate-sante.com\/nl\/wp-json\/wp\/v2\/pages\/1677","targetHints":{"allow":["GET"]}}],"collection":[{"href":"https:\/\/mate-sante.com\/nl\/wp-json\/wp\/v2\/pages"}],"about":[{"href":"https:\/\/mate-sante.com\/nl\/wp-json\/wp\/v2\/types\/page"}],"author":[{"embeddable":true,"href":"https:\/\/mate-sante.com\/nl\/wp-json\/wp\/v2\/users\/2"}],"replies":[{"embeddable":true,"href":"https:\/\/mate-sante.com\/nl\/wp-json\/wp\/v2\/comments?post=1677"}],"version-history":[{"count":3,"href":"https:\/\/mate-sante.com\/nl\/wp-json\/wp\/v2\/pages\/1677\/revisions"}],"predecessor-version":[{"id":2203,"href":"https:\/\/mate-sante.com\/nl\/wp-json\/wp\/v2\/pages\/1677\/revisions\/2203"}],"wp:attachment":[{"href":"https:\/\/mate-sante.com\/nl\/wp-json\/wp\/v2\/media?parent=1677"}],"curies":[{"name":"wp","href":"https:\/\/api.w.org\/{rel}","templated":true}]}}