{"id":1679,"date":"2026-01-23T19:12:00","date_gmt":"2026-01-23T18:12:00","guid":{"rendered":"https:\/\/mate-sante.com\/?page_id=1679"},"modified":"2026-01-29T12:50:35","modified_gmt":"2026-01-29T11:50:35","slug":"yerba-mate-la-tranquera","status":"publish","type":"page","link":"https:\/\/mate-sante.com\/nl\/yerba-mate-la-tranquera\/","title":{"rendered":"La Tranquera"},"content":{"rendered":"<div id='welcome'  class='av-layout-grid-container av-672rg9-24b1330b891b03e562a71c0f0e49ff64 entry-content-wrapper main_color av-fixed-cells  avia-builder-el-0  el_before_av_section  avia-builder-el-first   container_wrap sidebar_right'  >\n\n<style type=\"text\/css\" data-created_by=\"avia_inline_auto\" id=\"style-css-av-63xogp-2137dc690919066ddd89559991dbba6b\">\n.flex_cell.av-63xogp-2137dc690919066ddd89559991dbba6b{\nvertical-align:top;\nheight:15px;\nmin-height:15px;\npadding:0px 0px 0px 0px;\nbackground-color:#719430;\n}\n<\/style>\n<div class='flex_cell av_one_fourth av-63xogp-2137dc690919066ddd89559991dbba6b no_margin  avia-builder-el-1  el_before_av_cell_one_fourth  avia-builder-el-first  av-zero-padding' ><div class='flex_cell_inner'><\/div><\/div>\n<style type=\"text\/css\" data-created_by=\"avia_inline_auto\" id=\"style-css-av-5xywzd-bac27cb79c913beea1b03b31daf84113\">\n.flex_cell.av-5xywzd-bac27cb79c913beea1b03b31daf84113{\nvertical-align:top;\nheight:15px;\nmin-height:15px;\npadding:0px 0px 0px 0px;\nbackground-color:#92bb46;\n}\n<\/style>\n<div class='flex_cell av_one_fourth av-5xywzd-bac27cb79c913beea1b03b31daf84113 no_margin  avia-builder-el-2  el_after_av_cell_one_fourth  el_before_av_cell_one_fourth  av-zero-padding' ><div class='flex_cell_inner'><\/div><\/div>\n<style type=\"text\/css\" data-created_by=\"avia_inline_auto\" id=\"style-css-av-5r737d-76ba3606b231bdd0db8be7d98ca9a7e1\">\n.flex_cell.av-5r737d-76ba3606b231bdd0db8be7d98ca9a7e1{\nvertical-align:top;\nheight:15px;\nmin-height:15px;\npadding:0px 0px 0px 0px;\nbackground-color:#acd464;\n}\n<\/style>\n<div class='flex_cell av_one_fourth av-5r737d-76ba3606b231bdd0db8be7d98ca9a7e1 no_margin  avia-builder-el-3  el_after_av_cell_one_fourth  el_before_av_cell_one_fourth  av-zero-padding' ><div class='flex_cell_inner'><\/div><\/div>\n<style type=\"text\/css\" data-created_by=\"avia_inline_auto\" id=\"style-css-av-5hhp9t-00485403c80f58f5d0b8e95757091a83\">\n.flex_cell.av-5hhp9t-00485403c80f58f5d0b8e95757091a83{\nvertical-align:top;\nheight:15px;\nmin-height:15px;\npadding:0px 0px 0px 0px;\nbackground-color:#e1fbb2;\n}\n<\/style>\n<div class='flex_cell av_one_fourth av-5hhp9t-00485403c80f58f5d0b8e95757091a83 no_margin  avia-builder-el-4  el_after_av_cell_one_fourth  avia-builder-el-last  av-zero-padding' ><div class='flex_cell_inner'><\/div><\/div>\n<\/div>\n<div id='av_section_1'  class='avia-section av-5b7sk1-30664e80ad3dc91bc09e40e2ede9e0fb main_color avia-section-large avia-no-border-styling  avia-builder-el-5  el_after_av_layout_row  el_before_av_section  avia-bg-style-scroll container_wrap sidebar_right'  ><div class='container av-section-cont-open' ><div class='template-page content  av-content-small alpha units'><div class='post-entry post-entry-type-page post-entry-1679'><div class='entry-content-wrapper clearfix'>\n\n<style type=\"text\/css\" data-created_by=\"avia_inline_auto\" id=\"style-css-av-58jsjd-b679ae7a7c0cc14aacff7cf2afa4cb66\">\n#top .av-special-heading.av-58jsjd-b679ae7a7c0cc14aacff7cf2afa4cb66{\npadding-bottom:20px;\nfont-size:40px;\n}\nbody .av-special-heading.av-58jsjd-b679ae7a7c0cc14aacff7cf2afa4cb66 .av-special-heading-tag .heading-char{\nfont-size:25px;\n}\n#top #wrap_all .av-special-heading.av-58jsjd-b679ae7a7c0cc14aacff7cf2afa4cb66 .av-special-heading-tag{\nfont-size:40px;\n}\n.av-special-heading.av-58jsjd-b679ae7a7c0cc14aacff7cf2afa4cb66 .av-subheading{\nfont-size:15px;\n}\n<\/style>\n<div  class='av-special-heading av-58jsjd-b679ae7a7c0cc14aacff7cf2afa4cb66 av-special-heading-h2 blockquote classic-quote  avia-builder-el-6  el_before_av_hr  avia-builder-el-first  av-inherit-size'><h2 class='av-special-heading-tag'  itemprop=\"headline\"  >La Tranquera<\/h2><div class='av-subheading av-subheading_below'><p>La Tranquera is een Argentijns merk dat gewaardeerd wordt om zijn klassieke, evenwichtige smaakprofiel dat trouw blijft aan de traditie. Het biedt een toegankelijke mate, bedoeld voor dagelijks gebruik, zonder overmatige bitterheid.<\/p>\n<p>La Tranquera wordt geproduceerd in Argentini\u00eb en onderscheidt zich door een harmonieuze maling, waardoor de thee een stabiele, aangename smaak heeft en gemakkelijk te bereiden is. Dankzij de gematigde smaak is dit een ideale yerba mate voor liefhebbers die op zoek zijn naar een eenvoudige en authentieke mate.<\/p>\n<p>La Tranquera staat voor traditionele mate, bedoeld om de dagelijkse momenten met standvastigheid en eenvoud te verrijken.<\/p>\n<\/div><div class=\"special-heading-border\"><div class=\"special-heading-inner-border\"><\/div><\/div><\/div>\n\n<style type=\"text\/css\" data-created_by=\"avia_inline_auto\" id=\"style-css-av-52lmnt-6f042de9c63d9848d69928afb1634bd4\">\n#top .hr.hr-invisible.av-52lmnt-6f042de9c63d9848d69928afb1634bd4{\nheight:30px;\n}\n<\/style>\n<div  class='hr av-52lmnt-6f042de9c63d9848d69928afb1634bd4 hr-invisible  avia-builder-el-7  el_after_av_heading  avia-builder-el-last'><span class='hr-inner'><span class=\"hr-inner-style\"><\/span><\/span><\/div>\n<\/div><\/div><\/div><!-- close content main div --><\/div><\/div><div id='av_section_2'  class='avia-section av-5g7315-de1ec68fa5e52bc56347cbe04ba6a154 main_color avia-section-large avia-no-border-styling  avia-builder-el-8  el_after_av_section  avia-builder-el-last  avia-bg-style-scroll container_wrap sidebar_right'  ><div class='container av-section-cont-open' ><div class='template-page content  av-content-small alpha units'><div class='post-entry post-entry-type-page post-entry-1679'><div class='entry-content-wrapper clearfix'>\n\n<style type=\"text\/css\" data-created_by=\"avia_inline_auto\" id=\"style-css-av-3sqp0p-ab5d3b8014048ccfd19f35e6880bf643\">\n.flex_column.av-3sqp0p-ab5d3b8014048ccfd19f35e6880bf643{\nborder-radius:0px 0px 0px 0px;\n-webkit-border-radius:0px 0px 0px 0px;\n-moz-border-radius:0px 0px 0px 0px;\n}\n<\/style>\n<div class='flex_column av-3sqp0p-ab5d3b8014048ccfd19f35e6880bf643 av_one_half  avia-builder-el-9  el_before_av_one_half  avia-builder-el-first  first flex_column_div av-zero-column-padding'   ><p>\n<style type=\"text\/css\" data-created_by=\"avia_inline_auto\" id=\"style-css-av-3tp7ax-81c5f8a3e75dc284b1e3754865d7c91e\">\n.avia-image-container.av-3tp7ax-81c5f8a3e75dc284b1e3754865d7c91e .av-image-caption-overlay-center{\ncolor:#ffffff;\n}\n<\/style>\n<div  class='avia-image-container av-3tp7ax-81c5f8a3e75dc284b1e3754865d7c91e av-styling- avia-align-center  avia-builder-el-10  el_before_av_heading  avia-builder-el-first'  itemprop=\"image\" itemscope=\"itemscope\" itemtype=\"https:\/\/schema.org\/ImageObject\" ><div class=\"avia-image-container-inner\"><div class=\"avia-image-overlay-wrap\"><img decoding=\"async\" class='wp-image-1680 avia-img-lazy-loading-not-1680 avia_image' src=\"https:\/\/mate-sante.com\/wp-content\/uploads\/2026\/01\/Diseno-sin-titulo-52-240x300.png\" alt='' title='Dise\u00f1o sin t\u00edtulo (52)'  height=\"300\" width=\"240\"  itemprop=\"thumbnailUrl\" srcset=\"https:\/\/mate-sante.com\/wp-content\/uploads\/2026\/01\/Diseno-sin-titulo-52-240x300.png 240w, https:\/\/mate-sante.com\/wp-content\/uploads\/2026\/01\/Diseno-sin-titulo-52-824x1030.png 824w, https:\/\/mate-sante.com\/wp-content\/uploads\/2026\/01\/Diseno-sin-titulo-52-768x960.png 768w, https:\/\/mate-sante.com\/wp-content\/uploads\/2026\/01\/Diseno-sin-titulo-52-564x705.png 564w, https:\/\/mate-sante.com\/wp-content\/uploads\/2026\/01\/Diseno-sin-titulo-52.png 1080w\" sizes=\"(max-width: 240px) 100vw, 240px\" \/><\/div><\/div><\/div><br \/>\n\n<style type=\"text\/css\" data-created_by=\"avia_inline_auto\" id=\"style-css-av-kz3zhgiw-bf35a303316fb12369a6ff099d5dec66\">\n#top .av-special-heading.av-kz3zhgiw-bf35a303316fb12369a6ff099d5dec66{\npadding-bottom:10px;\n}\nbody .av-special-heading.av-kz3zhgiw-bf35a303316fb12369a6ff099d5dec66 .av-special-heading-tag .heading-char{\nfont-size:25px;\n}\n.av-special-heading.av-kz3zhgiw-bf35a303316fb12369a6ff099d5dec66 .av-subheading{\nfont-size:15px;\n}\n<\/style>\n<div  class='av-special-heading av-kz3zhgiw-bf35a303316fb12369a6ff099d5dec66 av-special-heading-h2 blockquote classic-quote  avia-builder-el-11  el_after_av_image  el_before_av_textblock'><h2 class='av-special-heading-tag'  itemprop=\"headline\"  >Yerba Mate La Tranquera Traditionnelle 1kg \/ 500g<\/h2><div class=\"special-heading-border\"><div class=\"special-heading-inner-border\"><\/div><\/div><\/div><br \/>\n<section  class='av_textblock_section av-kz3zhkqt-eb39b6f6b0426936d6ec3b686484fc15'  itemscope=\"itemscope\" itemtype=\"https:\/\/schema.org\/CreativeWork\" ><div class='avia_textblock'  itemprop=\"text\" ><p style=\"text-align: center;\" data-start=\"1956\" data-end=\"2042\"><strong data-start=\"1956\" data-end=\"1967\">Maalgraad<\/strong><br data-start=\"1967\" data-end=\"1970\" \/>Een uitgebalanceerde maling met bladeren en stukjes, een klein aandeel poeder.<\/p>\n<p style=\"text-align: center;\" data-start=\"2044\" data-end=\"2100\"><strong data-start=\"2044\" data-end=\"2062\">Smaakprofiel<\/strong><br data-start=\"2062\" data-end=\"2065\" \/>Klassieke smaak, licht bitter.<\/p>\n<p style=\"text-align: center;\" data-start=\"2102\" data-end=\"2247\"><strong data-start=\"2102\" data-end=\"2131\">Kenmerken en gebruik<\/strong><br data-start=\"2131\" data-end=\"2134\" \/>Yerba mate, ideaal voor dagelijks gebruik.<br data-start=\"2186\" data-end=\"2189\" \/>Een stabiele en aangename infusie.<br data-start=\"2217\" data-end=\"2220\" \/>Geschikt voor een breed publiek.<\/p>\n<\/div><\/section><\/p><\/div>\n<style type=\"text\/css\" data-created_by=\"avia_inline_auto\" id=\"style-css-av-4uj6n5-4033e0aa2e900a5f3b9bf77746370d4d\">\n.flex_column.av-4uj6n5-4033e0aa2e900a5f3b9bf77746370d4d{\nborder-radius:0px 0px 0px 0px;\n-webkit-border-radius:0px 0px 0px 0px;\n-moz-border-radius:0px 0px 0px 0px;\n}\n<\/style>\n<div class='flex_column av-4uj6n5-4033e0aa2e900a5f3b9bf77746370d4d av_one_half  avia-builder-el-13  el_after_av_one_half  el_before_av_hr  flex_column_div av-zero-column-padding'   ><p>\n<style type=\"text\/css\" data-created_by=\"avia_inline_auto\" id=\"style-css-av-54ggix-da4a890f06ed89ae7d625a997353646d\">\n.avia-image-container.av-54ggix-da4a890f06ed89ae7d625a997353646d .av-image-caption-overlay-center{\ncolor:#ffffff;\n}\n<\/style>\n<div  class='avia-image-container av-54ggix-da4a890f06ed89ae7d625a997353646d av-styling- avia-align-center  avia-builder-el-14  el_before_av_heading  avia-builder-el-first'  itemprop=\"image\" itemscope=\"itemscope\" itemtype=\"https:\/\/schema.org\/ImageObject\" ><div class=\"avia-image-container-inner\"><div class=\"avia-image-overlay-wrap\"><img decoding=\"async\" class='wp-image-1686 avia-img-lazy-loading-not-1686 avia_image' src=\"https:\/\/mate-sante.com\/wp-content\/uploads\/2026\/01\/Diseno-sin-titulo-49-240x300.png\" alt='' title='Dise\u00f1o sin t\u00edtulo (49)'  height=\"300\" width=\"240\"  itemprop=\"thumbnailUrl\" srcset=\"https:\/\/mate-sante.com\/wp-content\/uploads\/2026\/01\/Diseno-sin-titulo-49-240x300.png 240w, https:\/\/mate-sante.com\/wp-content\/uploads\/2026\/01\/Diseno-sin-titulo-49-824x1030.png 824w, https:\/\/mate-sante.com\/wp-content\/uploads\/2026\/01\/Diseno-sin-titulo-49-768x960.png 768w, https:\/\/mate-sante.com\/wp-content\/uploads\/2026\/01\/Diseno-sin-titulo-49-564x705.png 564w, https:\/\/mate-sante.com\/wp-content\/uploads\/2026\/01\/Diseno-sin-titulo-49.png 1080w\" sizes=\"(max-width: 240px) 100vw, 240px\" \/><\/div><\/div><\/div><br \/>\n\n<style type=\"text\/css\" data-created_by=\"avia_inline_auto\" id=\"style-css-av-4pj90p-74127d9ed2e53feae15053cb7b81d997\">\n#top .av-special-heading.av-4pj90p-74127d9ed2e53feae15053cb7b81d997{\npadding-bottom:10px;\n}\nbody .av-special-heading.av-4pj90p-74127d9ed2e53feae15053cb7b81d997 .av-special-heading-tag .heading-char{\nfont-size:25px;\n}\n.av-special-heading.av-4pj90p-74127d9ed2e53feae15053cb7b81d997 .av-subheading{\nfont-size:15px;\n}\n<\/style>\n<div  class='av-special-heading av-4pj90p-74127d9ed2e53feae15053cb7b81d997 av-special-heading-h2 blockquote classic-quote  avia-builder-el-15  el_after_av_image  el_before_av_textblock'><h2 class='av-special-heading-tag'  itemprop=\"headline\"  >Yerba Mate La Tranquera Speciale Selectie 500 g<\/h2><div class=\"special-heading-border\"><div class=\"special-heading-inner-border\"><\/div><\/div><\/div><br \/>\n<section  class='av_textblock_section av-4mhbgh-950bf29308e2479cc1a9c44895e83366'  itemscope=\"itemscope\" itemtype=\"https:\/\/schema.org\/CreativeWork\" ><div class='avia_textblock'  itemprop=\"text\" ><p style=\"text-align: center;\" data-start=\"2735\" data-end=\"2811\"><strong data-start=\"2735\" data-end=\"2746\">Maalgraad<\/strong><br data-start=\"2746\" data-end=\"2749\" \/>Een zorgvuldig geselecteerde maling, met bladeren van betere kwaliteit.<\/p>\n<p style=\"text-align: center;\" data-start=\"2813\" data-end=\"2881\"><strong data-start=\"2813\" data-end=\"2831\">Smaakprofiel<\/strong><br data-start=\"2831\" data-end=\"2834\" \/>Een meer gestructureerde en iets intensere smaak.<\/p>\n<p style=\"text-align: center;\" data-start=\"2883\" data-end=\"3066\"><strong data-start=\"2883\" data-end=\"2912\">Kenmerken en gebruik<\/strong><br data-start=\"2912\" data-end=\"2915\" \/>Premiumversie van La Tranquera.<br data-start=\"2947\" data-end=\"2950\" \/>Een vollere en langdurigere smaak.<br data-start=\"2985\" data-end=\"2988\" \/>Geschikt voor liefhebbers die op zoek zijn naar meer karakter, maar toch een evenwichtige wijn willen.<\/p>\n<h1 data-start=\"1981\" data-end=\"2030\"><\/h1>\n<h1 data-start=\"1981\" data-end=\"2030\"><\/h1>\n<\/div><\/section><\/p><\/div>\n<style type=\"text\/css\" data-created_by=\"avia_inline_auto\" id=\"style-css-av-4eapqx-1148414e36430835464de68a8d2ea9d2\">\n#top .hr.hr-invisible.av-4eapqx-1148414e36430835464de68a8d2ea9d2{\nheight:50px;\n}\n<\/style>\n<div  class='hr av-4eapqx-1148414e36430835464de68a8d2ea9d2 hr-invisible  avia-builder-el-17  el_after_av_one_half  avia-builder-el-last'><span class='hr-inner'><span class=\"hr-inner-style\"><\/span><\/span><\/div>\n<\/div><\/div><\/div><!-- close content main div --><\/div><\/div><div id='after_section_2'  class='main_color av_default_container_wrap container_wrap sidebar_right'  ><div class='container av-section-cont-open' ><div class='template-page content  av-content-small alpha units'><div class='post-entry post-entry-type-page post-entry-1679'><div class='entry-content-wrapper clearfix'><\/p>","protected":false},"excerpt":{"rendered":"","protected":false},"author":2,"featured_media":0,"parent":0,"menu_order":0,"comment_status":"closed","ping_status":"closed","template":"","meta":{"_themeisle_gutenberg_block_has_review":false,"footnotes":""},"class_list":["post-1679","page","type-page","status-publish","hentry"],"yoast_head":"<!-- This site is optimized with the Yoast SEO plugin v26.9 - https:\/\/yoast.com\/product\/yoast-seo-wordpress\/ -->\n<title>Yerba Mate La Tranquera \u2013 Origine argentin style traditionnelle<\/title>\n<meta name=\"description\" content=\"D\u00e9couvrez la yerba mate La Tranquera d\u2019Argentine. Saveur \u00e9quilibr\u00e9e, infusion stable et mat\u00e9 traditionnel.\" \/>\n<meta name=\"robots\" content=\"index, follow, max-snippet:-1, max-image-preview:large, max-video-preview:-1\" \/>\n<link rel=\"canonical\" href=\"https:\/\/mate-sante.com\/nl\/yerba-mate-la-tranquera\/\" \/>\n<meta property=\"og:locale\" content=\"nl_BE\" \/>\n<meta property=\"og:type\" content=\"article\" \/>\n<meta property=\"og:title\" content=\"Yerba Mate La Tranquera \u2013 Origine argentin style traditionnelle\" \/>\n<meta property=\"og:description\" content=\"D\u00e9couvrez la yerba mate La Tranquera d\u2019Argentine. Saveur \u00e9quilibr\u00e9e, infusion stable et mat\u00e9 traditionnel.\" \/>\n<meta property=\"og:url\" content=\"https:\/\/mate-sante.com\/nl\/yerba-mate-la-tranquera\/\" \/>\n<meta property=\"og:site_name\" content=\"Mate Sante\" \/>\n<meta property=\"article:modified_time\" content=\"2026-01-29T11:50:35+00:00\" \/>\n<meta name=\"twitter:card\" content=\"summary_large_image\" \/>\n<meta name=\"twitter:label1\" content=\"Geschatte leestijd\" \/>\n\t<meta name=\"twitter:data1\" content=\"8 minuten\" \/>\n<script type=\"application\/ld+json\" class=\"yoast-schema-graph\">{\"@context\":\"https:\/\/schema.org\",\"@graph\":[{\"@type\":\"WebPage\",\"@id\":\"https:\/\/mate-sante.com\/yerba-mate-la-tranquera\/\",\"url\":\"https:\/\/mate-sante.com\/yerba-mate-la-tranquera\/\",\"name\":\"Yerba Mate La Tranquera \u2013 Origine argentin style traditionnelle\",\"isPartOf\":{\"@id\":\"https:\/\/mate-sante.com\/#website\"},\"datePublished\":\"2026-01-23T18:12:00+00:00\",\"dateModified\":\"2026-01-29T11:50:35+00:00\",\"description\":\"D\u00e9couvrez la yerba mate La Tranquera d\u2019Argentine. Saveur \u00e9quilibr\u00e9e, infusion stable et mat\u00e9 traditionnel.\",\"breadcrumb\":{\"@id\":\"https:\/\/mate-sante.com\/yerba-mate-la-tranquera\/#breadcrumb\"},\"inLanguage\":\"nl-BE\",\"potentialAction\":[{\"@type\":\"ReadAction\",\"target\":[\"https:\/\/mate-sante.com\/yerba-mate-la-tranquera\/\"]}]},{\"@type\":\"BreadcrumbList\",\"@id\":\"https:\/\/mate-sante.com\/yerba-mate-la-tranquera\/#breadcrumb\",\"itemListElement\":[{\"@type\":\"ListItem\",\"position\":1,\"name\":\"Portada\",\"item\":\"https:\/\/mate-sante.com\/mate-sante-importation-et-distribution-en-belgique-de-yerba-mate-2\/\"},{\"@type\":\"ListItem\",\"position\":2,\"name\":\"Yerba Mate Baldo\"}]},{\"@type\":\"WebSite\",\"@id\":\"https:\/\/mate-sante.com\/#website\",\"url\":\"https:\/\/mate-sante.com\/\",\"name\":\"Mate Sante\",\"description\":\"Importation et distribution de \u00abyerba mate\u00bb en Belgique\",\"publisher\":{\"@id\":\"https:\/\/mate-sante.com\/#organization\"},\"potentialAction\":[{\"@type\":\"SearchAction\",\"target\":{\"@type\":\"EntryPoint\",\"urlTemplate\":\"https:\/\/mate-sante.com\/?s={search_term_string}\"},\"query-input\":{\"@type\":\"PropertyValueSpecification\",\"valueRequired\":true,\"valueName\":\"search_term_string\"}}],\"inLanguage\":\"nl-BE\"},{\"@type\":\"Organization\",\"@id\":\"https:\/\/mate-sante.com\/#organization\",\"name\":\"Mate Sante SRL\",\"url\":\"https:\/\/mate-sante.com\/\",\"logo\":{\"@type\":\"ImageObject\",\"inLanguage\":\"nl-BE\",\"@id\":\"https:\/\/mate-sante.com\/#\/schema\/logo\/image\/\",\"url\":\"https:\/\/mate-sante.com\/wp-content\/uploads\/2022\/01\/LOGO_VECTOR.png\",\"contentUrl\":\"https:\/\/mate-sante.com\/wp-content\/uploads\/2022\/01\/LOGO_VECTOR.png\",\"width\":1063,\"height\":945,\"caption\":\"Mate Sante SRL\"},\"image\":{\"@id\":\"https:\/\/mate-sante.com\/#\/schema\/logo\/image\/\"}}]}<\/script>\n<!-- \/ Yoast SEO plugin. -->","yoast_head_json":{"title":"Yerba Mate La Tranquera \u2013 Origine argentin style traditionnelle","description":"D\u00e9couvrez la yerba mate La Tranquera d\u2019Argentine. Saveur \u00e9quilibr\u00e9e, infusion stable et mat\u00e9 traditionnel.","robots":{"index":"index","follow":"follow","max-snippet":"max-snippet:-1","max-image-preview":"max-image-preview:large","max-video-preview":"max-video-preview:-1"},"canonical":"https:\/\/mate-sante.com\/nl\/yerba-mate-la-tranquera\/","og_locale":"nl_BE","og_type":"article","og_title":"Yerba Mate La Tranquera \u2013 Origine argentin style traditionnelle","og_description":"D\u00e9couvrez la yerba mate La Tranquera d\u2019Argentine. Saveur \u00e9quilibr\u00e9e, infusion stable et mat\u00e9 traditionnel.","og_url":"https:\/\/mate-sante.com\/nl\/yerba-mate-la-tranquera\/","og_site_name":"Mate Sante","article_modified_time":"2026-01-29T11:50:35+00:00","twitter_card":"summary_large_image","twitter_misc":{"Geschatte leestijd":"8 minuten"},"schema":{"@context":"https:\/\/schema.org","@graph":[{"@type":"WebPage","@id":"https:\/\/mate-sante.com\/yerba-mate-la-tranquera\/","url":"https:\/\/mate-sante.com\/yerba-mate-la-tranquera\/","name":"Yerba Mate La Tranquera \u2013 Origine argentin style traditionnelle","isPartOf":{"@id":"https:\/\/mate-sante.com\/#website"},"datePublished":"2026-01-23T18:12:00+00:00","dateModified":"2026-01-29T11:50:35+00:00","description":"D\u00e9couvrez la yerba mate La Tranquera d\u2019Argentine. Saveur \u00e9quilibr\u00e9e, infusion stable et mat\u00e9 traditionnel.","breadcrumb":{"@id":"https:\/\/mate-sante.com\/yerba-mate-la-tranquera\/#breadcrumb"},"inLanguage":"nl-BE","potentialAction":[{"@type":"ReadAction","target":["https:\/\/mate-sante.com\/yerba-mate-la-tranquera\/"]}]},{"@type":"BreadcrumbList","@id":"https:\/\/mate-sante.com\/yerba-mate-la-tranquera\/#breadcrumb","itemListElement":[{"@type":"ListItem","position":1,"name":"Portada","item":"https:\/\/mate-sante.com\/mate-sante-importation-et-distribution-en-belgique-de-yerba-mate-2\/"},{"@type":"ListItem","position":2,"name":"Yerba Mate Baldo"}]},{"@type":"WebSite","@id":"https:\/\/mate-sante.com\/#website","url":"https:\/\/mate-sante.com\/","name":"Mate Sante","description":"Importation et distribution de \u00abyerba mate\u00bb en Belgique","publisher":{"@id":"https:\/\/mate-sante.com\/#organization"},"potentialAction":[{"@type":"SearchAction","target":{"@type":"EntryPoint","urlTemplate":"https:\/\/mate-sante.com\/?s={search_term_string}"},"query-input":{"@type":"PropertyValueSpecification","valueRequired":true,"valueName":"search_term_string"}}],"inLanguage":"nl-BE"},{"@type":"Organization","@id":"https:\/\/mate-sante.com\/#organization","name":"Mate Sante SRL","url":"https:\/\/mate-sante.com\/","logo":{"@type":"ImageObject","inLanguage":"nl-BE","@id":"https:\/\/mate-sante.com\/#\/schema\/logo\/image\/","url":"https:\/\/mate-sante.com\/wp-content\/uploads\/2022\/01\/LOGO_VECTOR.png","contentUrl":"https:\/\/mate-sante.com\/wp-content\/uploads\/2022\/01\/LOGO_VECTOR.png","width":1063,"height":945,"caption":"Mate Sante SRL"},"image":{"@id":"https:\/\/mate-sante.com\/#\/schema\/logo\/image\/"}}]}},"_links":{"self":[{"href":"https:\/\/mate-sante.com\/nl\/wp-json\/wp\/v2\/pages\/1679","targetHints":{"allow":["GET"]}}],"collection":[{"href":"https:\/\/mate-sante.com\/nl\/wp-json\/wp\/v2\/pages"}],"about":[{"href":"https:\/\/mate-sante.com\/nl\/wp-json\/wp\/v2\/types\/page"}],"author":[{"embeddable":true,"href":"https:\/\/mate-sante.com\/nl\/wp-json\/wp\/v2\/users\/2"}],"replies":[{"embeddable":true,"href":"https:\/\/mate-sante.com\/nl\/wp-json\/wp\/v2\/comments?post=1679"}],"version-history":[{"count":4,"href":"https:\/\/mate-sante.com\/nl\/wp-json\/wp\/v2\/pages\/1679\/revisions"}],"predecessor-version":[{"id":2195,"href":"https:\/\/mate-sante.com\/nl\/wp-json\/wp\/v2\/pages\/1679\/revisions\/2195"}],"wp:attachment":[{"href":"https:\/\/mate-sante.com\/nl\/wp-json\/wp\/v2\/media?parent=1679"}],"curies":[{"name":"wp","href":"https:\/\/api.w.org\/{rel}","templated":true}]}}