{"id":1787,"date":"2026-01-27T11:06:53","date_gmt":"2026-01-27T10:06:53","guid":{"rendered":"https:\/\/mate-sante.com\/?page_id=1787"},"modified":"2026-01-27T11:44:32","modified_gmt":"2026-01-27T10:44:32","slug":"yerba-mate","status":"publish","type":"page","link":"https:\/\/mate-sante.com\/nl\/yerba-mate\/","title":{"rendered":"Yerba Mate"},"content":{"rendered":"<p><strong><em>Ilex paraguariensis<\/em><\/strong>&nbsp;is een traditionele plant <strong>uit Zuid-Amerika<\/strong>. Ze wordt gebruikt om mate te zetten, een natuurlijke kruidenthee die al eeuwenlang wordt gedronken. Dit ritueel maakt deel uit van het dagelijks leven van <strong>miljoenen<\/strong> mensen.<\/p>\n\n\n\n<p>De <strong>yerba mat\u00e9<\/strong> biedt een grote verscheidenheid aan <strong>smaken<\/strong> en <strong>van intensiteiten<\/strong>. Zijn profiel hangt af van <strong>de oorsprong<\/strong>, van de <strong>snede<\/strong> en van de <strong>droogmethode<\/strong>. Deze verschillen hebben een directe invloed op de bereiding en de smaak van de mate.<\/p>\n\n\n\n<p><\/p>\n\n\n\n<figure class=\"wp-block-gallery has-nested-images columns-default is-cropped wp-block-gallery-1 is-layout-flex wp-block-gallery-is-layout-flex\"><\/figure>\n\n\n\n<p>Yerba mat\u00e9 wordt ingedeeld in <strong>nationale tradities<\/strong>, ook wel <em>padr\u00f3n<\/em>. Elke traditie heeft haar eigen kenmerken.<\/p>\n\n\n\n<p>Deze indeling helpt je om de verschillende soorten mate beter te begrijpen en de soort te kiezen die bij je past <em>zijn voorkeuren<\/em>.<\/p>\n\n\n\n<p><\/p>","protected":false},"excerpt":{"rendered":"<p>Ilex paraguariensis&nbsp;est une plante traditionnelle d\u2019Am\u00e9rique du Sud. Elle sert \u00e0 pr\u00e9parer le mat\u00e9, une infusion naturelle consomm\u00e9e depuis des si\u00e8cles. Ce rituel fait partie du quotidien de millions de personnes. La yerba mat\u00e9 offre une grande diversit\u00e9 de go\u00fbts et d\u2019intensit\u00e9s. Son profil d\u00e9pend de l\u2019origine, de la coupe et du mode de s\u00e9chage. [&hellip;]<\/p>\n","protected":false},"author":2,"featured_media":1821,"parent":0,"menu_order":0,"comment_status":"closed","ping_status":"closed","template":"","meta":{"_themeisle_gutenberg_block_has_review":false,"footnotes":""},"class_list":["post-1787","page","type-page","status-publish","has-post-thumbnail","hentry"],"yoast_head":"<!-- This site is optimized with the Yoast SEO plugin v26.9 - https:\/\/yoast.com\/product\/yoast-seo-wordpress\/ -->\n<title>Yerba Mate - Mate Sante | Origines, traditions et types de mat\u00e9.<\/title>\n<meta name=\"description\" content=\"La yerba mat\u00e9 est une infusion traditionnelle d\u2019Am\u00e9rique du Sud. D\u00e9couvrez les diff\u00e9rents types de yerba mat\u00e9 et leurs traditions.\" \/>\n<meta name=\"robots\" content=\"index, follow, max-snippet:-1, max-image-preview:large, max-video-preview:-1\" \/>\n<link rel=\"canonical\" href=\"https:\/\/mate-sante.com\/nl\/yerba-mate\/\" \/>\n<meta property=\"og:locale\" content=\"nl_BE\" \/>\n<meta property=\"og:type\" content=\"article\" \/>\n<meta property=\"og:title\" content=\"Yerba Mate - Mate Sante | Origines, traditions et types de mat\u00e9.\" \/>\n<meta property=\"og:description\" content=\"La yerba mat\u00e9 est une infusion traditionnelle d\u2019Am\u00e9rique du Sud. D\u00e9couvrez les diff\u00e9rents types de yerba mat\u00e9 et leurs traditions.\" \/>\n<meta property=\"og:url\" content=\"https:\/\/mate-sante.com\/nl\/yerba-mate\/\" \/>\n<meta property=\"og:site_name\" content=\"Mate Sante\" \/>\n<meta property=\"article:modified_time\" content=\"2026-01-27T10:44:32+00:00\" \/>\n<meta property=\"og:image\" content=\"https:\/\/mate-sante.com\/wp-content\/uploads\/2026\/01\/Diseno-sin-titulo-63.png\" \/>\n\t<meta property=\"og:image:width\" content=\"1080\" \/>\n\t<meta property=\"og:image:height\" content=\"1350\" \/>\n\t<meta property=\"og:image:type\" content=\"image\/png\" \/>\n<meta name=\"twitter:card\" content=\"summary_large_image\" \/>\n<meta name=\"twitter:label1\" content=\"Geschatte leestijd\" \/>\n\t<meta name=\"twitter:data1\" content=\"1 minuut\" \/>\n<script type=\"application\/ld+json\" class=\"yoast-schema-graph\">{\"@context\":\"https:\/\/schema.org\",\"@graph\":[{\"@type\":\"WebPage\",\"@id\":\"https:\/\/mate-sante.com\/yerba-mate\/\",\"url\":\"https:\/\/mate-sante.com\/yerba-mate\/\",\"name\":\"Yerba Mate - Mate Sante | Origines, traditions et types de mat\u00e9.\",\"isPartOf\":{\"@id\":\"https:\/\/mate-sante.com\/#website\"},\"primaryImageOfPage\":{\"@id\":\"https:\/\/mate-sante.com\/yerba-mate\/#primaryimage\"},\"image\":{\"@id\":\"https:\/\/mate-sante.com\/yerba-mate\/#primaryimage\"},\"thumbnailUrl\":\"https:\/\/mate-sante.com\/wp-content\/uploads\/2026\/01\/Diseno-sin-titulo-63.png\",\"datePublished\":\"2026-01-27T10:06:53+00:00\",\"dateModified\":\"2026-01-27T10:44:32+00:00\",\"description\":\"La yerba mat\u00e9 est une infusion traditionnelle d\u2019Am\u00e9rique du Sud. D\u00e9couvrez les diff\u00e9rents types de yerba mat\u00e9 et leurs traditions.\",\"breadcrumb\":{\"@id\":\"https:\/\/mate-sante.com\/yerba-mate\/#breadcrumb\"},\"inLanguage\":\"nl-BE\",\"potentialAction\":[{\"@type\":\"ReadAction\",\"target\":[\"https:\/\/mate-sante.com\/yerba-mate\/\"]}]},{\"@type\":\"ImageObject\",\"inLanguage\":\"nl-BE\",\"@id\":\"https:\/\/mate-sante.com\/yerba-mate\/#primaryimage\",\"url\":\"https:\/\/mate-sante.com\/wp-content\/uploads\/2026\/01\/Diseno-sin-titulo-63.png\",\"contentUrl\":\"https:\/\/mate-sante.com\/wp-content\/uploads\/2026\/01\/Diseno-sin-titulo-63.png\",\"width\":1080,\"height\":1350},{\"@type\":\"BreadcrumbList\",\"@id\":\"https:\/\/mate-sante.com\/yerba-mate\/#breadcrumb\",\"itemListElement\":[{\"@type\":\"ListItem\",\"position\":1,\"name\":\"Portada\",\"item\":\"https:\/\/mate-sante.com\/mate-sante-importation-et-distribution-en-belgique-de-yerba-mate-2\/\"},{\"@type\":\"ListItem\",\"position\":2,\"name\":\"Yerba Mate\"}]},{\"@type\":\"WebSite\",\"@id\":\"https:\/\/mate-sante.com\/#website\",\"url\":\"https:\/\/mate-sante.com\/\",\"name\":\"Mate Sante\",\"description\":\"Importation et distribution de \u00abyerba mate\u00bb en Belgique\",\"publisher\":{\"@id\":\"https:\/\/mate-sante.com\/#organization\"},\"potentialAction\":[{\"@type\":\"SearchAction\",\"target\":{\"@type\":\"EntryPoint\",\"urlTemplate\":\"https:\/\/mate-sante.com\/?s={search_term_string}\"},\"query-input\":{\"@type\":\"PropertyValueSpecification\",\"valueRequired\":true,\"valueName\":\"search_term_string\"}}],\"inLanguage\":\"nl-BE\"},{\"@type\":\"Organization\",\"@id\":\"https:\/\/mate-sante.com\/#organization\",\"name\":\"Mate Sante SRL\",\"url\":\"https:\/\/mate-sante.com\/\",\"logo\":{\"@type\":\"ImageObject\",\"inLanguage\":\"nl-BE\",\"@id\":\"https:\/\/mate-sante.com\/#\/schema\/logo\/image\/\",\"url\":\"https:\/\/mate-sante.com\/wp-content\/uploads\/2022\/01\/LOGO_VECTOR.png\",\"contentUrl\":\"https:\/\/mate-sante.com\/wp-content\/uploads\/2022\/01\/LOGO_VECTOR.png\",\"width\":1063,\"height\":945,\"caption\":\"Mate Sante SRL\"},\"image\":{\"@id\":\"https:\/\/mate-sante.com\/#\/schema\/logo\/image\/\"}}]}<\/script>\n<!-- \/ Yoast SEO plugin. -->","yoast_head_json":{"title":"Yerba Mate - Mate Sante | Origines, traditions et types de mat\u00e9.","description":"La yerba mat\u00e9 est une infusion traditionnelle d\u2019Am\u00e9rique du Sud. D\u00e9couvrez les diff\u00e9rents types de yerba mat\u00e9 et leurs traditions.","robots":{"index":"index","follow":"follow","max-snippet":"max-snippet:-1","max-image-preview":"max-image-preview:large","max-video-preview":"max-video-preview:-1"},"canonical":"https:\/\/mate-sante.com\/nl\/yerba-mate\/","og_locale":"nl_BE","og_type":"article","og_title":"Yerba Mate - Mate Sante | Origines, traditions et types de mat\u00e9.","og_description":"La yerba mat\u00e9 est une infusion traditionnelle d\u2019Am\u00e9rique du Sud. D\u00e9couvrez les diff\u00e9rents types de yerba mat\u00e9 et leurs traditions.","og_url":"https:\/\/mate-sante.com\/nl\/yerba-mate\/","og_site_name":"Mate Sante","article_modified_time":"2026-01-27T10:44:32+00:00","og_image":[{"width":1080,"height":1350,"url":"https:\/\/mate-sante.com\/wp-content\/uploads\/2026\/01\/Diseno-sin-titulo-63.png","type":"image\/png"}],"twitter_card":"summary_large_image","twitter_misc":{"Geschatte leestijd":"1 minuut"},"schema":{"@context":"https:\/\/schema.org","@graph":[{"@type":"WebPage","@id":"https:\/\/mate-sante.com\/yerba-mate\/","url":"https:\/\/mate-sante.com\/yerba-mate\/","name":"Yerba Mate - Mate Sante | Origines, traditions et types de mat\u00e9.","isPartOf":{"@id":"https:\/\/mate-sante.com\/#website"},"primaryImageOfPage":{"@id":"https:\/\/mate-sante.com\/yerba-mate\/#primaryimage"},"image":{"@id":"https:\/\/mate-sante.com\/yerba-mate\/#primaryimage"},"thumbnailUrl":"https:\/\/mate-sante.com\/wp-content\/uploads\/2026\/01\/Diseno-sin-titulo-63.png","datePublished":"2026-01-27T10:06:53+00:00","dateModified":"2026-01-27T10:44:32+00:00","description":"La yerba mat\u00e9 est une infusion traditionnelle d\u2019Am\u00e9rique du Sud. D\u00e9couvrez les diff\u00e9rents types de yerba mat\u00e9 et leurs traditions.","breadcrumb":{"@id":"https:\/\/mate-sante.com\/yerba-mate\/#breadcrumb"},"inLanguage":"nl-BE","potentialAction":[{"@type":"ReadAction","target":["https:\/\/mate-sante.com\/yerba-mate\/"]}]},{"@type":"ImageObject","inLanguage":"nl-BE","@id":"https:\/\/mate-sante.com\/yerba-mate\/#primaryimage","url":"https:\/\/mate-sante.com\/wp-content\/uploads\/2026\/01\/Diseno-sin-titulo-63.png","contentUrl":"https:\/\/mate-sante.com\/wp-content\/uploads\/2026\/01\/Diseno-sin-titulo-63.png","width":1080,"height":1350},{"@type":"BreadcrumbList","@id":"https:\/\/mate-sante.com\/yerba-mate\/#breadcrumb","itemListElement":[{"@type":"ListItem","position":1,"name":"Portada","item":"https:\/\/mate-sante.com\/mate-sante-importation-et-distribution-en-belgique-de-yerba-mate-2\/"},{"@type":"ListItem","position":2,"name":"Yerba Mate"}]},{"@type":"WebSite","@id":"https:\/\/mate-sante.com\/#website","url":"https:\/\/mate-sante.com\/","name":"Mate Sante","description":"Importation et distribution de \u00abyerba mate\u00bb en Belgique","publisher":{"@id":"https:\/\/mate-sante.com\/#organization"},"potentialAction":[{"@type":"SearchAction","target":{"@type":"EntryPoint","urlTemplate":"https:\/\/mate-sante.com\/?s={search_term_string}"},"query-input":{"@type":"PropertyValueSpecification","valueRequired":true,"valueName":"search_term_string"}}],"inLanguage":"nl-BE"},{"@type":"Organization","@id":"https:\/\/mate-sante.com\/#organization","name":"Mate Sante SRL","url":"https:\/\/mate-sante.com\/","logo":{"@type":"ImageObject","inLanguage":"nl-BE","@id":"https:\/\/mate-sante.com\/#\/schema\/logo\/image\/","url":"https:\/\/mate-sante.com\/wp-content\/uploads\/2022\/01\/LOGO_VECTOR.png","contentUrl":"https:\/\/mate-sante.com\/wp-content\/uploads\/2022\/01\/LOGO_VECTOR.png","width":1063,"height":945,"caption":"Mate Sante SRL"},"image":{"@id":"https:\/\/mate-sante.com\/#\/schema\/logo\/image\/"}}]}},"_links":{"self":[{"href":"https:\/\/mate-sante.com\/nl\/wp-json\/wp\/v2\/pages\/1787","targetHints":{"allow":["GET"]}}],"collection":[{"href":"https:\/\/mate-sante.com\/nl\/wp-json\/wp\/v2\/pages"}],"about":[{"href":"https:\/\/mate-sante.com\/nl\/wp-json\/wp\/v2\/types\/page"}],"author":[{"embeddable":true,"href":"https:\/\/mate-sante.com\/nl\/wp-json\/wp\/v2\/users\/2"}],"replies":[{"embeddable":true,"href":"https:\/\/mate-sante.com\/nl\/wp-json\/wp\/v2\/comments?post=1787"}],"version-history":[{"count":7,"href":"https:\/\/mate-sante.com\/nl\/wp-json\/wp\/v2\/pages\/1787\/revisions"}],"predecessor-version":[{"id":1836,"href":"https:\/\/mate-sante.com\/nl\/wp-json\/wp\/v2\/pages\/1787\/revisions\/1836"}],"wp:featuredmedia":[{"embeddable":true,"href":"https:\/\/mate-sante.com\/nl\/wp-json\/wp\/v2\/media\/1821"}],"wp:attachment":[{"href":"https:\/\/mate-sante.com\/nl\/wp-json\/wp\/v2\/media?parent=1787"}],"curies":[{"name":"wp","href":"https:\/\/api.w.org\/{rel}","templated":true}]}}