{"id":1789,"date":"2026-01-27T11:11:27","date_gmt":"2026-01-27T10:11:27","guid":{"rendered":"https:\/\/mate-sante.com\/?page_id=1789"},"modified":"2026-04-06T10:51:31","modified_gmt":"2026-04-06T08:51:31","slug":"yerba-mate-dorigine-argentin","status":"publish","type":"page","link":"https:\/\/mate-sante.com\/nl\/yerba-mate-dorigine-argentin\/","title":{"rendered":"Herkomst: Argentini\u00eb"},"content":{"rendered":"<p>La yerba mat\u00e9 <strong>d\u2019origine argentine<\/strong> se distingue par son <strong>\u00e9quilibre<\/strong>, sa <strong>douceur<\/strong> et sa <strong>polyvalence<\/strong>. C\u2019est l\u2019origine la plus consomm\u00e9e au monde, id\u00e9ale aussi bien pour les amateurs que pour les professionnels du secteur.Chez Mat\u00e9 Sant\u00e9, nous s\u00e9lectionnons et importons des yerbas argentines issues de marques reconnues, avec <strong>diff\u00e9rentes coupes<\/strong> en <strong>profils gustatifs<\/strong>, adapt\u00e9es \u00e0 la distribution <strong>B2B<\/strong> et \u00e0 la <strong>vente sp\u00e9cialis\u00e9e<\/strong>.<\/p>\n\n\n\n<p><\/p>","protected":false},"excerpt":{"rendered":"<p>La yerba mat\u00e9 d\u2019origine argentine se distingue par son \u00e9quilibre, sa douceur et sa polyvalence. C\u2019est l\u2019origine la plus consomm\u00e9e au monde, id\u00e9ale aussi bien pour les amateurs que pour les professionnels du secteur.Chez Mat\u00e9 Sant\u00e9, nous s\u00e9lectionnons et importons des yerbas argentines issues de marques reconnues, avec diff\u00e9rentes coupes et profils gustatifs, adapt\u00e9es \u00e0 [&hellip;]<\/p>\n","protected":false},"author":2,"featured_media":0,"parent":0,"menu_order":0,"comment_status":"closed","ping_status":"closed","template":"","meta":{"_themeisle_gutenberg_block_has_review":false,"footnotes":""},"class_list":["post-1789","page","type-page","status-publish","hentry"],"yoast_head":"<!-- This site is optimized with the Yoast SEO plugin v26.9 - https:\/\/yoast.com\/product\/yoast-seo-wordpress\/ -->\n<title>Origine: Argentin - Mate Sante Yerba Mat\u00e9 Avec Go\u00fbt \u00e9quilibr\u00e9 et authentique.<\/title>\n<meta name=\"description\" content=\"D\u00e9couvrez la Yerba Mat\u00e9 \u2013 D&#039;origine Argentine, reconnue pour son go\u00fbt \u00e9quilibr\u00e9 et sa coupe harmonieuse. Id\u00e9ale pour une consommation quotidienne.\" \/>\n<meta name=\"robots\" content=\"index, follow, max-snippet:-1, max-image-preview:large, max-video-preview:-1\" \/>\n<link rel=\"canonical\" href=\"https:\/\/mate-sante.com\/nl\/yerba-mate-dorigine-argentin\/\" \/>\n<meta property=\"og:locale\" content=\"nl_BE\" \/>\n<meta property=\"og:type\" content=\"article\" \/>\n<meta property=\"og:title\" content=\"Origine: Argentin - Mate Sante Yerba Mat\u00e9 Avec Go\u00fbt \u00e9quilibr\u00e9 et authentique.\" \/>\n<meta property=\"og:description\" content=\"D\u00e9couvrez la Yerba Mat\u00e9 \u2013 D&#039;origine Argentine, reconnue pour son go\u00fbt \u00e9quilibr\u00e9 et sa coupe harmonieuse. Id\u00e9ale pour une consommation quotidienne.\" \/>\n<meta property=\"og:url\" content=\"https:\/\/mate-sante.com\/nl\/yerba-mate-dorigine-argentin\/\" \/>\n<meta property=\"og:site_name\" content=\"Mate Sante\" \/>\n<meta property=\"article:modified_time\" content=\"2026-04-06T08:51:31+00:00\" \/>\n<meta name=\"twitter:card\" content=\"summary_large_image\" \/>\n<script type=\"application\/ld+json\" class=\"yoast-schema-graph\">{\"@context\":\"https:\/\/schema.org\",\"@graph\":[{\"@type\":\"WebPage\",\"@id\":\"https:\/\/mate-sante.com\/fr\/yerba-mate-dorigine-argentin\/\",\"url\":\"https:\/\/mate-sante.com\/fr\/yerba-mate-dorigine-argentin\/\",\"name\":\"Origine: Argentin - Mate Sante Yerba Mat\u00e9 Avec Go\u00fbt \u00e9quilibr\u00e9 et authentique.\",\"isPartOf\":{\"@id\":\"https:\/\/mate-sante.com\/#website\"},\"datePublished\":\"2026-01-27T10:11:27+00:00\",\"dateModified\":\"2026-04-06T08:51:31+00:00\",\"description\":\"D\u00e9couvrez la Yerba Mat\u00e9 \u2013 D'origine Argentine, reconnue pour son go\u00fbt \u00e9quilibr\u00e9 et sa coupe harmonieuse. Id\u00e9ale pour une consommation quotidienne.\",\"breadcrumb\":{\"@id\":\"https:\/\/mate-sante.com\/fr\/yerba-mate-dorigine-argentin\/#breadcrumb\"},\"inLanguage\":\"nl-BE\",\"potentialAction\":[{\"@type\":\"ReadAction\",\"target\":[\"https:\/\/mate-sante.com\/fr\/yerba-mate-dorigine-argentin\/\"]}]},{\"@type\":\"BreadcrumbList\",\"@id\":\"https:\/\/mate-sante.com\/fr\/yerba-mate-dorigine-argentin\/#breadcrumb\",\"itemListElement\":[{\"@type\":\"ListItem\",\"position\":1,\"name\":\"Portada\",\"item\":\"https:\/\/mate-sante.com\/mate-sante-importation-et-distribution-en-belgique-de-yerba-mate-2\/\"},{\"@type\":\"ListItem\",\"position\":2,\"name\":\"Yerbas Mat\u00e9 > Origine Argentin\"}]},{\"@type\":\"WebSite\",\"@id\":\"https:\/\/mate-sante.com\/#website\",\"url\":\"https:\/\/mate-sante.com\/\",\"name\":\"Mate Sante\",\"description\":\"Importation et distribution de \u00abyerba mate\u00bb en Belgique\",\"publisher\":{\"@id\":\"https:\/\/mate-sante.com\/#organization\"},\"potentialAction\":[{\"@type\":\"SearchAction\",\"target\":{\"@type\":\"EntryPoint\",\"urlTemplate\":\"https:\/\/mate-sante.com\/?s={search_term_string}\"},\"query-input\":{\"@type\":\"PropertyValueSpecification\",\"valueRequired\":true,\"valueName\":\"search_term_string\"}}],\"inLanguage\":\"nl-BE\"},{\"@type\":\"Organization\",\"@id\":\"https:\/\/mate-sante.com\/#organization\",\"name\":\"Mate Sante SRL\",\"url\":\"https:\/\/mate-sante.com\/\",\"logo\":{\"@type\":\"ImageObject\",\"inLanguage\":\"nl-BE\",\"@id\":\"https:\/\/mate-sante.com\/#\/schema\/logo\/image\/\",\"url\":\"https:\/\/mate-sante.com\/wp-content\/uploads\/2022\/01\/LOGO_VECTOR.png\",\"contentUrl\":\"https:\/\/mate-sante.com\/wp-content\/uploads\/2022\/01\/LOGO_VECTOR.png\",\"width\":1063,\"height\":945,\"caption\":\"Mate Sante SRL\"},\"image\":{\"@id\":\"https:\/\/mate-sante.com\/#\/schema\/logo\/image\/\"}}]}<\/script>\n<!-- \/ Yoast SEO plugin. -->","yoast_head_json":{"title":"Origine: Argentin - Mate Sante Yerba Mat\u00e9 Avec Go\u00fbt \u00e9quilibr\u00e9 et authentique.","description":"D\u00e9couvrez la Yerba Mat\u00e9 \u2013 D'origine Argentine, reconnue pour son go\u00fbt \u00e9quilibr\u00e9 et sa coupe harmonieuse. Id\u00e9ale pour une consommation quotidienne.","robots":{"index":"index","follow":"follow","max-snippet":"max-snippet:-1","max-image-preview":"max-image-preview:large","max-video-preview":"max-video-preview:-1"},"canonical":"https:\/\/mate-sante.com\/nl\/yerba-mate-dorigine-argentin\/","og_locale":"nl_BE","og_type":"article","og_title":"Origine: Argentin - Mate Sante Yerba Mat\u00e9 Avec Go\u00fbt \u00e9quilibr\u00e9 et authentique.","og_description":"D\u00e9couvrez la Yerba Mat\u00e9 \u2013 D'origine Argentine, reconnue pour son go\u00fbt \u00e9quilibr\u00e9 et sa coupe harmonieuse. Id\u00e9ale pour une consommation quotidienne.","og_url":"https:\/\/mate-sante.com\/nl\/yerba-mate-dorigine-argentin\/","og_site_name":"Mate Sante","article_modified_time":"2026-04-06T08:51:31+00:00","twitter_card":"summary_large_image","schema":{"@context":"https:\/\/schema.org","@graph":[{"@type":"WebPage","@id":"https:\/\/mate-sante.com\/fr\/yerba-mate-dorigine-argentin\/","url":"https:\/\/mate-sante.com\/fr\/yerba-mate-dorigine-argentin\/","name":"Origine: Argentin - Mate Sante Yerba Mat\u00e9 Avec Go\u00fbt \u00e9quilibr\u00e9 et authentique.","isPartOf":{"@id":"https:\/\/mate-sante.com\/#website"},"datePublished":"2026-01-27T10:11:27+00:00","dateModified":"2026-04-06T08:51:31+00:00","description":"D\u00e9couvrez la Yerba Mat\u00e9 \u2013 D'origine Argentine, reconnue pour son go\u00fbt \u00e9quilibr\u00e9 et sa coupe harmonieuse. Id\u00e9ale pour une consommation quotidienne.","breadcrumb":{"@id":"https:\/\/mate-sante.com\/fr\/yerba-mate-dorigine-argentin\/#breadcrumb"},"inLanguage":"nl-BE","potentialAction":[{"@type":"ReadAction","target":["https:\/\/mate-sante.com\/fr\/yerba-mate-dorigine-argentin\/"]}]},{"@type":"BreadcrumbList","@id":"https:\/\/mate-sante.com\/fr\/yerba-mate-dorigine-argentin\/#breadcrumb","itemListElement":[{"@type":"ListItem","position":1,"name":"Portada","item":"https:\/\/mate-sante.com\/mate-sante-importation-et-distribution-en-belgique-de-yerba-mate-2\/"},{"@type":"ListItem","position":2,"name":"Yerbas Mat\u00e9 > Origine Argentin"}]},{"@type":"WebSite","@id":"https:\/\/mate-sante.com\/#website","url":"https:\/\/mate-sante.com\/","name":"Mate Sante","description":"Importation et distribution de \u00abyerba mate\u00bb en Belgique","publisher":{"@id":"https:\/\/mate-sante.com\/#organization"},"potentialAction":[{"@type":"SearchAction","target":{"@type":"EntryPoint","urlTemplate":"https:\/\/mate-sante.com\/?s={search_term_string}"},"query-input":{"@type":"PropertyValueSpecification","valueRequired":true,"valueName":"search_term_string"}}],"inLanguage":"nl-BE"},{"@type":"Organization","@id":"https:\/\/mate-sante.com\/#organization","name":"Mate Sante SRL","url":"https:\/\/mate-sante.com\/","logo":{"@type":"ImageObject","inLanguage":"nl-BE","@id":"https:\/\/mate-sante.com\/#\/schema\/logo\/image\/","url":"https:\/\/mate-sante.com\/wp-content\/uploads\/2022\/01\/LOGO_VECTOR.png","contentUrl":"https:\/\/mate-sante.com\/wp-content\/uploads\/2022\/01\/LOGO_VECTOR.png","width":1063,"height":945,"caption":"Mate Sante SRL"},"image":{"@id":"https:\/\/mate-sante.com\/#\/schema\/logo\/image\/"}}]}},"_links":{"self":[{"href":"https:\/\/mate-sante.com\/nl\/wp-json\/wp\/v2\/pages\/1789","targetHints":{"allow":["GET"]}}],"collection":[{"href":"https:\/\/mate-sante.com\/nl\/wp-json\/wp\/v2\/pages"}],"about":[{"href":"https:\/\/mate-sante.com\/nl\/wp-json\/wp\/v2\/types\/page"}],"author":[{"embeddable":true,"href":"https:\/\/mate-sante.com\/nl\/wp-json\/wp\/v2\/users\/2"}],"replies":[{"embeddable":true,"href":"https:\/\/mate-sante.com\/nl\/wp-json\/wp\/v2\/comments?post=1789"}],"version-history":[{"count":2,"href":"https:\/\/mate-sante.com\/nl\/wp-json\/wp\/v2\/pages\/1789\/revisions"}],"predecessor-version":[{"id":2283,"href":"https:\/\/mate-sante.com\/nl\/wp-json\/wp\/v2\/pages\/1789\/revisions\/2283"}],"wp:attachment":[{"href":"https:\/\/mate-sante.com\/nl\/wp-json\/wp\/v2\/media?parent=1789"}],"curies":[{"name":"wp","href":"https:\/\/api.w.org\/{rel}","templated":true}]}}