{"id":1791,"date":"2026-01-27T11:14:27","date_gmt":"2026-01-27T10:14:27","guid":{"rendered":"https:\/\/mate-sante.com\/?page_id=1791"},"modified":"2026-04-06T10:52:14","modified_gmt":"2026-04-06T08:52:14","slug":"yerba-mate-uruguayenne","status":"publish","type":"page","link":"https:\/\/mate-sante.com\/nl\/yerba-mate-uruguayenne\/","title":{"rendered":"Herkomst: Uruguayaans"},"content":{"rendered":"<p>De <strong>yerba mat\u00e9 d\u2019origine uruguayenne<\/strong> se caract\u00e9rise par une <strong>mouture tr\u00e8s fine<\/strong>, een <strong>forte intensit\u00e9<\/strong> et une <strong>longue dur\u00e9e en bouche<\/strong>.<\/p>\n\n\n\n<p>Elle est particuli\u00e8rement appr\u00e9ci\u00e9e par les consommateurs <strong>exigeants<\/strong> et les <strong>march\u00e9s sp\u00e9cialis\u00e9s<\/strong>.Mat\u00e9 Sant\u00e9 importe et distribue des yerbas <strong>uruguayennes<\/strong> s\u00e9lectionn\u00e9es.<\/p>\n\n\n\n<p>Adapt\u00e9es aux professionnels recherchant des produits \u00e0 <strong>forte identit\u00e9<\/strong> et \u00e0 <strong>rotation r\u00e9guli\u00e8re<\/strong>.<\/p>","protected":false},"excerpt":{"rendered":"<p>La yerba mat\u00e9 d\u2019origine uruguayenne se caract\u00e9rise par une mouture tr\u00e8s fine, une forte intensit\u00e9 et une longue dur\u00e9e en bouche. Elle est particuli\u00e8rement appr\u00e9ci\u00e9e par les consommateurs exigeants et les march\u00e9s sp\u00e9cialis\u00e9s.Mat\u00e9 Sant\u00e9 importe et distribue des yerbas uruguayennes s\u00e9lectionn\u00e9es. Adapt\u00e9es aux professionnels recherchant des produits \u00e0 forte identit\u00e9 et \u00e0 rotation r\u00e9guli\u00e8re.<\/p>","protected":false},"author":2,"featured_media":0,"parent":0,"menu_order":0,"comment_status":"closed","ping_status":"closed","template":"","meta":{"_themeisle_gutenberg_block_has_review":false,"footnotes":""},"class_list":["post-1791","page","type-page","status-publish","hentry"],"yoast_head":"<!-- This site is optimized with the Yoast SEO plugin v26.9 - https:\/\/yoast.com\/product\/yoast-seo-wordpress\/ -->\n<title>Origine: Uruguayen - Mate Sante yerba mate Intense de caract\u00e8re affirm\u00e9<\/title>\n<meta name=\"description\" content=\"La Yerba Mat\u00e9 \u2013 D&#039;origine Uruguayenne se distingue par sa coupe tr\u00e8s fine et son intensit\u00e9 marqu\u00e9e. Un mat\u00e9 puissant pour les amateurs exigeants.\" \/>\n<meta name=\"robots\" content=\"index, follow, max-snippet:-1, max-image-preview:large, max-video-preview:-1\" \/>\n<link rel=\"canonical\" href=\"https:\/\/mate-sante.com\/nl\/yerba-mate-uruguayenne\/\" \/>\n<meta property=\"og:locale\" content=\"nl_BE\" \/>\n<meta property=\"og:type\" content=\"article\" \/>\n<meta property=\"og:title\" content=\"Origine: Uruguayen - Mate Sante yerba mate Intense de caract\u00e8re affirm\u00e9\" \/>\n<meta property=\"og:description\" content=\"La Yerba Mat\u00e9 \u2013 D&#039;origine Uruguayenne se distingue par sa coupe tr\u00e8s fine et son intensit\u00e9 marqu\u00e9e. Un mat\u00e9 puissant pour les amateurs exigeants.\" \/>\n<meta property=\"og:url\" content=\"https:\/\/mate-sante.com\/nl\/yerba-mate-uruguayenne\/\" \/>\n<meta property=\"og:site_name\" content=\"Mate Sante\" \/>\n<meta property=\"article:modified_time\" content=\"2026-04-06T08:52:14+00:00\" \/>\n<meta name=\"twitter:card\" content=\"summary_large_image\" \/>\n<script type=\"application\/ld+json\" class=\"yoast-schema-graph\">{\"@context\":\"https:\/\/schema.org\",\"@graph\":[{\"@type\":\"WebPage\",\"@id\":\"https:\/\/mate-sante.com\/fr\/yerba-mate-uruguayenne\/\",\"url\":\"https:\/\/mate-sante.com\/fr\/yerba-mate-uruguayenne\/\",\"name\":\"Origine: Uruguayen - Mate Sante yerba mate Intense de caract\u00e8re affirm\u00e9\",\"isPartOf\":{\"@id\":\"https:\/\/mate-sante.com\/#website\"},\"datePublished\":\"2026-01-27T10:14:27+00:00\",\"dateModified\":\"2026-04-06T08:52:14+00:00\",\"description\":\"La Yerba Mat\u00e9 \u2013 D'origine Uruguayenne se distingue par sa coupe tr\u00e8s fine et son intensit\u00e9 marqu\u00e9e. Un mat\u00e9 puissant pour les amateurs exigeants.\",\"breadcrumb\":{\"@id\":\"https:\/\/mate-sante.com\/fr\/yerba-mate-uruguayenne\/#breadcrumb\"},\"inLanguage\":\"nl-BE\",\"potentialAction\":[{\"@type\":\"ReadAction\",\"target\":[\"https:\/\/mate-sante.com\/fr\/yerba-mate-uruguayenne\/\"]}]},{\"@type\":\"BreadcrumbList\",\"@id\":\"https:\/\/mate-sante.com\/fr\/yerba-mate-uruguayenne\/#breadcrumb\",\"itemListElement\":[{\"@type\":\"ListItem\",\"position\":1,\"name\":\"Portada\",\"item\":\"https:\/\/mate-sante.com\/mate-sante-importation-et-distribution-en-belgique-de-yerba-mate-2\/\"},{\"@type\":\"ListItem\",\"position\":2,\"name\":\"Origine: Uruguayen\"}]},{\"@type\":\"WebSite\",\"@id\":\"https:\/\/mate-sante.com\/#website\",\"url\":\"https:\/\/mate-sante.com\/\",\"name\":\"Mate Sante\",\"description\":\"Importation et distribution de \u00abyerba mate\u00bb en Belgique\",\"publisher\":{\"@id\":\"https:\/\/mate-sante.com\/#organization\"},\"potentialAction\":[{\"@type\":\"SearchAction\",\"target\":{\"@type\":\"EntryPoint\",\"urlTemplate\":\"https:\/\/mate-sante.com\/?s={search_term_string}\"},\"query-input\":{\"@type\":\"PropertyValueSpecification\",\"valueRequired\":true,\"valueName\":\"search_term_string\"}}],\"inLanguage\":\"nl-BE\"},{\"@type\":\"Organization\",\"@id\":\"https:\/\/mate-sante.com\/#organization\",\"name\":\"Mate Sante SRL\",\"url\":\"https:\/\/mate-sante.com\/\",\"logo\":{\"@type\":\"ImageObject\",\"inLanguage\":\"nl-BE\",\"@id\":\"https:\/\/mate-sante.com\/#\/schema\/logo\/image\/\",\"url\":\"https:\/\/mate-sante.com\/wp-content\/uploads\/2022\/01\/LOGO_VECTOR.png\",\"contentUrl\":\"https:\/\/mate-sante.com\/wp-content\/uploads\/2022\/01\/LOGO_VECTOR.png\",\"width\":1063,\"height\":945,\"caption\":\"Mate Sante SRL\"},\"image\":{\"@id\":\"https:\/\/mate-sante.com\/#\/schema\/logo\/image\/\"}}]}<\/script>\n<!-- \/ Yoast SEO plugin. -->","yoast_head_json":{"title":"Origine: Uruguayen - Mate Sante yerba mate Intense de caract\u00e8re affirm\u00e9","description":"La Yerba Mat\u00e9 \u2013 D'origine Uruguayenne se distingue par sa coupe tr\u00e8s fine et son intensit\u00e9 marqu\u00e9e. Un mat\u00e9 puissant pour les amateurs exigeants.","robots":{"index":"index","follow":"follow","max-snippet":"max-snippet:-1","max-image-preview":"max-image-preview:large","max-video-preview":"max-video-preview:-1"},"canonical":"https:\/\/mate-sante.com\/nl\/yerba-mate-uruguayenne\/","og_locale":"nl_BE","og_type":"article","og_title":"Origine: Uruguayen - Mate Sante yerba mate Intense de caract\u00e8re affirm\u00e9","og_description":"La Yerba Mat\u00e9 \u2013 D'origine Uruguayenne se distingue par sa coupe tr\u00e8s fine et son intensit\u00e9 marqu\u00e9e. Un mat\u00e9 puissant pour les amateurs exigeants.","og_url":"https:\/\/mate-sante.com\/nl\/yerba-mate-uruguayenne\/","og_site_name":"Mate Sante","article_modified_time":"2026-04-06T08:52:14+00:00","twitter_card":"summary_large_image","schema":{"@context":"https:\/\/schema.org","@graph":[{"@type":"WebPage","@id":"https:\/\/mate-sante.com\/fr\/yerba-mate-uruguayenne\/","url":"https:\/\/mate-sante.com\/fr\/yerba-mate-uruguayenne\/","name":"Origine: Uruguayen - Mate Sante yerba mate Intense de caract\u00e8re affirm\u00e9","isPartOf":{"@id":"https:\/\/mate-sante.com\/#website"},"datePublished":"2026-01-27T10:14:27+00:00","dateModified":"2026-04-06T08:52:14+00:00","description":"La Yerba Mat\u00e9 \u2013 D'origine Uruguayenne se distingue par sa coupe tr\u00e8s fine et son intensit\u00e9 marqu\u00e9e. Un mat\u00e9 puissant pour les amateurs exigeants.","breadcrumb":{"@id":"https:\/\/mate-sante.com\/fr\/yerba-mate-uruguayenne\/#breadcrumb"},"inLanguage":"nl-BE","potentialAction":[{"@type":"ReadAction","target":["https:\/\/mate-sante.com\/fr\/yerba-mate-uruguayenne\/"]}]},{"@type":"BreadcrumbList","@id":"https:\/\/mate-sante.com\/fr\/yerba-mate-uruguayenne\/#breadcrumb","itemListElement":[{"@type":"ListItem","position":1,"name":"Portada","item":"https:\/\/mate-sante.com\/mate-sante-importation-et-distribution-en-belgique-de-yerba-mate-2\/"},{"@type":"ListItem","position":2,"name":"Origine: Uruguayen"}]},{"@type":"WebSite","@id":"https:\/\/mate-sante.com\/#website","url":"https:\/\/mate-sante.com\/","name":"Mate Sante","description":"Importation et distribution de \u00abyerba mate\u00bb en Belgique","publisher":{"@id":"https:\/\/mate-sante.com\/#organization"},"potentialAction":[{"@type":"SearchAction","target":{"@type":"EntryPoint","urlTemplate":"https:\/\/mate-sante.com\/?s={search_term_string}"},"query-input":{"@type":"PropertyValueSpecification","valueRequired":true,"valueName":"search_term_string"}}],"inLanguage":"nl-BE"},{"@type":"Organization","@id":"https:\/\/mate-sante.com\/#organization","name":"Mate Sante SRL","url":"https:\/\/mate-sante.com\/","logo":{"@type":"ImageObject","inLanguage":"nl-BE","@id":"https:\/\/mate-sante.com\/#\/schema\/logo\/image\/","url":"https:\/\/mate-sante.com\/wp-content\/uploads\/2022\/01\/LOGO_VECTOR.png","contentUrl":"https:\/\/mate-sante.com\/wp-content\/uploads\/2022\/01\/LOGO_VECTOR.png","width":1063,"height":945,"caption":"Mate Sante SRL"},"image":{"@id":"https:\/\/mate-sante.com\/#\/schema\/logo\/image\/"}}]}},"_links":{"self":[{"href":"https:\/\/mate-sante.com\/nl\/wp-json\/wp\/v2\/pages\/1791","targetHints":{"allow":["GET"]}}],"collection":[{"href":"https:\/\/mate-sante.com\/nl\/wp-json\/wp\/v2\/pages"}],"about":[{"href":"https:\/\/mate-sante.com\/nl\/wp-json\/wp\/v2\/types\/page"}],"author":[{"embeddable":true,"href":"https:\/\/mate-sante.com\/nl\/wp-json\/wp\/v2\/users\/2"}],"replies":[{"embeddable":true,"href":"https:\/\/mate-sante.com\/nl\/wp-json\/wp\/v2\/comments?post=1791"}],"version-history":[{"count":2,"href":"https:\/\/mate-sante.com\/nl\/wp-json\/wp\/v2\/pages\/1791\/revisions"}],"predecessor-version":[{"id":2284,"href":"https:\/\/mate-sante.com\/nl\/wp-json\/wp\/v2\/pages\/1791\/revisions\/2284"}],"wp:attachment":[{"href":"https:\/\/mate-sante.com\/nl\/wp-json\/wp\/v2\/media?parent=1791"}],"curies":[{"name":"wp","href":"https:\/\/api.w.org\/{rel}","templated":true}]}}