{"id":579,"date":"2022-02-08T14:03:10","date_gmt":"2022-02-08T13:03:10","guid":{"rendered":"https:\/\/mate-sante.com\/?page_id=579"},"modified":"2026-04-11T11:41:46","modified_gmt":"2026-04-11T09:41:46","slug":"yerba-mate-baldo-bresil","status":"publish","type":"page","link":"https:\/\/mate-sante.com\/nl\/yerba-mate-baldo-bresil\/","title":{"rendered":"Baldo 1"},"content":{"rendered":"<div id='welcome'  class='av-layout-grid-container av-672rg9-24b1330b891b03e562a71c0f0e49ff64 entry-content-wrapper main_color av-fixed-cells  avia-builder-el-0  el_before_av_section  avia-builder-el-first   container_wrap sidebar_right'  >\n\n<style type=\"text\/css\" data-created_by=\"avia_inline_auto\" id=\"style-css-av-63xogp-2137dc690919066ddd89559991dbba6b\">\n.flex_cell.av-63xogp-2137dc690919066ddd89559991dbba6b{\nvertical-align:top;\nheight:15px;\nmin-height:15px;\npadding:0px 0px 0px 0px;\nbackground-color:#719430;\n}\n<\/style>\n<div class='flex_cell av_one_fourth av-63xogp-2137dc690919066ddd89559991dbba6b no_margin  avia-builder-el-1  el_before_av_cell_one_fourth  avia-builder-el-first  av-zero-padding' ><div class='flex_cell_inner'><\/div><\/div>\n<style type=\"text\/css\" data-created_by=\"avia_inline_auto\" id=\"style-css-av-5xywzd-bac27cb79c913beea1b03b31daf84113\">\n.flex_cell.av-5xywzd-bac27cb79c913beea1b03b31daf84113{\nvertical-align:top;\nheight:15px;\nmin-height:15px;\npadding:0px 0px 0px 0px;\nbackground-color:#92bb46;\n}\n<\/style>\n<div class='flex_cell av_one_fourth av-5xywzd-bac27cb79c913beea1b03b31daf84113 no_margin  avia-builder-el-2  el_after_av_cell_one_fourth  el_before_av_cell_one_fourth  av-zero-padding' ><div class='flex_cell_inner'><\/div><\/div>\n<style type=\"text\/css\" data-created_by=\"avia_inline_auto\" id=\"style-css-av-5r737d-76ba3606b231bdd0db8be7d98ca9a7e1\">\n.flex_cell.av-5r737d-76ba3606b231bdd0db8be7d98ca9a7e1{\nvertical-align:top;\nheight:15px;\nmin-height:15px;\npadding:0px 0px 0px 0px;\nbackground-color:#acd464;\n}\n<\/style>\n<div class='flex_cell av_one_fourth av-5r737d-76ba3606b231bdd0db8be7d98ca9a7e1 no_margin  avia-builder-el-3  el_after_av_cell_one_fourth  el_before_av_cell_one_fourth  av-zero-padding' ><div class='flex_cell_inner'><\/div><\/div>\n<style type=\"text\/css\" data-created_by=\"avia_inline_auto\" id=\"style-css-av-5hhp9t-00485403c80f58f5d0b8e95757091a83\">\n.flex_cell.av-5hhp9t-00485403c80f58f5d0b8e95757091a83{\nvertical-align:top;\nheight:15px;\nmin-height:15px;\npadding:0px 0px 0px 0px;\nbackground-color:#e1fbb2;\n}\n<\/style>\n<div class='flex_cell av_one_fourth av-5hhp9t-00485403c80f58f5d0b8e95757091a83 no_margin  avia-builder-el-4  el_after_av_cell_one_fourth  avia-builder-el-last  av-zero-padding' ><div class='flex_cell_inner'><\/div><\/div>\n<\/div>\n<div id='av_section_1'  class='avia-section av-5b7sk1-30664e80ad3dc91bc09e40e2ede9e0fb main_color avia-section-large avia-no-border-styling  avia-builder-el-5  el_after_av_layout_row  el_before_av_section  avia-bg-style-scroll container_wrap sidebar_right'  ><div class='container av-section-cont-open' ><div class='template-page content  av-content-small alpha units'><div class='post-entry post-entry-type-page post-entry-579'><div class='entry-content-wrapper clearfix'>\n\n<style type=\"text\/css\" data-created_by=\"avia_inline_auto\" id=\"style-css-av-58jsjd-477171110f9408d0297f2984c3ebe5fa\">\n#top .av-special-heading.av-58jsjd-477171110f9408d0297f2984c3ebe5fa{\npadding-bottom:20px;\nfont-size:35px;\n}\nbody .av-special-heading.av-58jsjd-477171110f9408d0297f2984c3ebe5fa .av-special-heading-tag .heading-char{\nfont-size:25px;\n}\n#top #wrap_all .av-special-heading.av-58jsjd-477171110f9408d0297f2984c3ebe5fa .av-special-heading-tag{\nfont-size:35px;\n}\n.av-special-heading.av-58jsjd-477171110f9408d0297f2984c3ebe5fa .av-subheading{\nfont-size:15px;\n}\n<\/style>\n<div  class='av-special-heading av-58jsjd-477171110f9408d0297f2984c3ebe5fa av-special-heading-h2 blockquote classic-quote  avia-builder-el-6  el_before_av_hr  avia-builder-el-first  av-inherit-size'><h2 class='av-special-heading-tag'  itemprop=\"headline\"  >Baldo<\/h2><div class='av-subheading av-subheading_below'><p>Baldo-yerba mate is een Braziliaanse yerba mate die bekendstaat om zijn constante kwaliteit en eeuwenoude vakmanschap. Deze yerba mate wordt geproduceerd in de staat Rio Grande do Sul, is afkomstig van zorgvuldig geselecteerde plantages en wordt verwerkt volgens moderne, gepatenteerde methoden.<br \/>\nBaldo is vandaag de dag een van de grootste exporteurs van yerba mate uit Brazili\u00eb, met een sterke aanwezigheid op de internationale markten.<\/p>\n<\/div><div class=\"special-heading-border\"><div class=\"special-heading-inner-border\"><\/div><\/div><\/div>\n\n<style type=\"text\/css\" data-created_by=\"avia_inline_auto\" id=\"style-css-av-52lmnt-6f042de9c63d9848d69928afb1634bd4\">\n#top .hr.hr-invisible.av-52lmnt-6f042de9c63d9848d69928afb1634bd4{\nheight:30px;\n}\n<\/style>\n<div  class='hr av-52lmnt-6f042de9c63d9848d69928afb1634bd4 hr-invisible  avia-builder-el-7  el_after_av_heading  avia-builder-el-last'><span class='hr-inner'><span class=\"hr-inner-style\"><\/span><\/span><\/div>\n\n<\/div><\/div><\/div><!-- close content main div --><\/div><\/div><div id='av_section_2'  class='avia-section av-5g7315-de1ec68fa5e52bc56347cbe04ba6a154 main_color avia-section-large avia-no-border-styling  avia-builder-el-8  el_after_av_section  avia-builder-el-last  avia-bg-style-scroll container_wrap sidebar_right'  ><div class='container av-section-cont-open' ><div class='template-page content  av-content-small alpha units'><div class='post-entry post-entry-type-page post-entry-579'><div class='entry-content-wrapper clearfix'>\n\n<style type=\"text\/css\" data-created_by=\"avia_inline_auto\" id=\"style-css-av-3sqp0p-ab5d3b8014048ccfd19f35e6880bf643\">\n.flex_column.av-3sqp0p-ab5d3b8014048ccfd19f35e6880bf643{\nborder-radius:0px 0px 0px 0px;\n-webkit-border-radius:0px 0px 0px 0px;\n-moz-border-radius:0px 0px 0px 0px;\n}\n<\/style>\n<div class='flex_column av-3sqp0p-ab5d3b8014048ccfd19f35e6880bf643 av_one_half  avia-builder-el-9  el_before_av_one_half  avia-builder-el-first  first flex_column_div av-zero-column-padding'   ><p>\n<style type=\"text\/css\" data-created_by=\"avia_inline_auto\" id=\"style-css-av-3tp7ax-3f8c50748deba8ade5a7581a9120ab16\">\n.avia-image-container.av-3tp7ax-3f8c50748deba8ade5a7581a9120ab16 .av-image-caption-overlay-center{\ncolor:#ffffff;\n}\n<\/style>\n<div  class='avia-image-container av-3tp7ax-3f8c50748deba8ade5a7581a9120ab16 av-styling- avia-align-center  avia-builder-el-10  el_before_av_heading  avia-builder-el-first'  itemprop=\"image\" itemscope=\"itemscope\" itemtype=\"https:\/\/schema.org\/ImageObject\" ><div class=\"avia-image-container-inner\"><div class=\"avia-image-overlay-wrap\"><img decoding=\"async\" class='wp-image-1578 avia-img-lazy-loading-not-1578 avia_image' src=\"https:\/\/mate-sante.com\/wp-content\/uploads\/2026\/01\/Diseno-sin-titulo-26-1.png\" alt='' title='Dise\u00f1o sin t\u00edtulo (26)'  height=\"300\" width=\"226\"  itemprop=\"thumbnailUrl\"  \/><\/div><\/div><\/div><br \/>\n\n<style type=\"text\/css\" data-created_by=\"avia_inline_auto\" id=\"style-css-av-kz3zhgiw-5890ff0ce38f0aacb633c50fe044684b\">\n#top .av-special-heading.av-kz3zhgiw-5890ff0ce38f0aacb633c50fe044684b{\npadding-bottom:10px;\n}\nbody .av-special-heading.av-kz3zhgiw-5890ff0ce38f0aacb633c50fe044684b .av-special-heading-tag .heading-char{\nfont-size:25px;\n}\n.av-special-heading.av-kz3zhgiw-5890ff0ce38f0aacb633c50fe044684b .av-subheading{\nfont-size:15px;\n}\n<\/style>\n<div  class='av-special-heading av-kz3zhgiw-5890ff0ce38f0aacb633c50fe044684b av-special-heading-h2 blockquote classic-quote  avia-builder-el-11  el_after_av_image  el_before_av_textblock'><h2 class='av-special-heading-tag'  itemprop=\"headline\"  >Yerba mate Baldo  1 Kg <\/h2><div class=\"special-heading-border\"><div class=\"special-heading-inner-border\"><\/div><\/div><\/div><br \/>\n<section  class='av_textblock_section av-kz3zhkqt-eb39b6f6b0426936d6ec3b686484fc15'  itemscope=\"itemscope\" itemtype=\"https:\/\/schema.org\/CreativeWork\" ><div class='avia_textblock'  itemprop=\"text\" ><p style=\"text-align: center;\" data-start=\"495\" data-end=\"677\">De <strong data-start=\"498\" data-end=\"521\">Yerba Mate Baldo<\/strong>\u00a0is een yerba mate van Uruguayaanse oorsprong, bekend om zijn <strong data-start=\"582\" data-end=\"623\">een intens, evenwichtig en consistent profiel<\/strong>, zeer geliefd bij liefhebbers van traditionele mate.<\/p>\n<p style=\"text-align: center;\" data-start=\"679\" data-end=\"965\">Gemaakt van gemalen koffie <strong data-start=\"705\" data-end=\"725\">PU (met poeder)<\/strong>, typisch voor Uruguay, biedt het een <strong data-start=\"764\" data-end=\"783\">krachtige thee<\/strong>, een uitgesproken maar beheerste bitterheid, evenals een <strong data-start=\"835\" data-end=\"871\">uitstekende afdronk<\/strong>. Dankzij de fijne structuur verloopt de extractie geleidelijk, wat ideaal is voor lange, gelijkmatige trekbeurten.<\/p>\n<p style=\"text-align: center;\" data-start=\"967\" data-end=\"1252\">Baldo is een historisch merk, bekend om de <strong data-start=\"1016\" data-end=\"1053\">de constante kwaliteit van zijn vellen<\/strong>, de zorgvuldige droging en het respect voor traditionele vakkennis. Deze yerba is zowel geschikt voor dagelijks gebruik als voor veeleisende markten die op zoek zijn naar een authentiek en betrouwbaar product.<\/p>\n<\/div><\/section><\/p><\/div>\n<style type=\"text\/css\" data-created_by=\"avia_inline_auto\" id=\"style-css-av-4uj6n5-4033e0aa2e900a5f3b9bf77746370d4d\">\n.flex_column.av-4uj6n5-4033e0aa2e900a5f3b9bf77746370d4d{\nborder-radius:0px 0px 0px 0px;\n-webkit-border-radius:0px 0px 0px 0px;\n-moz-border-radius:0px 0px 0px 0px;\n}\n<\/style>\n<div class='flex_column av-4uj6n5-4033e0aa2e900a5f3b9bf77746370d4d av_one_half  avia-builder-el-13  el_after_av_one_half  el_before_av_hr  flex_column_div av-zero-column-padding'   ><p>\n<style type=\"text\/css\" data-created_by=\"avia_inline_auto\" id=\"style-css-av-54ggix-2af35e103be1caa9d21084c4fc68ab23\">\n.avia-image-container.av-54ggix-2af35e103be1caa9d21084c4fc68ab23 .av-image-caption-overlay-center{\ncolor:#ffffff;\n}\n<\/style>\n<div  class='avia-image-container av-54ggix-2af35e103be1caa9d21084c4fc68ab23 av-styling- avia-align-center  avia-builder-el-14  el_before_av_heading  avia-builder-el-first'  itemprop=\"image\" itemscope=\"itemscope\" itemtype=\"https:\/\/schema.org\/ImageObject\" ><div class=\"avia-image-container-inner\"><div class=\"avia-image-overlay-wrap\"><img decoding=\"async\" class='wp-image-1571 avia-img-lazy-loading-not-1571 avia_image' src=\"https:\/\/mate-sante.com\/wp-content\/uploads\/2026\/01\/Diseno-sin-titulo-25-1.png\" alt='' title='Dise\u00f1o sin t\u00edtulo (25)'  height=\"300\" width=\"226\"  itemprop=\"thumbnailUrl\"  \/><\/div><\/div><\/div><br \/>\n\n<style type=\"text\/css\" data-created_by=\"avia_inline_auto\" id=\"style-css-av-4pj90p-6cda0eb7575ba38764940cca651ae5a9\">\n#top .av-special-heading.av-4pj90p-6cda0eb7575ba38764940cca651ae5a9{\npadding-bottom:10px;\n}\nbody .av-special-heading.av-4pj90p-6cda0eb7575ba38764940cca651ae5a9 .av-special-heading-tag .heading-char{\nfont-size:25px;\n}\n.av-special-heading.av-4pj90p-6cda0eb7575ba38764940cca651ae5a9 .av-subheading{\nfont-size:15px;\n}\n<\/style>\n<div  class='av-special-heading av-4pj90p-6cda0eb7575ba38764940cca651ae5a9 av-special-heading-h2 blockquote classic-quote  avia-builder-el-15  el_after_av_image  el_before_av_textblock'><h2 class='av-special-heading-tag'  itemprop=\"headline\"  >Yerba mate Baldo 500g<\/h2><div class=\"special-heading-border\"><div class=\"special-heading-inner-border\"><\/div><\/div><\/div><br \/>\n<section  class='av_textblock_section av-4mhbgh-950bf29308e2479cc1a9c44895e83366'  itemscope=\"itemscope\" itemtype=\"https:\/\/schema.org\/CreativeWork\" ><div class='avia_textblock'  itemprop=\"text\" ><p style=\"text-align: center;\" data-start=\"2602\" data-end=\"2755\">De <strong data-start=\"2605\" data-end=\"2636\">Yerba Mate Baldo 500g<\/strong> behoudt alle kwaliteiten van de grote versie, maar dan in een compactere, handige en betaalbare verpakking.<\/p>\n<p style=\"text-align: center;\" data-start=\"2757\" data-end=\"3039\">De <strong>maling<\/strong> van deze Uruguayaanse yerba biedt een <strong data-start=\"2810\" data-end=\"2855\">een krachtige, aromatische en langdurige infusie<\/strong>, uitermate geschikt voor dagelijks gebruik. De uitgebalanceerde samenstelling van bladeren, fijne stengels en poeder zorgt voor een authentieke mate-ervaring, geheel volgens de Uruguayaanse traditie.<\/p>\n<p style=\"text-align: center;\" data-start=\"3041\" data-end=\"3160\">De verpakking van 500 g is ideaal om kennis te maken met het merk Baldo of om een assortiment voor de gespecialiseerde detailhandel aan te vullen.<\/p>\n<p data-start=\"1805\" data-end=\"1974\">\n<h1 data-start=\"1981\" data-end=\"2030\"><\/h1>\n<h1 data-start=\"1981\" data-end=\"2030\"><\/h1>\n<\/div><\/section><\/p><\/div>\n<style type=\"text\/css\" data-created_by=\"avia_inline_auto\" id=\"style-css-av-4eapqx-1148414e36430835464de68a8d2ea9d2\">\n#top .hr.hr-invisible.av-4eapqx-1148414e36430835464de68a8d2ea9d2{\nheight:50px;\n}\n<\/style>\n<div  class='hr av-4eapqx-1148414e36430835464de68a8d2ea9d2 hr-invisible  avia-builder-el-17  el_after_av_one_half  avia-builder-el-last'><span class='hr-inner'><span class=\"hr-inner-style\"><\/span><\/span><\/div>\n<\/div><\/div><\/div><!-- close content main div --><\/div><\/div><div id='after_section_2'  class='main_color av_default_container_wrap container_wrap sidebar_right'  ><div class='container av-section-cont-open' ><div class='template-page content  av-content-small alpha units'><div class='post-entry post-entry-type-page post-entry-579'><div class='entry-content-wrapper clearfix'>","protected":false},"excerpt":{"rendered":"","protected":false},"author":1,"featured_media":0,"parent":0,"menu_order":0,"comment_status":"closed","ping_status":"closed","template":"","meta":{"_themeisle_gutenberg_block_has_review":false,"footnotes":""},"class_list":["post-579","page","type-page","status-publish","hentry"],"yoast_head":"<!-- This site is optimized with the Yoast SEO plugin v26.9 - https:\/\/yoast.com\/product\/yoast-seo-wordpress\/ -->\n<title>Yerba Mate Baldo du Br\u00e9sil \u2013 Qualit\u00e9 et savoir-faire historique<\/title>\n<meta name=\"description\" content=\"D\u00e9couvrez la yerba mate Baldo, produite au Br\u00e9sil. Qualit\u00e9 constante, plantations s\u00e9lectionn\u00e9es et expertise reconnue \u00e0 l\u2019international.\" \/>\n<meta name=\"robots\" content=\"index, follow, max-snippet:-1, max-image-preview:large, max-video-preview:-1\" \/>\n<link rel=\"canonical\" href=\"https:\/\/mate-sante.com\/nl\/yerba-mate-baldo-bresil\/\" \/>\n<meta property=\"og:locale\" content=\"nl_BE\" \/>\n<meta property=\"og:type\" content=\"article\" \/>\n<meta property=\"og:title\" content=\"Yerba Mate Baldo du Br\u00e9sil \u2013 Qualit\u00e9 et savoir-faire historique\" \/>\n<meta property=\"og:description\" content=\"D\u00e9couvrez la yerba mate Baldo, produite au Br\u00e9sil. Qualit\u00e9 constante, plantations s\u00e9lectionn\u00e9es et expertise reconnue \u00e0 l\u2019international.\" \/>\n<meta property=\"og:url\" content=\"https:\/\/mate-sante.com\/nl\/yerba-mate-baldo-bresil\/\" \/>\n<meta property=\"og:site_name\" content=\"Mate Sante\" \/>\n<meta property=\"article:modified_time\" content=\"2026-04-11T09:41:46+00:00\" \/>\n<meta name=\"twitter:card\" content=\"summary_large_image\" \/>\n<meta name=\"twitter:label1\" content=\"Geschatte leestijd\" \/>\n\t<meta name=\"twitter:data1\" content=\"9 minuten\" \/>\n<script type=\"application\/ld+json\" class=\"yoast-schema-graph\">{\"@context\":\"https:\/\/schema.org\",\"@graph\":[{\"@type\":\"WebPage\",\"@id\":\"https:\/\/mate-sante.com\/yerba-mate-baldo-bresil\/\",\"url\":\"https:\/\/mate-sante.com\/yerba-mate-baldo-bresil\/\",\"name\":\"Yerba Mate Baldo du Br\u00e9sil \u2013 Qualit\u00e9 et savoir-faire historique\",\"isPartOf\":{\"@id\":\"https:\/\/mate-sante.com\/#website\"},\"datePublished\":\"2022-02-08T13:03:10+00:00\",\"dateModified\":\"2026-04-11T09:41:46+00:00\",\"description\":\"D\u00e9couvrez la yerba mate Baldo, produite au Br\u00e9sil. Qualit\u00e9 constante, plantations s\u00e9lectionn\u00e9es et expertise reconnue \u00e0 l\u2019international.\",\"breadcrumb\":{\"@id\":\"https:\/\/mate-sante.com\/yerba-mate-baldo-bresil\/#breadcrumb\"},\"inLanguage\":\"nl-BE\",\"potentialAction\":[{\"@type\":\"ReadAction\",\"target\":[\"https:\/\/mate-sante.com\/yerba-mate-baldo-bresil\/\"]}]},{\"@type\":\"BreadcrumbList\",\"@id\":\"https:\/\/mate-sante.com\/yerba-mate-baldo-bresil\/#breadcrumb\",\"itemListElement\":[{\"@type\":\"ListItem\",\"position\":1,\"name\":\"Portada\",\"item\":\"https:\/\/mate-sante.com\/mate-sante-importation-et-distribution-en-belgique-de-yerba-mate-2\/\"},{\"@type\":\"ListItem\",\"position\":2,\"name\":\"Yerba Mate Baldo\"}]},{\"@type\":\"WebSite\",\"@id\":\"https:\/\/mate-sante.com\/#website\",\"url\":\"https:\/\/mate-sante.com\/\",\"name\":\"Mate Sante\",\"description\":\"Importation et distribution de \u00abyerba mate\u00bb en Belgique\",\"publisher\":{\"@id\":\"https:\/\/mate-sante.com\/#organization\"},\"potentialAction\":[{\"@type\":\"SearchAction\",\"target\":{\"@type\":\"EntryPoint\",\"urlTemplate\":\"https:\/\/mate-sante.com\/?s={search_term_string}\"},\"query-input\":{\"@type\":\"PropertyValueSpecification\",\"valueRequired\":true,\"valueName\":\"search_term_string\"}}],\"inLanguage\":\"nl-BE\"},{\"@type\":\"Organization\",\"@id\":\"https:\/\/mate-sante.com\/#organization\",\"name\":\"Mate Sante SRL\",\"url\":\"https:\/\/mate-sante.com\/\",\"logo\":{\"@type\":\"ImageObject\",\"inLanguage\":\"nl-BE\",\"@id\":\"https:\/\/mate-sante.com\/#\/schema\/logo\/image\/\",\"url\":\"https:\/\/mate-sante.com\/wp-content\/uploads\/2022\/01\/LOGO_VECTOR.png\",\"contentUrl\":\"https:\/\/mate-sante.com\/wp-content\/uploads\/2022\/01\/LOGO_VECTOR.png\",\"width\":1063,\"height\":945,\"caption\":\"Mate Sante SRL\"},\"image\":{\"@id\":\"https:\/\/mate-sante.com\/#\/schema\/logo\/image\/\"}}]}<\/script>\n<!-- \/ Yoast SEO plugin. -->","yoast_head_json":{"title":"Yerba Mate Baldo du Br\u00e9sil \u2013 Qualit\u00e9 et savoir-faire historique","description":"D\u00e9couvrez la yerba mate Baldo, produite au Br\u00e9sil. Qualit\u00e9 constante, plantations s\u00e9lectionn\u00e9es et expertise reconnue \u00e0 l\u2019international.","robots":{"index":"index","follow":"follow","max-snippet":"max-snippet:-1","max-image-preview":"max-image-preview:large","max-video-preview":"max-video-preview:-1"},"canonical":"https:\/\/mate-sante.com\/nl\/yerba-mate-baldo-bresil\/","og_locale":"nl_BE","og_type":"article","og_title":"Yerba Mate Baldo du Br\u00e9sil \u2013 Qualit\u00e9 et savoir-faire historique","og_description":"D\u00e9couvrez la yerba mate Baldo, produite au Br\u00e9sil. Qualit\u00e9 constante, plantations s\u00e9lectionn\u00e9es et expertise reconnue \u00e0 l\u2019international.","og_url":"https:\/\/mate-sante.com\/nl\/yerba-mate-baldo-bresil\/","og_site_name":"Mate Sante","article_modified_time":"2026-04-11T09:41:46+00:00","twitter_card":"summary_large_image","twitter_misc":{"Geschatte leestijd":"9 minuten"},"schema":{"@context":"https:\/\/schema.org","@graph":[{"@type":"WebPage","@id":"https:\/\/mate-sante.com\/yerba-mate-baldo-bresil\/","url":"https:\/\/mate-sante.com\/yerba-mate-baldo-bresil\/","name":"Yerba Mate Baldo du Br\u00e9sil \u2013 Qualit\u00e9 et savoir-faire historique","isPartOf":{"@id":"https:\/\/mate-sante.com\/#website"},"datePublished":"2022-02-08T13:03:10+00:00","dateModified":"2026-04-11T09:41:46+00:00","description":"D\u00e9couvrez la yerba mate Baldo, produite au Br\u00e9sil. Qualit\u00e9 constante, plantations s\u00e9lectionn\u00e9es et expertise reconnue \u00e0 l\u2019international.","breadcrumb":{"@id":"https:\/\/mate-sante.com\/yerba-mate-baldo-bresil\/#breadcrumb"},"inLanguage":"nl-BE","potentialAction":[{"@type":"ReadAction","target":["https:\/\/mate-sante.com\/yerba-mate-baldo-bresil\/"]}]},{"@type":"BreadcrumbList","@id":"https:\/\/mate-sante.com\/yerba-mate-baldo-bresil\/#breadcrumb","itemListElement":[{"@type":"ListItem","position":1,"name":"Portada","item":"https:\/\/mate-sante.com\/mate-sante-importation-et-distribution-en-belgique-de-yerba-mate-2\/"},{"@type":"ListItem","position":2,"name":"Yerba Mate Baldo"}]},{"@type":"WebSite","@id":"https:\/\/mate-sante.com\/#website","url":"https:\/\/mate-sante.com\/","name":"Mate Sante","description":"Importation et distribution de \u00abyerba mate\u00bb en Belgique","publisher":{"@id":"https:\/\/mate-sante.com\/#organization"},"potentialAction":[{"@type":"SearchAction","target":{"@type":"EntryPoint","urlTemplate":"https:\/\/mate-sante.com\/?s={search_term_string}"},"query-input":{"@type":"PropertyValueSpecification","valueRequired":true,"valueName":"search_term_string"}}],"inLanguage":"nl-BE"},{"@type":"Organization","@id":"https:\/\/mate-sante.com\/#organization","name":"Mate Sante SRL","url":"https:\/\/mate-sante.com\/","logo":{"@type":"ImageObject","inLanguage":"nl-BE","@id":"https:\/\/mate-sante.com\/#\/schema\/logo\/image\/","url":"https:\/\/mate-sante.com\/wp-content\/uploads\/2022\/01\/LOGO_VECTOR.png","contentUrl":"https:\/\/mate-sante.com\/wp-content\/uploads\/2022\/01\/LOGO_VECTOR.png","width":1063,"height":945,"caption":"Mate Sante SRL"},"image":{"@id":"https:\/\/mate-sante.com\/#\/schema\/logo\/image\/"}}]}},"_links":{"self":[{"href":"https:\/\/mate-sante.com\/nl\/wp-json\/wp\/v2\/pages\/579","targetHints":{"allow":["GET"]}}],"collection":[{"href":"https:\/\/mate-sante.com\/nl\/wp-json\/wp\/v2\/pages"}],"about":[{"href":"https:\/\/mate-sante.com\/nl\/wp-json\/wp\/v2\/types\/page"}],"author":[{"embeddable":true,"href":"https:\/\/mate-sante.com\/nl\/wp-json\/wp\/v2\/users\/1"}],"replies":[{"embeddable":true,"href":"https:\/\/mate-sante.com\/nl\/wp-json\/wp\/v2\/comments?post=579"}],"version-history":[{"count":17,"href":"https:\/\/mate-sante.com\/nl\/wp-json\/wp\/v2\/pages\/579\/revisions"}],"predecessor-version":[{"id":2380,"href":"https:\/\/mate-sante.com\/nl\/wp-json\/wp\/v2\/pages\/579\/revisions\/2380"}],"wp:attachment":[{"href":"https:\/\/mate-sante.com\/nl\/wp-json\/wp\/v2\/media?parent=579"}],"curies":[{"name":"wp","href":"https:\/\/api.w.org\/{rel}","templated":true}]}}