{"id":587,"date":"2022-02-08T14:08:17","date_gmt":"2022-02-08T13:08:17","guid":{"rendered":"https:\/\/mate-sante.com\/?page_id=587"},"modified":"2026-01-27T11:54:45","modified_gmt":"2026-01-27T10:54:45","slug":"las-marias","status":"publish","type":"page","link":"https:\/\/mate-sante.com\/nl\/yerba-mate-dorigine-argentin\/las-marias\/","title":{"rendered":"Las Mar\u00edas"},"content":{"rendered":"<div id='welcome'  class='av-layout-grid-container av-672rg9-289b51a44b9b0c5d9c96c0e692fadfe2 entry-content-wrapper main_color av-fixed-cells  avia-builder-el-0  el_before_av_section  avia-builder-el-first   container_wrap sidebar_right'  >\n\n<style type=\"text\/css\" data-created_by=\"avia_inline_auto\" id=\"style-css-av-63xogp-2137dc690919066ddd89559991dbba6b\">\n.flex_cell.av-63xogp-2137dc690919066ddd89559991dbba6b{\nvertical-align:top;\nheight:15px;\nmin-height:15px;\npadding:0px 0px 0px 0px;\nbackground-color:#719430;\n}\n<\/style>\n<div class='flex_cell av_one_fourth av-63xogp-2137dc690919066ddd89559991dbba6b no_margin  avia-builder-el-1  el_before_av_cell_one_fourth  avia-builder-el-first  av-zero-padding' ><div class='flex_cell_inner'><\/div><\/div>\n<style type=\"text\/css\" data-created_by=\"avia_inline_auto\" id=\"style-css-av-5xywzd-bac27cb79c913beea1b03b31daf84113\">\n.flex_cell.av-5xywzd-bac27cb79c913beea1b03b31daf84113{\nvertical-align:top;\nheight:15px;\nmin-height:15px;\npadding:0px 0px 0px 0px;\nbackground-color:#92bb46;\n}\n<\/style>\n<div class='flex_cell av_one_fourth av-5xywzd-bac27cb79c913beea1b03b31daf84113 no_margin  avia-builder-el-2  el_after_av_cell_one_fourth  el_before_av_cell_one_fourth  av-zero-padding' ><div class='flex_cell_inner'><\/div><\/div>\n<style type=\"text\/css\" data-created_by=\"avia_inline_auto\" id=\"style-css-av-5r737d-76ba3606b231bdd0db8be7d98ca9a7e1\">\n.flex_cell.av-5r737d-76ba3606b231bdd0db8be7d98ca9a7e1{\nvertical-align:top;\nheight:15px;\nmin-height:15px;\npadding:0px 0px 0px 0px;\nbackground-color:#acd464;\n}\n<\/style>\n<div class='flex_cell av_one_fourth av-5r737d-76ba3606b231bdd0db8be7d98ca9a7e1 no_margin  avia-builder-el-3  el_after_av_cell_one_fourth  el_before_av_cell_one_fourth  av-zero-padding' ><div class='flex_cell_inner'><\/div><\/div>\n<style type=\"text\/css\" data-created_by=\"avia_inline_auto\" id=\"style-css-av-5hhp9t-00485403c80f58f5d0b8e95757091a83\">\n.flex_cell.av-5hhp9t-00485403c80f58f5d0b8e95757091a83{\nvertical-align:top;\nheight:15px;\nmin-height:15px;\npadding:0px 0px 0px 0px;\nbackground-color:#e1fbb2;\n}\n<\/style>\n<div class='flex_cell av_one_fourth av-5hhp9t-00485403c80f58f5d0b8e95757091a83 no_margin  avia-builder-el-4  el_after_av_cell_one_fourth  avia-builder-el-last  av-zero-padding' ><div class='flex_cell_inner'><\/div><\/div>\n<\/div>\n<div id='av_section_1'  class='avia-section av-5b7sk1-30664e80ad3dc91bc09e40e2ede9e0fb main_color avia-section-large avia-no-border-styling  avia-builder-el-5  el_after_av_layout_row  avia-builder-el-last  avia-bg-style-scroll container_wrap sidebar_right'  ><div class='container av-section-cont-open' ><div class='template-page content  av-content-small alpha units'><div class='post-entry post-entry-type-page post-entry-587'><div class='entry-content-wrapper clearfix'>\n\n<style type=\"text\/css\" data-created_by=\"avia_inline_auto\" id=\"style-css-av-58jsjd-6818ec5148de1fbcd0bd3b51ea389887\">\n#top .av-special-heading.av-58jsjd-6818ec5148de1fbcd0bd3b51ea389887{\npadding-bottom:20px;\nfont-size:50px;\n}\nbody .av-special-heading.av-58jsjd-6818ec5148de1fbcd0bd3b51ea389887 .av-special-heading-tag .heading-char{\nfont-size:25px;\n}\n#top #wrap_all .av-special-heading.av-58jsjd-6818ec5148de1fbcd0bd3b51ea389887 .av-special-heading-tag{\nfont-size:50px;\n}\n.av-special-heading.av-58jsjd-6818ec5148de1fbcd0bd3b51ea389887 .av-subheading{\nfont-size:15px;\n}\n<\/style>\n<div  class='av-special-heading av-58jsjd-6818ec5148de1fbcd0bd3b51ea389887 av-special-heading-h1 blockquote modern-quote modern-centered  avia-builder-el-6  avia-builder-el-no-sibling  av-inherit-size'><h1 class='av-special-heading-tag'  itemprop=\"headline\"  >Las Mar\u00edas<\/h1><div class='av-subheading av-subheading_below'><p>Bijna een eeuw geleden had Don Victor Navajas Centeno een visie: hij wilde de grond van de estancia \u201eLas Mar\u00edas\u201c, gelegen in de Argentijnse provincie Corrientes, gebruiken om zijn eerste mate-plantage aan te leggen. Hij werd ongetwijfeld ge\u00efnspireerd door de nabijheid van het oerwoud van de Paran\u00e1, waar de Guaran\u00ed al mate verwerkten en dronken.<\/p>\n<p>Nadat hij zijn landbouwbedrijf in Las Mar\u00edas had opgezet, besloot Don V\u00edctor het hele productieproces van de mate op zich te nemen: van zaadje tot verpakking, om de kwaliteit vanaf de bron te kunnen controleren en garanderen.<\/p>\n<p>Zo werd in 1940 de Tarag\u00fci-yerba mate op de markt gebracht en groeide deze al snel uit tot een begrip onder kenners.<\/p>\n<p>Op dit moment onderscheidt Las Mar\u00edas zich als de grootste producent van mate ter wereld.<\/p>\n<\/div><div class=\"special-heading-border\"><div class=\"special-heading-inner-border\"><\/div><\/div><\/div>\n<\/div><\/div><\/div><!-- close content main div --><\/div><\/div><div id='after_section_1'  class='main_color av_default_container_wrap container_wrap sidebar_right'  ><div class='container av-section-cont-open' ><div class='template-page content  av-content-small alpha units'><div class='post-entry post-entry-type-page post-entry-587'><div class='entry-content-wrapper clearfix'>","protected":false},"excerpt":{"rendered":"","protected":false},"author":1,"featured_media":0,"parent":1789,"menu_order":0,"comment_status":"closed","ping_status":"closed","template":"","meta":{"_themeisle_gutenberg_block_has_review":false,"footnotes":""},"class_list":["post-587","page","type-page","status-publish","hentry"],"yoast_head":"<!-- This site is optimized with the Yoast SEO plugin v26.9 - https:\/\/yoast.com\/product\/yoast-seo-wordpress\/ -->\n<title>Las Mar\u00edas - Mate Sante<\/title>\n<meta name=\"robots\" content=\"index, follow, max-snippet:-1, max-image-preview:large, max-video-preview:-1\" \/>\n<link rel=\"canonical\" href=\"https:\/\/mate-sante.com\/nl\/yerba-mate-dorigine-argentin\/las-marias\/\" \/>\n<meta property=\"og:locale\" content=\"nl_BE\" \/>\n<meta property=\"og:type\" content=\"article\" \/>\n<meta property=\"og:title\" content=\"Las Mar\u00edas - Mate Sante\" \/>\n<meta property=\"og:url\" content=\"https:\/\/mate-sante.com\/nl\/yerba-mate-dorigine-argentin\/las-marias\/\" \/>\n<meta property=\"og:site_name\" content=\"Mate Sante\" \/>\n<meta property=\"article:modified_time\" content=\"2026-01-27T10:54:45+00:00\" \/>\n<meta name=\"twitter:card\" content=\"summary_large_image\" \/>\n<meta name=\"twitter:label1\" content=\"Geschatte leestijd\" \/>\n\t<meta name=\"twitter:data1\" content=\"8 minuten\" \/>\n<script type=\"application\/ld+json\" class=\"yoast-schema-graph\">{\"@context\":\"https:\/\/schema.org\",\"@graph\":[{\"@type\":\"WebPage\",\"@id\":\"https:\/\/mate-sante.com\/fr\/yerba-mate-dorigine-argentin\/las-marias\/\",\"url\":\"https:\/\/mate-sante.com\/fr\/yerba-mate-dorigine-argentin\/las-marias\/\",\"name\":\"Las Mar\u00edas - Mate Sante\",\"isPartOf\":{\"@id\":\"https:\/\/mate-sante.com\/#website\"},\"datePublished\":\"2022-02-08T13:08:17+00:00\",\"dateModified\":\"2026-01-27T10:54:45+00:00\",\"breadcrumb\":{\"@id\":\"https:\/\/mate-sante.com\/fr\/yerba-mate-dorigine-argentin\/las-marias\/#breadcrumb\"},\"inLanguage\":\"nl-BE\",\"potentialAction\":[{\"@type\":\"ReadAction\",\"target\":[\"https:\/\/mate-sante.com\/fr\/yerba-mate-dorigine-argentin\/las-marias\/\"]}]},{\"@type\":\"BreadcrumbList\",\"@id\":\"https:\/\/mate-sante.com\/fr\/yerba-mate-dorigine-argentin\/las-marias\/#breadcrumb\",\"itemListElement\":[{\"@type\":\"ListItem\",\"position\":1,\"name\":\"Portada\",\"item\":\"https:\/\/mate-sante.com\/mate-sante-importation-et-distribution-en-belgique-de-yerba-mate-2\/\"},{\"@type\":\"ListItem\",\"position\":2,\"name\":\"Yerbas Mat\u00e9 > Origine Argentin\",\"item\":\"https:\/\/mate-sante.com\/fr\/yerba-mate-dorigine-argentin\/\"},{\"@type\":\"ListItem\",\"position\":3,\"name\":\"Las Mar\u00edas\"}]},{\"@type\":\"WebSite\",\"@id\":\"https:\/\/mate-sante.com\/#website\",\"url\":\"https:\/\/mate-sante.com\/\",\"name\":\"Mate Sante\",\"description\":\"Importation et distribution de \u00abyerba mate\u00bb en Belgique\",\"publisher\":{\"@id\":\"https:\/\/mate-sante.com\/#organization\"},\"potentialAction\":[{\"@type\":\"SearchAction\",\"target\":{\"@type\":\"EntryPoint\",\"urlTemplate\":\"https:\/\/mate-sante.com\/?s={search_term_string}\"},\"query-input\":{\"@type\":\"PropertyValueSpecification\",\"valueRequired\":true,\"valueName\":\"search_term_string\"}}],\"inLanguage\":\"nl-BE\"},{\"@type\":\"Organization\",\"@id\":\"https:\/\/mate-sante.com\/#organization\",\"name\":\"Mate Sante SRL\",\"url\":\"https:\/\/mate-sante.com\/\",\"logo\":{\"@type\":\"ImageObject\",\"inLanguage\":\"nl-BE\",\"@id\":\"https:\/\/mate-sante.com\/#\/schema\/logo\/image\/\",\"url\":\"https:\/\/mate-sante.com\/wp-content\/uploads\/2022\/01\/LOGO_VECTOR.png\",\"contentUrl\":\"https:\/\/mate-sante.com\/wp-content\/uploads\/2022\/01\/LOGO_VECTOR.png\",\"width\":1063,\"height\":945,\"caption\":\"Mate Sante SRL\"},\"image\":{\"@id\":\"https:\/\/mate-sante.com\/#\/schema\/logo\/image\/\"}}]}<\/script>\n<!-- \/ Yoast SEO plugin. -->","yoast_head_json":{"title":"Las Mar\u00edas - Mate Sante","robots":{"index":"index","follow":"follow","max-snippet":"max-snippet:-1","max-image-preview":"max-image-preview:large","max-video-preview":"max-video-preview:-1"},"canonical":"https:\/\/mate-sante.com\/nl\/yerba-mate-dorigine-argentin\/las-marias\/","og_locale":"nl_BE","og_type":"article","og_title":"Las Mar\u00edas - Mate Sante","og_url":"https:\/\/mate-sante.com\/nl\/yerba-mate-dorigine-argentin\/las-marias\/","og_site_name":"Mate Sante","article_modified_time":"2026-01-27T10:54:45+00:00","twitter_card":"summary_large_image","twitter_misc":{"Geschatte leestijd":"8 minuten"},"schema":{"@context":"https:\/\/schema.org","@graph":[{"@type":"WebPage","@id":"https:\/\/mate-sante.com\/fr\/yerba-mate-dorigine-argentin\/las-marias\/","url":"https:\/\/mate-sante.com\/fr\/yerba-mate-dorigine-argentin\/las-marias\/","name":"Las Mar\u00edas - Mate Sante","isPartOf":{"@id":"https:\/\/mate-sante.com\/#website"},"datePublished":"2022-02-08T13:08:17+00:00","dateModified":"2026-01-27T10:54:45+00:00","breadcrumb":{"@id":"https:\/\/mate-sante.com\/fr\/yerba-mate-dorigine-argentin\/las-marias\/#breadcrumb"},"inLanguage":"nl-BE","potentialAction":[{"@type":"ReadAction","target":["https:\/\/mate-sante.com\/fr\/yerba-mate-dorigine-argentin\/las-marias\/"]}]},{"@type":"BreadcrumbList","@id":"https:\/\/mate-sante.com\/fr\/yerba-mate-dorigine-argentin\/las-marias\/#breadcrumb","itemListElement":[{"@type":"ListItem","position":1,"name":"Portada","item":"https:\/\/mate-sante.com\/mate-sante-importation-et-distribution-en-belgique-de-yerba-mate-2\/"},{"@type":"ListItem","position":2,"name":"Yerbas Mat\u00e9 > Origine Argentin","item":"https:\/\/mate-sante.com\/fr\/yerba-mate-dorigine-argentin\/"},{"@type":"ListItem","position":3,"name":"Las Mar\u00edas"}]},{"@type":"WebSite","@id":"https:\/\/mate-sante.com\/#website","url":"https:\/\/mate-sante.com\/","name":"Mate Sante","description":"Importation et distribution de \u00abyerba mate\u00bb en Belgique","publisher":{"@id":"https:\/\/mate-sante.com\/#organization"},"potentialAction":[{"@type":"SearchAction","target":{"@type":"EntryPoint","urlTemplate":"https:\/\/mate-sante.com\/?s={search_term_string}"},"query-input":{"@type":"PropertyValueSpecification","valueRequired":true,"valueName":"search_term_string"}}],"inLanguage":"nl-BE"},{"@type":"Organization","@id":"https:\/\/mate-sante.com\/#organization","name":"Mate Sante SRL","url":"https:\/\/mate-sante.com\/","logo":{"@type":"ImageObject","inLanguage":"nl-BE","@id":"https:\/\/mate-sante.com\/#\/schema\/logo\/image\/","url":"https:\/\/mate-sante.com\/wp-content\/uploads\/2022\/01\/LOGO_VECTOR.png","contentUrl":"https:\/\/mate-sante.com\/wp-content\/uploads\/2022\/01\/LOGO_VECTOR.png","width":1063,"height":945,"caption":"Mate Sante SRL"},"image":{"@id":"https:\/\/mate-sante.com\/#\/schema\/logo\/image\/"}}]}},"_links":{"self":[{"href":"https:\/\/mate-sante.com\/nl\/wp-json\/wp\/v2\/pages\/587","targetHints":{"allow":["GET"]}}],"collection":[{"href":"https:\/\/mate-sante.com\/nl\/wp-json\/wp\/v2\/pages"}],"about":[{"href":"https:\/\/mate-sante.com\/nl\/wp-json\/wp\/v2\/types\/page"}],"author":[{"embeddable":true,"href":"https:\/\/mate-sante.com\/nl\/wp-json\/wp\/v2\/users\/1"}],"replies":[{"embeddable":true,"href":"https:\/\/mate-sante.com\/nl\/wp-json\/wp\/v2\/comments?post=587"}],"version-history":[{"count":10,"href":"https:\/\/mate-sante.com\/nl\/wp-json\/wp\/v2\/pages\/587\/revisions"}],"predecessor-version":[{"id":1829,"href":"https:\/\/mate-sante.com\/nl\/wp-json\/wp\/v2\/pages\/587\/revisions\/1829"}],"up":[{"embeddable":true,"href":"https:\/\/mate-sante.com\/nl\/wp-json\/wp\/v2\/pages\/1789"}],"wp:attachment":[{"href":"https:\/\/mate-sante.com\/nl\/wp-json\/wp\/v2\/media?parent=587"}],"curies":[{"name":"wp","href":"https:\/\/api.w.org\/{rel}","templated":true}]}}