{"id":609,"date":"2022-02-08T14:25:34","date_gmt":"2022-02-08T13:25:34","guid":{"rendered":"https:\/\/mate-sante.com\/?page_id=609"},"modified":"2023-01-26T20:09:24","modified_gmt":"2023-01-26T19:09:24","slug":"cooperative-agricola-de-la-colonia-liebig","status":"publish","type":"page","link":"https:\/\/mate-sante.com\/nl\/cooperative-agricola-de-la-colonia-liebig\/","title":{"rendered":"Cooperative Agricola de la Colonia Liebig"},"content":{"rendered":"<div id='welcome'  class='av-layout-grid-container av-672rg9-289b51a44b9b0c5d9c96c0e692fadfe2 entry-content-wrapper main_color av-fixed-cells  avia-builder-el-0  el_before_av_section  avia-builder-el-first   container_wrap sidebar_right'  >\n\n<style type=\"text\/css\" data-created_by=\"avia_inline_auto\" id=\"style-css-av-63xogp-2137dc690919066ddd89559991dbba6b\">\n.flex_cell.av-63xogp-2137dc690919066ddd89559991dbba6b{\nvertical-align:top;\nheight:15px;\nmin-height:15px;\npadding:0px 0px 0px 0px;\nbackground-color:#719430;\n}\n<\/style>\n<div class='flex_cell av_one_fourth av-63xogp-2137dc690919066ddd89559991dbba6b no_margin  avia-builder-el-1  el_before_av_cell_one_fourth  avia-builder-el-first  av-zero-padding' ><div class='flex_cell_inner'><\/div><\/div>\n<style type=\"text\/css\" data-created_by=\"avia_inline_auto\" id=\"style-css-av-5xywzd-bac27cb79c913beea1b03b31daf84113\">\n.flex_cell.av-5xywzd-bac27cb79c913beea1b03b31daf84113{\nvertical-align:top;\nheight:15px;\nmin-height:15px;\npadding:0px 0px 0px 0px;\nbackground-color:#92bb46;\n}\n<\/style>\n<div class='flex_cell av_one_fourth av-5xywzd-bac27cb79c913beea1b03b31daf84113 no_margin  avia-builder-el-2  el_after_av_cell_one_fourth  el_before_av_cell_one_fourth  av-zero-padding' ><div class='flex_cell_inner'><\/div><\/div>\n<style type=\"text\/css\" data-created_by=\"avia_inline_auto\" id=\"style-css-av-5r737d-76ba3606b231bdd0db8be7d98ca9a7e1\">\n.flex_cell.av-5r737d-76ba3606b231bdd0db8be7d98ca9a7e1{\nvertical-align:top;\nheight:15px;\nmin-height:15px;\npadding:0px 0px 0px 0px;\nbackground-color:#acd464;\n}\n<\/style>\n<div class='flex_cell av_one_fourth av-5r737d-76ba3606b231bdd0db8be7d98ca9a7e1 no_margin  avia-builder-el-3  el_after_av_cell_one_fourth  el_before_av_cell_one_fourth  av-zero-padding' ><div class='flex_cell_inner'><\/div><\/div>\n<style type=\"text\/css\" data-created_by=\"avia_inline_auto\" id=\"style-css-av-5hhp9t-00485403c80f58f5d0b8e95757091a83\">\n.flex_cell.av-5hhp9t-00485403c80f58f5d0b8e95757091a83{\nvertical-align:top;\nheight:15px;\nmin-height:15px;\npadding:0px 0px 0px 0px;\nbackground-color:#e1fbb2;\n}\n<\/style>\n<div class='flex_cell av_one_fourth av-5hhp9t-00485403c80f58f5d0b8e95757091a83 no_margin  avia-builder-el-4  el_after_av_cell_one_fourth  avia-builder-el-last  av-zero-padding' ><div class='flex_cell_inner'><\/div><\/div>\n<\/div>\n<div id='av_section_1'  class='avia-section av-5b7sk1-30664e80ad3dc91bc09e40e2ede9e0fb main_color avia-section-large avia-no-border-styling  avia-builder-el-5  el_after_av_layout_row  el_before_av_section  avia-bg-style-scroll container_wrap sidebar_right'  ><div class='container av-section-cont-open' ><div class='template-page content  av-content-small alpha units'><div class='post-entry post-entry-type-page post-entry-609'><div class='entry-content-wrapper clearfix'>\n\n<style type=\"text\/css\" data-created_by=\"avia_inline_auto\" id=\"style-css-av-58jsjd-b12fd248b90ccab63a09d30c6a29215c\">\n#top .av-special-heading.av-58jsjd-b12fd248b90ccab63a09d30c6a29215c{\npadding-bottom:20px;\nfont-size:50px;\n}\nbody .av-special-heading.av-58jsjd-b12fd248b90ccab63a09d30c6a29215c .av-special-heading-tag .heading-char{\nfont-size:25px;\n}\n#top #wrap_all .av-special-heading.av-58jsjd-b12fd248b90ccab63a09d30c6a29215c .av-special-heading-tag{\nfont-size:50px;\npadding:30px 30px 30px 30px;\n}\n.av-special-heading.av-58jsjd-b12fd248b90ccab63a09d30c6a29215c .av-subheading{\nfont-size:15px;\n}\n<\/style>\n<div  class='av-special-heading av-58jsjd-b12fd248b90ccab63a09d30c6a29215c av-special-heading-h1 blockquote modern-quote modern-centered  avia-builder-el-6  avia-builder-el-no-sibling  av-inherit-size'><h1 class='av-special-heading-tag'  itemprop=\"headline\"  >Cooperative Agricola de la Colonia Liebig <\/h1><div class='av-subheading av-subheading_below'><p>Depuis la fin du XIXe si\u00e8cle, des contingents successifs d&rsquo;immigrants sont arriv\u00e9s en Argentine \u00e0\u00a0la recherche de la paix et du travail. Parmi eux, un groupe important d&rsquo;Allemands, notamment\u00a0des producteurs agricoles ; s&rsquo;est install\u00e9 dans le nord-est de la province de Corrientes.<\/p>\n<p>Rejoints ensuite par d\u2019autres \u00a0immigrants d\u00e9j\u00e0 install\u00e9s dans le sud de la province de Misiones,\u00a0dans la ville d&rsquo;Ap\u00f3stoles ; ce groupe de personnes f\u00fbt \u00e0 la base du \u00a0mod\u00e8le des soci\u00e9t\u00e9s\u00a0coop\u00e9ratives comme forme d&rsquo;organisation de l&rsquo;\u00e9conomie solidaire.<\/p>\n<p>C&rsquo;est ainsi qu&rsquo;a \u00e9t\u00e9 fond\u00e9e la coop\u00e9rative agricole de Colonia Liebig Ltda. qui, aujourd&rsquo;hui, \u00e0\u00a0l&rsquo;occasion de son 95e anniversaire, est compos\u00e9e de 126 producteurs associ\u00e9s qui ont r\u00e9alis\u00e9\u00a0le r\u00eave de ces immigrants.<\/p>\n<p>Le produit qui identifie la soci\u00e9t\u00e9 , la \u00a0marque Playadito \u00a0est leader du march\u00e9 argentin, et est\u00a0pr\u00e9sent dans 12 pays, avec une production annuelle de 36.000 tonnes de produit transform\u00e9.<\/p>\n<\/div><div class=\"special-heading-border\"><div class=\"special-heading-inner-border\"><\/div><\/div><\/div>\n\n<\/div><\/div><\/div><!-- close content main div --><\/div><\/div><div id='av_section_2'  class='avia-section av-5g7315-de1ec68fa5e52bc56347cbe04ba6a154 main_color avia-section-large avia-no-border-styling  avia-builder-el-7  el_after_av_section  avia-builder-el-last  avia-bg-style-scroll container_wrap sidebar_right'  ><div class='container av-section-cont-open' ><div class='template-page content  av-content-small alpha units'><div class='post-entry post-entry-type-page post-entry-609'><div class='entry-content-wrapper clearfix'>\n\n<style type=\"text\/css\" data-created_by=\"avia_inline_auto\" id=\"style-css-av-4uj6n5-f66ca8098a5ccf10c8e17f9b7aa017db\">\n.flex_column.av-4uj6n5-f66ca8098a5ccf10c8e17f9b7aa017db{\nborder-radius:0px 0px 0px 0px;\n-webkit-border-radius:0px 0px 0px 0px;\n-moz-border-radius:0px 0px 0px 0px;\n}\n<\/style>\n<div class='flex_column av-4uj6n5-f66ca8098a5ccf10c8e17f9b7aa017db av_one_half  avia-builder-el-8  el_before_av_one_half  avia-builder-el-first  first flex_column_div av-zero-column-padding'   ><p>\n<style type=\"text\/css\" data-created_by=\"avia_inline_auto\" id=\"style-css-av-54ggix-93d67739096092ffaf097332eb4ed512\">\n.avia-image-container.av-54ggix-93d67739096092ffaf097332eb4ed512 .av-image-caption-overlay-center{\ncolor:#ffffff;\n}\n<\/style>\n<div  class='avia-image-container av-54ggix-93d67739096092ffaf097332eb4ed512 av-styling- avia-align-center  avia-builder-el-9  el_before_av_heading  avia-builder-el-first'  itemprop=\"image\" itemscope=\"itemscope\" itemtype=\"https:\/\/schema.org\/ImageObject\" ><div class=\"avia-image-container-inner\"><div class=\"avia-image-overlay-wrap\"><img decoding=\"async\" class='wp-image-637 avia-img-lazy-loading-not-637 avia_image' src=\"https:\/\/mate-sante.com\/wp-content\/uploads\/2022\/02\/Imagen30-211x300.png\" alt='' title='Imagen30'  height=\"300\" width=\"211\"  itemprop=\"thumbnailUrl\" srcset=\"https:\/\/mate-sante.com\/wp-content\/uploads\/2022\/02\/Imagen30-211x300.png 211w, https:\/\/mate-sante.com\/wp-content\/uploads\/2022\/02\/Imagen30.png 320w\" sizes=\"(max-width: 211px) 100vw, 211px\" \/><\/div><\/div><\/div><br \/>\n\n<style type=\"text\/css\" data-created_by=\"avia_inline_auto\" id=\"style-css-av-4pj90p-75cc4b965bed79c1ebd906c609270d26\">\n#top .av-special-heading.av-4pj90p-75cc4b965bed79c1ebd906c609270d26{\npadding-bottom:10px;\n}\nbody .av-special-heading.av-4pj90p-75cc4b965bed79c1ebd906c609270d26 .av-special-heading-tag .heading-char{\nfont-size:25px;\n}\n.av-special-heading.av-4pj90p-75cc4b965bed79c1ebd906c609270d26 .av-subheading{\nfont-size:15px;\n}\n<\/style>\n<div  class='av-special-heading av-4pj90p-75cc4b965bed79c1ebd906c609270d26 av-special-heading-h3  avia-builder-el-10  el_after_av_image  el_before_av_hr'><h3 class='av-special-heading-tag'  itemprop=\"headline\"  >1 &#8211; Yerba Mate PLAYADITO 1 Kg, 500Gr, 250Gr<\/h3><div class=\"special-heading-border\"><div class=\"special-heading-inner-border\"><\/div><\/div><\/div><br \/>\n\n<style type=\"text\/css\" data-created_by=\"avia_inline_auto\" id=\"style-css-av-kz5kwojg-36996d5af65e314756ea7c9e9b32a771\">\n#top .hr.hr-invisible.av-kz5kwojg-36996d5af65e314756ea7c9e9b32a771{\nheight:30px;\n}\n<\/style>\n<div  class='hr av-kz5kwojg-36996d5af65e314756ea7c9e9b32a771 hr-invisible  avia-builder-el-11  el_after_av_heading  el_before_av_textblock'><span class='hr-inner'><span class=\"hr-inner-style\"><\/span><\/span><\/div><br \/>\n<section  class='av_textblock_section av-4mhbgh-950bf29308e2479cc1a9c44895e83366'  itemscope=\"itemscope\" itemtype=\"https:\/\/schema.org\/CreativeWork\" ><div class='avia_textblock'  itemprop=\"text\" ><p>Dans sa version traditionnelle, la yerba mate Playadito contient de la mati\u00e8re premi\u00e8re provenant des cultures de toute la zone de production de yerba mate d\u2019Argentine, dont le nord-est de la province de Corrientes, o\u00f9 se trouve Colonia Liebig, ainsi que la province de Misiones, o\u00f9 se trouvent 7 s\u00e9choirs. La yerba mate \u201ccanchada\u201d est moulue apr\u00e8s un m\u00ednimum de 12 mois de repos. Le r\u00e9sultat obtenu est un mat\u00e9 au go\u00fbt riche, doux et caract\u00e9ristique de la marque. Elle est particuli\u00e8rement adapt\u00e9e aux personnes qui ont l\u2019habitude de consommer du mat\u00e9 et qui recherchent g\u00e9n\u00e9ralement des saveurs douces et persistantes tout au long de sa d\u00e9gustation.<\/p>\n<\/div><\/section><\/p><\/div>\n<style type=\"text\/css\" data-created_by=\"avia_inline_auto\" id=\"style-css-av-av_one_half-e671fab5613f317ef63eb9ab712c64a3\">\n.flex_column.av-av_one_half-e671fab5613f317ef63eb9ab712c64a3{\nborder-radius:0px 0px 0px 0px;\n-webkit-border-radius:0px 0px 0px 0px;\n-moz-border-radius:0px 0px 0px 0px;\n}\n<\/style>\n<div class='flex_column av-av_one_half-e671fab5613f317ef63eb9ab712c64a3 av_one_half  avia-builder-el-13  el_after_av_one_half  el_before_av_hr  flex_column_div av-zero-column-padding'   ><p>\n<style type=\"text\/css\" data-created_by=\"avia_inline_auto\" id=\"style-css-av-lddgmjzb-3860f0f465a218a79b645954c51f2c5b\">\n.avia-image-container.av-lddgmjzb-3860f0f465a218a79b645954c51f2c5b .av-image-caption-overlay-center{\ncolor:#ffffff;\n}\n<\/style>\n<div  class='avia-image-container av-lddgmjzb-3860f0f465a218a79b645954c51f2c5b av-styling- avia-align-center  avia-builder-el-14  el_before_av_heading  avia-builder-el-first'  itemprop=\"image\" itemscope=\"itemscope\" itemtype=\"https:\/\/schema.org\/ImageObject\" ><div class=\"avia-image-container-inner\"><div class=\"avia-image-overlay-wrap\"><img decoding=\"async\" class='wp-image-845 avia-img-lazy-loading-not-845 avia_image' src=\"https:\/\/mate-sante.com\/wp-content\/uploads\/2023\/01\/playadito-espalada-front-300x300.jpg\" alt='' title='playadito-espalada-front'  height=\"300\" width=\"300\"  itemprop=\"thumbnailUrl\" srcset=\"https:\/\/mate-sante.com\/wp-content\/uploads\/2023\/01\/playadito-espalada-front-300x300.jpg 300w, https:\/\/mate-sante.com\/wp-content\/uploads\/2023\/01\/playadito-espalada-front-80x80.jpg 80w, https:\/\/mate-sante.com\/wp-content\/uploads\/2023\/01\/playadito-espalada-front-36x36.jpg 36w, https:\/\/mate-sante.com\/wp-content\/uploads\/2023\/01\/playadito-espalada-front-180x180.jpg 180w, https:\/\/mate-sante.com\/wp-content\/uploads\/2023\/01\/playadito-espalada-front.jpg 450w\" sizes=\"(max-width: 300px) 100vw, 300px\" \/><\/div><\/div><\/div><br \/>\n\n<style type=\"text\/css\" data-created_by=\"avia_inline_auto\" id=\"style-css-av-lddgn6un-f9af4b5514e232f6a69a8e671184f47f\">\n#top .av-special-heading.av-lddgn6un-f9af4b5514e232f6a69a8e671184f47f{\npadding-bottom:10px;\n}\nbody .av-special-heading.av-lddgn6un-f9af4b5514e232f6a69a8e671184f47f .av-special-heading-tag .heading-char{\nfont-size:25px;\n}\n.av-special-heading.av-lddgn6un-f9af4b5514e232f6a69a8e671184f47f .av-subheading{\nfont-size:15px;\n}\n<\/style>\n<div  class='av-special-heading av-lddgn6un-f9af4b5514e232f6a69a8e671184f47f av-special-heading-h3  avia-builder-el-15  el_after_av_image  el_before_av_hr'><h3 class='av-special-heading-tag'  itemprop=\"headline\"  >2 &#8211; Playadito Despalada  500gr<\/h3><div class=\"special-heading-border\"><div class=\"special-heading-inner-border\"><\/div><\/div><\/div><br \/>\n\n<style type=\"text\/css\" data-created_by=\"avia_inline_auto\" id=\"style-css-av-av_hr-af89a52d51412774536fa272e468f7cd\">\n#top .hr.hr-invisible.av-av_hr-af89a52d51412774536fa272e468f7cd{\nheight:30px;\n}\n<\/style>\n<div  class='hr av-av_hr-af89a52d51412774536fa272e468f7cd hr-invisible  avia-builder-el-16  el_after_av_heading  el_before_av_textblock'><span class='hr-inner'><span class=\"hr-inner-style\"><\/span><\/span><\/div><br \/>\n<section  class='av_textblock_section av-lddguls0-edfa3c3e34a57c67bf150d08b2d1053a'  itemscope=\"itemscope\" itemtype=\"https:\/\/schema.org\/CreativeWork\" ><div class='avia_textblock'  itemprop=\"text\" ><p>Ce produit est \u00e9labor\u00e9 a partir d&rsquo;une s\u00e9lection de mati\u00e8res premi\u00e8res, d&rsquo;une p\u00e9riode de s\u00e9chage et d&rsquo;un processus de production tr\u00e8s sp\u00e9cifique; dans lequel seules les feuilles sont broy\u00e9es.<\/p>\n<p>Ce produit vous permet de profiter d&rsquo;un d\u00e9licieux mat\u00e9, gr\u00e2ce \u00e0 sa saveur, son ar\u00f4me et sa couleur.<\/p>\n<p>Il a une faible teneur en poussi\u00e8re.<\/p>\n<p>Son emballage est constitu\u00e9 de mat\u00e9riaux sp\u00e9ciaux pour pr\u00e9server ses propri\u00e9t\u00e9s et prot\u00e9ger le produit, en particulier de l&rsquo;humidit\u00e9 ext\u00e9rieure.<\/p>\n<\/div><\/section><\/p><\/div>\n<style type=\"text\/css\" data-created_by=\"avia_inline_auto\" id=\"style-css-av-4eapqx-1148414e36430835464de68a8d2ea9d2\">\n#top .hr.hr-invisible.av-4eapqx-1148414e36430835464de68a8d2ea9d2{\nheight:50px;\n}\n<\/style>\n<div  class='hr av-4eapqx-1148414e36430835464de68a8d2ea9d2 hr-invisible  avia-builder-el-18  el_after_av_one_half  avia-builder-el-last'><span class='hr-inner'><span class=\"hr-inner-style\"><\/span><\/span><\/div>\n<\/div><\/div><\/div><!-- close content main div --><\/div><\/div><div id='after_section_2'  class='main_color av_default_container_wrap container_wrap sidebar_right'  ><div class='container av-section-cont-open' ><div class='template-page content  av-content-small alpha units'><div class='post-entry post-entry-type-page post-entry-609'><div class='entry-content-wrapper clearfix'>","protected":false},"excerpt":{"rendered":"","protected":false},"author":1,"featured_media":0,"parent":0,"menu_order":0,"comment_status":"closed","ping_status":"closed","template":"","meta":{"_themeisle_gutenberg_block_has_review":false,"footnotes":""},"class_list":["post-609","page","type-page","status-publish","hentry"],"yoast_head":"<!-- This site is optimized with the Yoast SEO plugin v26.9 - https:\/\/yoast.com\/product\/yoast-seo-wordpress\/ -->\n<title>Cooperative Agricola de la Colonia Liebig - Mate Sante<\/title>\n<meta name=\"robots\" content=\"index, follow, max-snippet:-1, max-image-preview:large, max-video-preview:-1\" \/>\n<link rel=\"canonical\" href=\"https:\/\/mate-sante.com\/nl\/cooperative-agricola-de-la-colonia-liebig\/\" \/>\n<meta property=\"og:locale\" content=\"nl_BE\" \/>\n<meta property=\"og:type\" content=\"article\" \/>\n<meta property=\"og:title\" content=\"Cooperative Agricola de la Colonia Liebig - Mate Sante\" \/>\n<meta property=\"og:url\" content=\"https:\/\/mate-sante.com\/nl\/cooperative-agricola-de-la-colonia-liebig\/\" \/>\n<meta property=\"og:site_name\" content=\"Mate Sante\" \/>\n<meta property=\"article:modified_time\" content=\"2023-01-26T19:09:24+00:00\" \/>\n<meta name=\"twitter:card\" content=\"summary_large_image\" \/>\n<meta name=\"twitter:label1\" content=\"Geschatte leestijd\" \/>\n\t<meta name=\"twitter:data1\" content=\"4 minuten\" \/>\n<script type=\"application\/ld+json\" class=\"yoast-schema-graph\">{\"@context\":\"https:\/\/schema.org\",\"@graph\":[{\"@type\":\"WebPage\",\"@id\":\"https:\/\/mate-sante.com\/cooperative-agricola-de-la-colonia-liebig\/\",\"url\":\"https:\/\/mate-sante.com\/cooperative-agricola-de-la-colonia-liebig\/\",\"name\":\"Cooperative Agricola de la Colonia Liebig - Mate Sante\",\"isPartOf\":{\"@id\":\"https:\/\/mate-sante.com\/#website\"},\"datePublished\":\"2022-02-08T13:25:34+00:00\",\"dateModified\":\"2023-01-26T19:09:24+00:00\",\"breadcrumb\":{\"@id\":\"https:\/\/mate-sante.com\/cooperative-agricola-de-la-colonia-liebig\/#breadcrumb\"},\"inLanguage\":\"nl-BE\",\"potentialAction\":[{\"@type\":\"ReadAction\",\"target\":[\"https:\/\/mate-sante.com\/cooperative-agricola-de-la-colonia-liebig\/\"]}]},{\"@type\":\"BreadcrumbList\",\"@id\":\"https:\/\/mate-sante.com\/cooperative-agricola-de-la-colonia-liebig\/#breadcrumb\",\"itemListElement\":[{\"@type\":\"ListItem\",\"position\":1,\"name\":\"Portada\",\"item\":\"https:\/\/mate-sante.com\/mate-sante-importation-et-distribution-en-belgique-de-yerba-mate-2\/\"},{\"@type\":\"ListItem\",\"position\":2,\"name\":\"Cooperative Agricola de la Colonia Liebig\"}]},{\"@type\":\"WebSite\",\"@id\":\"https:\/\/mate-sante.com\/#website\",\"url\":\"https:\/\/mate-sante.com\/\",\"name\":\"Mate Sante\",\"description\":\"Importation et distribution de \u00abyerba mate\u00bb en Belgique\",\"publisher\":{\"@id\":\"https:\/\/mate-sante.com\/#organization\"},\"potentialAction\":[{\"@type\":\"SearchAction\",\"target\":{\"@type\":\"EntryPoint\",\"urlTemplate\":\"https:\/\/mate-sante.com\/?s={search_term_string}\"},\"query-input\":{\"@type\":\"PropertyValueSpecification\",\"valueRequired\":true,\"valueName\":\"search_term_string\"}}],\"inLanguage\":\"nl-BE\"},{\"@type\":\"Organization\",\"@id\":\"https:\/\/mate-sante.com\/#organization\",\"name\":\"Mate Sante SRL\",\"url\":\"https:\/\/mate-sante.com\/\",\"logo\":{\"@type\":\"ImageObject\",\"inLanguage\":\"nl-BE\",\"@id\":\"https:\/\/mate-sante.com\/#\/schema\/logo\/image\/\",\"url\":\"https:\/\/mate-sante.com\/wp-content\/uploads\/2022\/01\/LOGO_VECTOR.png\",\"contentUrl\":\"https:\/\/mate-sante.com\/wp-content\/uploads\/2022\/01\/LOGO_VECTOR.png\",\"width\":1063,\"height\":945,\"caption\":\"Mate Sante SRL\"},\"image\":{\"@id\":\"https:\/\/mate-sante.com\/#\/schema\/logo\/image\/\"}}]}<\/script>\n<!-- \/ Yoast SEO plugin. -->","yoast_head_json":{"title":"Cooperative Agricola de la Colonia Liebig - Mate Sante","robots":{"index":"index","follow":"follow","max-snippet":"max-snippet:-1","max-image-preview":"max-image-preview:large","max-video-preview":"max-video-preview:-1"},"canonical":"https:\/\/mate-sante.com\/nl\/cooperative-agricola-de-la-colonia-liebig\/","og_locale":"nl_BE","og_type":"article","og_title":"Cooperative Agricola de la Colonia Liebig - Mate Sante","og_url":"https:\/\/mate-sante.com\/nl\/cooperative-agricola-de-la-colonia-liebig\/","og_site_name":"Mate Sante","article_modified_time":"2023-01-26T19:09:24+00:00","twitter_card":"summary_large_image","twitter_misc":{"Geschatte leestijd":"4 minuten"},"schema":{"@context":"https:\/\/schema.org","@graph":[{"@type":"WebPage","@id":"https:\/\/mate-sante.com\/cooperative-agricola-de-la-colonia-liebig\/","url":"https:\/\/mate-sante.com\/cooperative-agricola-de-la-colonia-liebig\/","name":"Cooperative Agricola de la Colonia Liebig - Mate Sante","isPartOf":{"@id":"https:\/\/mate-sante.com\/#website"},"datePublished":"2022-02-08T13:25:34+00:00","dateModified":"2023-01-26T19:09:24+00:00","breadcrumb":{"@id":"https:\/\/mate-sante.com\/cooperative-agricola-de-la-colonia-liebig\/#breadcrumb"},"inLanguage":"nl-BE","potentialAction":[{"@type":"ReadAction","target":["https:\/\/mate-sante.com\/cooperative-agricola-de-la-colonia-liebig\/"]}]},{"@type":"BreadcrumbList","@id":"https:\/\/mate-sante.com\/cooperative-agricola-de-la-colonia-liebig\/#breadcrumb","itemListElement":[{"@type":"ListItem","position":1,"name":"Portada","item":"https:\/\/mate-sante.com\/mate-sante-importation-et-distribution-en-belgique-de-yerba-mate-2\/"},{"@type":"ListItem","position":2,"name":"Cooperative Agricola de la Colonia Liebig"}]},{"@type":"WebSite","@id":"https:\/\/mate-sante.com\/#website","url":"https:\/\/mate-sante.com\/","name":"Mate Sante","description":"Importation et distribution de \u00abyerba mate\u00bb en Belgique","publisher":{"@id":"https:\/\/mate-sante.com\/#organization"},"potentialAction":[{"@type":"SearchAction","target":{"@type":"EntryPoint","urlTemplate":"https:\/\/mate-sante.com\/?s={search_term_string}"},"query-input":{"@type":"PropertyValueSpecification","valueRequired":true,"valueName":"search_term_string"}}],"inLanguage":"nl-BE"},{"@type":"Organization","@id":"https:\/\/mate-sante.com\/#organization","name":"Mate Sante SRL","url":"https:\/\/mate-sante.com\/","logo":{"@type":"ImageObject","inLanguage":"nl-BE","@id":"https:\/\/mate-sante.com\/#\/schema\/logo\/image\/","url":"https:\/\/mate-sante.com\/wp-content\/uploads\/2022\/01\/LOGO_VECTOR.png","contentUrl":"https:\/\/mate-sante.com\/wp-content\/uploads\/2022\/01\/LOGO_VECTOR.png","width":1063,"height":945,"caption":"Mate Sante SRL"},"image":{"@id":"https:\/\/mate-sante.com\/#\/schema\/logo\/image\/"}}]}},"_links":{"self":[{"href":"https:\/\/mate-sante.com\/nl\/wp-json\/wp\/v2\/pages\/609","targetHints":{"allow":["GET"]}}],"collection":[{"href":"https:\/\/mate-sante.com\/nl\/wp-json\/wp\/v2\/pages"}],"about":[{"href":"https:\/\/mate-sante.com\/nl\/wp-json\/wp\/v2\/types\/page"}],"author":[{"embeddable":true,"href":"https:\/\/mate-sante.com\/nl\/wp-json\/wp\/v2\/users\/1"}],"replies":[{"embeddable":true,"href":"https:\/\/mate-sante.com\/nl\/wp-json\/wp\/v2\/comments?post=609"}],"version-history":[{"count":7,"href":"https:\/\/mate-sante.com\/nl\/wp-json\/wp\/v2\/pages\/609\/revisions"}],"predecessor-version":[{"id":851,"href":"https:\/\/mate-sante.com\/nl\/wp-json\/wp\/v2\/pages\/609\/revisions\/851"}],"wp:attachment":[{"href":"https:\/\/mate-sante.com\/nl\/wp-json\/wp\/v2\/media?parent=609"}],"curies":[{"name":"wp","href":"https:\/\/api.w.org\/{rel}","templated":true}]}}