{"id":693,"date":"2022-02-08T14:03:10","date_gmt":"2022-02-08T13:03:10","guid":{"rendered":"https:\/\/mate-sante.com\/baldo\/"},"modified":"2022-03-02T12:35:19","modified_gmt":"2022-03-02T11:35:19","slug":"baldo","status":"publish","type":"page","link":"https:\/\/mate-sante.com\/nl\/baldo\/","title":{"rendered":"Baldo"},"content":{"rendered":"<div id='welcome'  class='av-layout-grid-container av-672rg9-289b51a44b9b0c5d9c96c0e692fadfe2 entry-content-wrapper main_color av-fixed-cells  avia-builder-el-0  el_before_av_section  avia-builder-el-first   container_wrap sidebar_right'  >\n\n<style type=\"text\/css\" data-created_by=\"avia_inline_auto\" id=\"style-css-av-63xogp-2137dc690919066ddd89559991dbba6b\">\n.flex_cell.av-63xogp-2137dc690919066ddd89559991dbba6b{\nvertical-align:top;\nheight:15px;\nmin-height:15px;\npadding:0px 0px 0px 0px;\nbackground-color:#719430;\n}\n<\/style>\n<div class='flex_cell av_one_fourth av-63xogp-2137dc690919066ddd89559991dbba6b no_margin  avia-builder-el-1  el_before_av_cell_one_fourth  avia-builder-el-first  av-zero-padding' ><div class='flex_cell_inner'><\/div><\/div>\n<style type=\"text\/css\" data-created_by=\"avia_inline_auto\" id=\"style-css-av-5xywzd-bac27cb79c913beea1b03b31daf84113\">\n.flex_cell.av-5xywzd-bac27cb79c913beea1b03b31daf84113{\nvertical-align:top;\nheight:15px;\nmin-height:15px;\npadding:0px 0px 0px 0px;\nbackground-color:#92bb46;\n}\n<\/style>\n<div class='flex_cell av_one_fourth av-5xywzd-bac27cb79c913beea1b03b31daf84113 no_margin  avia-builder-el-2  el_after_av_cell_one_fourth  el_before_av_cell_one_fourth  av-zero-padding' ><div class='flex_cell_inner'><\/div><\/div>\n<style type=\"text\/css\" data-created_by=\"avia_inline_auto\" id=\"style-css-av-5r737d-76ba3606b231bdd0db8be7d98ca9a7e1\">\n.flex_cell.av-5r737d-76ba3606b231bdd0db8be7d98ca9a7e1{\nvertical-align:top;\nheight:15px;\nmin-height:15px;\npadding:0px 0px 0px 0px;\nbackground-color:#acd464;\n}\n<\/style>\n<div class='flex_cell av_one_fourth av-5r737d-76ba3606b231bdd0db8be7d98ca9a7e1 no_margin  avia-builder-el-3  el_after_av_cell_one_fourth  el_before_av_cell_one_fourth  av-zero-padding' ><div class='flex_cell_inner'><\/div><\/div>\n<style type=\"text\/css\" data-created_by=\"avia_inline_auto\" id=\"style-css-av-5hhp9t-00485403c80f58f5d0b8e95757091a83\">\n.flex_cell.av-5hhp9t-00485403c80f58f5d0b8e95757091a83{\nvertical-align:top;\nheight:15px;\nmin-height:15px;\npadding:0px 0px 0px 0px;\nbackground-color:#e1fbb2;\n}\n<\/style>\n<div class='flex_cell av_one_fourth av-5hhp9t-00485403c80f58f5d0b8e95757091a83 no_margin  avia-builder-el-4  el_after_av_cell_one_fourth  avia-builder-el-last  av-zero-padding' ><div class='flex_cell_inner'><\/div><\/div>\n<\/div>\n<div id='av_section_1'  class='avia-section av-5b7sk1-30664e80ad3dc91bc09e40e2ede9e0fb main_color avia-section-large avia-no-border-styling  avia-builder-el-5  el_after_av_layout_row  el_before_av_section  avia-bg-style-scroll container_wrap sidebar_right'  ><div class='container av-section-cont-open' ><div class='template-page content  av-content-small alpha units'><div class='post-entry post-entry-type-page post-entry-693'><div class='entry-content-wrapper clearfix'>\n\n<style type=\"text\/css\" data-created_by=\"avia_inline_auto\" id=\"style-css-av-58jsjd-aa4f19daec5432eb16161217b0e9fe50\">\n#top .av-special-heading.av-58jsjd-aa4f19daec5432eb16161217b0e9fe50{\npadding-bottom:20px;\nfont-size:50px;\n}\nbody .av-special-heading.av-58jsjd-aa4f19daec5432eb16161217b0e9fe50 .av-special-heading-tag .heading-char{\nfont-size:25px;\n}\n#top #wrap_all .av-special-heading.av-58jsjd-aa4f19daec5432eb16161217b0e9fe50 .av-special-heading-tag{\nfont-size:50px;\n}\n.av-special-heading.av-58jsjd-aa4f19daec5432eb16161217b0e9fe50 .av-subheading{\nfont-size:15px;\n}\n<\/style>\n<div  class='av-special-heading av-58jsjd-aa4f19daec5432eb16161217b0e9fe50 av-special-heading-h1 blockquote modern-quote modern-centered  avia-builder-el-6  el_before_av_hr  avia-builder-el-first  av-inherit-size'><h1 class='av-special-heading-tag'  itemprop=\"headline\"  >Baldo<\/h1><div class='av-subheading av-subheading_below'><p>Het in Brazili\u00eb gevestigde bedrijf Baldo is een van de grootste exporteurs van Yerba Mate.<\/p>\n<p>De geschiedenis begon in 1920 toen de broers John, Anthony en Luiz Baldo, zonen van Italiaanse immigranten immigranten, begonnen een kleine yerba mate fabriek in Vespasiano Correa, Rio Grande do Sul.<\/p>\n<p>1970: Het hoofdkantoor werd verplaatst naar Encantad, Rio Grande do Sul.<\/p>\n<p>In de jaren tachtig gingen zij een samenwerkingsverband aan met het Uruguayaanse bedrijf Canarias.<\/p>\n<p>Vandaag vertegenwoordigen de producten van het merk Canarias meer dan 60% van de mateconsumptie van het land.<\/p>\n<p>consumptie van mate in het land. De volgende jaren werden gekenmerkt door voortdurende groei en innovatie.<\/p>\n<p>1994, eerste Yerba Mate verwerkingsbedrijf met eigen gepatenteerde technologie.<\/p>\n<p>2008: samenwerking met de firma Bremil.<\/p>\n<p>Een lange geschiedenis om de grootste exporteur van Yerba Mate Baldo in Brazili\u00eb te worden en \u00e9\u00e9n van de een van de 200 grootste bedrijven in de zuidelijke regio.<\/p>\n<p>Baldo Yerba Mate wordt gemaakt van de beste producten in het land.<\/p>\n<\/div><div class=\"special-heading-border\"><div class=\"special-heading-inner-border\"><\/div><\/div><\/div>\n\n<style type=\"text\/css\" data-created_by=\"avia_inline_auto\" id=\"style-css-av-52lmnt-6f042de9c63d9848d69928afb1634bd4\">\n#top .hr.hr-invisible.av-52lmnt-6f042de9c63d9848d69928afb1634bd4{\nheight:30px;\n}\n<\/style>\n<div  class='hr av-52lmnt-6f042de9c63d9848d69928afb1634bd4 hr-invisible  avia-builder-el-7  el_after_av_heading  avia-builder-el-last'><span class='hr-inner'><span class=\"hr-inner-style\"><\/span><\/span><\/div>\n<\/div><\/div><\/div><!-- close content main div --><\/div><\/div><div id='av_section_2'  class='avia-section av-5g7315-de1ec68fa5e52bc56347cbe04ba6a154 main_color avia-section-large avia-no-border-styling  avia-builder-el-8  el_after_av_section  avia-builder-el-last  avia-bg-style-scroll container_wrap sidebar_right'  ><div class='container av-section-cont-open' ><div class='template-page content  av-content-small alpha units'><div class='post-entry post-entry-type-page post-entry-693'><div class='entry-content-wrapper clearfix'>\n\n<style type=\"text\/css\" data-created_by=\"avia_inline_auto\" id=\"style-css-av-4uj6n5-f66ca8098a5ccf10c8e17f9b7aa017db\">\n.flex_column.av-4uj6n5-f66ca8098a5ccf10c8e17f9b7aa017db{\nborder-radius:0px 0px 0px 0px;\n-webkit-border-radius:0px 0px 0px 0px;\n-moz-border-radius:0px 0px 0px 0px;\n}\n<\/style>\n<div class='flex_column av-4uj6n5-f66ca8098a5ccf10c8e17f9b7aa017db av_one_half  avia-builder-el-9  el_before_av_one_half  avia-builder-el-first  first flex_column_div av-zero-column-padding'   ><p>\n<style type=\"text\/css\" data-created_by=\"avia_inline_auto\" id=\"style-css-av-54ggix-f336a28b35b0def5b2def62e96b66524\">\n.avia-image-container.av-54ggix-f336a28b35b0def5b2def62e96b66524 .av-image-caption-overlay-center{\ncolor:#ffffff;\n}\n<\/style>\n<div  class='avia-image-container av-54ggix-f336a28b35b0def5b2def62e96b66524 av-styling- avia-align-center  avia-builder-el-10  el_before_av_heading  avia-builder-el-first'  itemprop=\"image\" itemscope=\"itemscope\" itemtype=\"https:\/\/schema.org\/ImageObject\" ><div class=\"avia-image-container-inner\"><div class=\"avia-image-overlay-wrap\"><img decoding=\"async\" class='wp-image-581 avia-img-lazy-loading-not-581 avia_image' src=\"https:\/\/mate-sante.com\/wp-content\/uploads\/2022\/02\/10-Yerba-mate-tea-BALDO-500-Gr-212x300.png\" alt='' title='10 Yerba mate tea BALDO 500 Gr'  height=\"300\" width=\"212\"  itemprop=\"thumbnailUrl\" srcset=\"https:\/\/mate-sante.com\/wp-content\/uploads\/2022\/02\/10-Yerba-mate-tea-BALDO-500-Gr-212x300.png 212w, https:\/\/mate-sante.com\/wp-content\/uploads\/2022\/02\/10-Yerba-mate-tea-BALDO-500-Gr-727x1030.png 727w, https:\/\/mate-sante.com\/wp-content\/uploads\/2022\/02\/10-Yerba-mate-tea-BALDO-500-Gr-768x1088.png 768w, https:\/\/mate-sante.com\/wp-content\/uploads\/2022\/02\/10-Yerba-mate-tea-BALDO-500-Gr-1084x1536.png 1084w, https:\/\/mate-sante.com\/wp-content\/uploads\/2022\/02\/10-Yerba-mate-tea-BALDO-500-Gr-1446x2048.png 1446w, https:\/\/mate-sante.com\/wp-content\/uploads\/2022\/02\/10-Yerba-mate-tea-BALDO-500-Gr-1059x1500.png 1059w, https:\/\/mate-sante.com\/wp-content\/uploads\/2022\/02\/10-Yerba-mate-tea-BALDO-500-Gr-498x705.png 498w\" sizes=\"(max-width: 212px) 100vw, 212px\" \/><\/div><\/div><\/div><br \/>\n\n<style type=\"text\/css\" data-created_by=\"avia_inline_auto\" id=\"style-css-av-4pj90p-3c954b3515e989f73c4ce27c88f85241\">\n#top .av-special-heading.av-4pj90p-3c954b3515e989f73c4ce27c88f85241{\npadding-bottom:10px;\n}\nbody .av-special-heading.av-4pj90p-3c954b3515e989f73c4ce27c88f85241 .av-special-heading-tag .heading-char{\nfont-size:25px;\n}\n.av-special-heading.av-4pj90p-3c954b3515e989f73c4ce27c88f85241 .av-subheading{\nfont-size:15px;\n}\n<\/style>\n<div  class='av-special-heading av-4pj90p-3c954b3515e989f73c4ce27c88f85241 av-special-heading-h3  avia-builder-el-11  el_after_av_image  el_before_av_hr'><h3 class='av-special-heading-tag'  itemprop=\"headline\"  >Yerba mate tea BALDO 500 Gr <\/h3><div class=\"special-heading-border\"><div class=\"special-heading-inner-border\"><\/div><\/div><\/div><br \/>\n\n<style type=\"text\/css\" data-created_by=\"avia_inline_auto\" id=\"style-css-av-kz5kwojg-36996d5af65e314756ea7c9e9b32a771\">\n#top .hr.hr-invisible.av-kz5kwojg-36996d5af65e314756ea7c9e9b32a771{\nheight:30px;\n}\n<\/style>\n<div  class='hr av-kz5kwojg-36996d5af65e314756ea7c9e9b32a771 hr-invisible  avia-builder-el-12  el_after_av_heading  el_before_av_textblock'><span class='hr-inner'><span class=\"hr-inner-style\"><\/span><\/span><\/div><br \/>\n<section  class='av_textblock_section av-4mhbgh-950bf29308e2479cc1a9c44895e83366'  itemscope=\"itemscope\" itemtype=\"https:\/\/schema.org\/CreativeWork\" ><div class='avia_textblock'  itemprop=\"text\" ><p>Baldo mate is een unieke zintuiglijke ervaring: vol, intens en goudkleurig. Het is het resultaat van een proces dat sinds 1920 is geperfectioneerd.<br \/>\nBaldo mate heeft de ideale balans tussen de frisheid van Braziliaanse groene kruiden en de intensiteit van de standaard Uruguayaanse yerba mate.<\/p>\n<p>Samenstelling<\/p>\n<p>Deze Yerba mate wordt gekenmerkt door een optimale verhouding tussen blad, stokje en poeder. Het is een 100% natuurlijk product, zonder kunstmatige additieven, conserveringsmiddelen of andere chemicali\u00ebn. Daarom kunnen er in de loop van het jaar van tijd tot tijd kleine smaakverschillen zijn.<br \/>\nOpbrengst<\/p>\n<p>Dankzij de kenmerken van zijn samenstelling biedt dit product de consument een adequaat rendement.<\/p>\n<\/div><\/section><\/p><\/div>\n<style type=\"text\/css\" data-created_by=\"avia_inline_auto\" id=\"style-css-av-3sqp0p-e379f06ac2e992c507f4e0cee575f65b\">\n.flex_column.av-3sqp0p-e379f06ac2e992c507f4e0cee575f65b{\nborder-radius:0px 0px 0px 0px;\n-webkit-border-radius:0px 0px 0px 0px;\n-moz-border-radius:0px 0px 0px 0px;\n}\n<\/style>\n<div class='flex_column av-3sqp0p-e379f06ac2e992c507f4e0cee575f65b av_one_half  avia-builder-el-14  el_after_av_one_half  el_before_av_hr  flex_column_div av-zero-column-padding'   ><p>\n<style type=\"text\/css\" data-created_by=\"avia_inline_auto\" id=\"style-css-av-3tp7ax-0f612852bd0ce3fa865d5cc04de72157\">\n.avia-image-container.av-3tp7ax-0f612852bd0ce3fa865d5cc04de72157 .av-image-caption-overlay-center{\ncolor:#ffffff;\n}\n<\/style>\n<div  class='avia-image-container av-3tp7ax-0f612852bd0ce3fa865d5cc04de72157 av-styling- avia-align-center  avia-builder-el-15  el_before_av_heading  avia-builder-el-first'  itemprop=\"image\" itemscope=\"itemscope\" itemtype=\"https:\/\/schema.org\/ImageObject\" ><div class=\"avia-image-container-inner\"><div class=\"avia-image-overlay-wrap\"><img decoding=\"async\" class='wp-image-583 avia-img-lazy-loading-not-583 avia_image' src=\"https:\/\/mate-sante.com\/wp-content\/uploads\/2022\/02\/11-Yerba-mate-tea-BALDO-1-Kg-226x300.png\" alt='' title='11 Yerba mate tea BALDO 1 Kg'  height=\"300\" width=\"226\"  itemprop=\"thumbnailUrl\" srcset=\"https:\/\/mate-sante.com\/wp-content\/uploads\/2022\/02\/11-Yerba-mate-tea-BALDO-1-Kg-226x300.png 226w, https:\/\/mate-sante.com\/wp-content\/uploads\/2022\/02\/11-Yerba-mate-tea-BALDO-1-Kg-777x1030.png 777w, https:\/\/mate-sante.com\/wp-content\/uploads\/2022\/02\/11-Yerba-mate-tea-BALDO-1-Kg-768x1018.png 768w, https:\/\/mate-sante.com\/wp-content\/uploads\/2022\/02\/11-Yerba-mate-tea-BALDO-1-Kg-1159x1536.png 1159w, https:\/\/mate-sante.com\/wp-content\/uploads\/2022\/02\/11-Yerba-mate-tea-BALDO-1-Kg-1545x2048.png 1545w, https:\/\/mate-sante.com\/wp-content\/uploads\/2022\/02\/11-Yerba-mate-tea-BALDO-1-Kg-1132x1500.png 1132w, https:\/\/mate-sante.com\/wp-content\/uploads\/2022\/02\/11-Yerba-mate-tea-BALDO-1-Kg-532x705.png 532w\" sizes=\"(max-width: 226px) 100vw, 226px\" \/><\/div><\/div><\/div><br \/>\n\n<style type=\"text\/css\" data-created_by=\"avia_inline_auto\" id=\"style-css-av-kz3zhgiw-f427ab9316c268870763e12dcb68a671\">\n#top .av-special-heading.av-kz3zhgiw-f427ab9316c268870763e12dcb68a671{\npadding-bottom:10px;\n}\nbody .av-special-heading.av-kz3zhgiw-f427ab9316c268870763e12dcb68a671 .av-special-heading-tag .heading-char{\nfont-size:25px;\n}\n.av-special-heading.av-kz3zhgiw-f427ab9316c268870763e12dcb68a671 .av-subheading{\nfont-size:15px;\n}\n<\/style>\n<div  class='av-special-heading av-kz3zhgiw-f427ab9316c268870763e12dcb68a671 av-special-heading-h3  avia-builder-el-16  el_after_av_image  el_before_av_hr'><h3 class='av-special-heading-tag'  itemprop=\"headline\"  >Yerba mate tea BALDO  1 Kg <\/h3><div class=\"special-heading-border\"><div class=\"special-heading-inner-border\"><\/div><\/div><\/div><br \/>\n\n<style type=\"text\/css\" data-created_by=\"avia_inline_auto\" id=\"style-css-av-kz5kwt01-494a8e46c6e361949084d844e355ee30\">\n#top .hr.hr-invisible.av-kz5kwt01-494a8e46c6e361949084d844e355ee30{\nheight:30px;\n}\n<\/style>\n<div  class='hr av-kz5kwt01-494a8e46c6e361949084d844e355ee30 hr-invisible  avia-builder-el-17  el_after_av_heading  el_before_av_textblock'><span class='hr-inner'><span class=\"hr-inner-style\"><\/span><\/span><\/div><br \/>\n<section  class='av_textblock_section av-kz3zhkqt-eb39b6f6b0426936d6ec3b686484fc15'  itemscope=\"itemscope\" itemtype=\"https:\/\/schema.org\/CreativeWork\" ><div class='avia_textblock'  itemprop=\"text\" ><p>vol, intens en goudkleurig<\/p>\n<p>Smaak<\/p>\n<p>Dit merk biedt een evenwichtige bittere smaak aan het gehemelte van de consument.<br \/>\nDe bladeren van de yerba mate-bomen die voor de productie van dit product worden gebruikt, komen uit de staten Santa Catarina, Paran\u00e1 en Rio Grande Do Sul in Brazili\u00eb. De bomen groeien in inheemse bossen waarvan het microklimaat bevorderlijk is voor de ideale ontwikkeling van de eigenschappen van het blad.<\/p>\n<p>Opslag<\/p>\n<p>Na het drogen en voorvermalen wordt de \u00ab\u00a0canchada\u00a0\u00bb van Baldo gedurende 4 tot 6 maanden in zakken van 50 kg opgeslagen in een omgeving met gecontroleerde temperatuur en vochtigheidsgraad, om een uniforme productkwaliteit tussen de verschillende partijen te garanderen.<\/p>\n<p>Productie<\/p>\n<p>Het gehele productieproces is onderworpen aan strenge kwaliteitscontroles in overeenstemming met de goede fabricagemethoden (GMP).<br \/>\nBovendien beoordelen deskundige proevers de kwaliteit van grondstof tot eindproduct om de vastgestelde productnormen te waarborgen.<\/p>\n<\/div><\/section><\/p><\/div>\n<style type=\"text\/css\" data-created_by=\"avia_inline_auto\" id=\"style-css-av-4eapqx-1148414e36430835464de68a8d2ea9d2\">\n#top .hr.hr-invisible.av-4eapqx-1148414e36430835464de68a8d2ea9d2{\nheight:50px;\n}\n<\/style>\n<div  class='hr av-4eapqx-1148414e36430835464de68a8d2ea9d2 hr-invisible  avia-builder-el-19  el_after_av_one_half  avia-builder-el-last'><span class='hr-inner'><span class=\"hr-inner-style\"><\/span><\/span><\/div>\n<\/div><\/div><\/div><!-- close content main div --><\/div><\/div><div id='after_section_2'  class='main_color av_default_container_wrap container_wrap sidebar_right'  ><div class='container av-section-cont-open' ><div class='template-page content  av-content-small alpha units'><div class='post-entry post-entry-type-page post-entry-693'><div class='entry-content-wrapper clearfix'><\/p>","protected":false},"excerpt":{"rendered":"","protected":false},"author":1,"featured_media":0,"parent":0,"menu_order":0,"comment_status":"closed","ping_status":"closed","template":"","meta":{"_themeisle_gutenberg_block_has_review":false,"footnotes":""},"class_list":["post-693","page","type-page","status-publish","hentry"],"yoast_head":"<!-- This site is optimized with the Yoast SEO plugin v26.9 - https:\/\/yoast.com\/product\/yoast-seo-wordpress\/ -->\n<title>Baldo - Mate Sante<\/title>\n<meta name=\"robots\" content=\"index, follow, max-snippet:-1, max-image-preview:large, max-video-preview:-1\" \/>\n<link rel=\"canonical\" href=\"https:\/\/mate-sante.com\/nl\/baldo\/\" \/>\n<meta property=\"og:locale\" content=\"nl_BE\" \/>\n<meta property=\"og:type\" content=\"article\" \/>\n<meta property=\"og:title\" content=\"Baldo - Mate Sante\" \/>\n<meta property=\"og:url\" content=\"https:\/\/mate-sante.com\/nl\/baldo\/\" \/>\n<meta property=\"og:site_name\" content=\"Mate Sante\" \/>\n<meta property=\"article:modified_time\" content=\"2022-03-02T11:35:19+00:00\" \/>\n<meta name=\"twitter:card\" content=\"summary_large_image\" \/>\n<meta name=\"twitter:label1\" content=\"Geschatte leestijd\" \/>\n\t<meta name=\"twitter:data1\" content=\"4 minuten\" \/>\n<script type=\"application\/ld+json\" class=\"yoast-schema-graph\">{\"@context\":\"https:\/\/schema.org\",\"@graph\":[{\"@type\":\"WebPage\",\"@id\":\"https:\/\/mate-sante.com\/nl\/baldo\/\",\"url\":\"https:\/\/mate-sante.com\/nl\/baldo\/\",\"name\":\"Baldo - Mate Sante\",\"isPartOf\":{\"@id\":\"https:\/\/mate-sante.com\/#website\"},\"datePublished\":\"2022-02-08T13:03:10+00:00\",\"dateModified\":\"2022-03-02T11:35:19+00:00\",\"breadcrumb\":{\"@id\":\"https:\/\/mate-sante.com\/nl\/baldo\/#breadcrumb\"},\"inLanguage\":\"nl-BE\",\"potentialAction\":[{\"@type\":\"ReadAction\",\"target\":[\"https:\/\/mate-sante.com\/nl\/baldo\/\"]}]},{\"@type\":\"BreadcrumbList\",\"@id\":\"https:\/\/mate-sante.com\/nl\/baldo\/#breadcrumb\",\"itemListElement\":[{\"@type\":\"ListItem\",\"position\":1,\"name\":\"Portada\",\"item\":\"https:\/\/mate-sante.com\/mate-sante-importation-et-distribution-en-belgique-de-yerba-mate-2\/\"},{\"@type\":\"ListItem\",\"position\":2,\"name\":\"Baldo\"}]},{\"@type\":\"WebSite\",\"@id\":\"https:\/\/mate-sante.com\/#website\",\"url\":\"https:\/\/mate-sante.com\/\",\"name\":\"Mate Sante\",\"description\":\"Importation et distribution de \u00abyerba mate\u00bb en Belgique\",\"publisher\":{\"@id\":\"https:\/\/mate-sante.com\/#organization\"},\"potentialAction\":[{\"@type\":\"SearchAction\",\"target\":{\"@type\":\"EntryPoint\",\"urlTemplate\":\"https:\/\/mate-sante.com\/?s={search_term_string}\"},\"query-input\":{\"@type\":\"PropertyValueSpecification\",\"valueRequired\":true,\"valueName\":\"search_term_string\"}}],\"inLanguage\":\"nl-BE\"},{\"@type\":\"Organization\",\"@id\":\"https:\/\/mate-sante.com\/#organization\",\"name\":\"Mate Sante SRL\",\"url\":\"https:\/\/mate-sante.com\/\",\"logo\":{\"@type\":\"ImageObject\",\"inLanguage\":\"nl-BE\",\"@id\":\"https:\/\/mate-sante.com\/#\/schema\/logo\/image\/\",\"url\":\"https:\/\/mate-sante.com\/wp-content\/uploads\/2022\/01\/LOGO_VECTOR.png\",\"contentUrl\":\"https:\/\/mate-sante.com\/wp-content\/uploads\/2022\/01\/LOGO_VECTOR.png\",\"width\":1063,\"height\":945,\"caption\":\"Mate Sante SRL\"},\"image\":{\"@id\":\"https:\/\/mate-sante.com\/#\/schema\/logo\/image\/\"}}]}<\/script>\n<!-- \/ Yoast SEO plugin. -->","yoast_head_json":{"title":"Baldo - Mate Sante","robots":{"index":"index","follow":"follow","max-snippet":"max-snippet:-1","max-image-preview":"max-image-preview:large","max-video-preview":"max-video-preview:-1"},"canonical":"https:\/\/mate-sante.com\/nl\/baldo\/","og_locale":"nl_BE","og_type":"article","og_title":"Baldo - Mate Sante","og_url":"https:\/\/mate-sante.com\/nl\/baldo\/","og_site_name":"Mate Sante","article_modified_time":"2022-03-02T11:35:19+00:00","twitter_card":"summary_large_image","twitter_misc":{"Geschatte leestijd":"4 minuten"},"schema":{"@context":"https:\/\/schema.org","@graph":[{"@type":"WebPage","@id":"https:\/\/mate-sante.com\/nl\/baldo\/","url":"https:\/\/mate-sante.com\/nl\/baldo\/","name":"Baldo - Mate Sante","isPartOf":{"@id":"https:\/\/mate-sante.com\/#website"},"datePublished":"2022-02-08T13:03:10+00:00","dateModified":"2022-03-02T11:35:19+00:00","breadcrumb":{"@id":"https:\/\/mate-sante.com\/nl\/baldo\/#breadcrumb"},"inLanguage":"nl-BE","potentialAction":[{"@type":"ReadAction","target":["https:\/\/mate-sante.com\/nl\/baldo\/"]}]},{"@type":"BreadcrumbList","@id":"https:\/\/mate-sante.com\/nl\/baldo\/#breadcrumb","itemListElement":[{"@type":"ListItem","position":1,"name":"Portada","item":"https:\/\/mate-sante.com\/mate-sante-importation-et-distribution-en-belgique-de-yerba-mate-2\/"},{"@type":"ListItem","position":2,"name":"Baldo"}]},{"@type":"WebSite","@id":"https:\/\/mate-sante.com\/#website","url":"https:\/\/mate-sante.com\/","name":"Mate Sante","description":"Importation et distribution de \u00abyerba mate\u00bb en Belgique","publisher":{"@id":"https:\/\/mate-sante.com\/#organization"},"potentialAction":[{"@type":"SearchAction","target":{"@type":"EntryPoint","urlTemplate":"https:\/\/mate-sante.com\/?s={search_term_string}"},"query-input":{"@type":"PropertyValueSpecification","valueRequired":true,"valueName":"search_term_string"}}],"inLanguage":"nl-BE"},{"@type":"Organization","@id":"https:\/\/mate-sante.com\/#organization","name":"Mate Sante SRL","url":"https:\/\/mate-sante.com\/","logo":{"@type":"ImageObject","inLanguage":"nl-BE","@id":"https:\/\/mate-sante.com\/#\/schema\/logo\/image\/","url":"https:\/\/mate-sante.com\/wp-content\/uploads\/2022\/01\/LOGO_VECTOR.png","contentUrl":"https:\/\/mate-sante.com\/wp-content\/uploads\/2022\/01\/LOGO_VECTOR.png","width":1063,"height":945,"caption":"Mate Sante SRL"},"image":{"@id":"https:\/\/mate-sante.com\/#\/schema\/logo\/image\/"}}]}},"_links":{"self":[{"href":"https:\/\/mate-sante.com\/nl\/wp-json\/wp\/v2\/pages\/693","targetHints":{"allow":["GET"]}}],"collection":[{"href":"https:\/\/mate-sante.com\/nl\/wp-json\/wp\/v2\/pages"}],"about":[{"href":"https:\/\/mate-sante.com\/nl\/wp-json\/wp\/v2\/types\/page"}],"author":[{"embeddable":true,"href":"https:\/\/mate-sante.com\/nl\/wp-json\/wp\/v2\/users\/1"}],"replies":[{"embeddable":true,"href":"https:\/\/mate-sante.com\/nl\/wp-json\/wp\/v2\/comments?post=693"}],"version-history":[{"count":1,"href":"https:\/\/mate-sante.com\/nl\/wp-json\/wp\/v2\/pages\/693\/revisions"}],"predecessor-version":[{"id":755,"href":"https:\/\/mate-sante.com\/nl\/wp-json\/wp\/v2\/pages\/693\/revisions\/755"}],"wp:attachment":[{"href":"https:\/\/mate-sante.com\/nl\/wp-json\/wp\/v2\/media?parent=693"}],"curies":[{"name":"wp","href":"https:\/\/api.w.org\/{rel}","templated":true}]}}