{"id":697,"date":"2022-02-08T14:20:44","date_gmt":"2022-02-08T13:20:44","guid":{"rendered":"https:\/\/mate-sante.com\/canarias\/"},"modified":"2022-03-02T12:44:15","modified_gmt":"2022-03-02T11:44:15","slug":"canarias","status":"publish","type":"page","link":"https:\/\/mate-sante.com\/nl\/canarias\/","title":{"rendered":"Canarias"},"content":{"rendered":"<div id='welcome'  class='av-layout-grid-container av-672rg9-289b51a44b9b0c5d9c96c0e692fadfe2 entry-content-wrapper main_color av-fixed-cells  avia-builder-el-0  el_before_av_section  avia-builder-el-first   container_wrap sidebar_right'  >\n\n<style type=\"text\/css\" data-created_by=\"avia_inline_auto\" id=\"style-css-av-63xogp-2137dc690919066ddd89559991dbba6b\">\n.flex_cell.av-63xogp-2137dc690919066ddd89559991dbba6b{\nvertical-align:top;\nheight:15px;\nmin-height:15px;\npadding:0px 0px 0px 0px;\nbackground-color:#719430;\n}\n<\/style>\n<div class='flex_cell av_one_fourth av-63xogp-2137dc690919066ddd89559991dbba6b no_margin  avia-builder-el-1  el_before_av_cell_one_fourth  avia-builder-el-first  av-zero-padding' ><div class='flex_cell_inner'><\/div><\/div>\n<style type=\"text\/css\" data-created_by=\"avia_inline_auto\" id=\"style-css-av-5xywzd-bac27cb79c913beea1b03b31daf84113\">\n.flex_cell.av-5xywzd-bac27cb79c913beea1b03b31daf84113{\nvertical-align:top;\nheight:15px;\nmin-height:15px;\npadding:0px 0px 0px 0px;\nbackground-color:#92bb46;\n}\n<\/style>\n<div class='flex_cell av_one_fourth av-5xywzd-bac27cb79c913beea1b03b31daf84113 no_margin  avia-builder-el-2  el_after_av_cell_one_fourth  el_before_av_cell_one_fourth  av-zero-padding' ><div class='flex_cell_inner'><\/div><\/div>\n<style type=\"text\/css\" data-created_by=\"avia_inline_auto\" id=\"style-css-av-5r737d-76ba3606b231bdd0db8be7d98ca9a7e1\">\n.flex_cell.av-5r737d-76ba3606b231bdd0db8be7d98ca9a7e1{\nvertical-align:top;\nheight:15px;\nmin-height:15px;\npadding:0px 0px 0px 0px;\nbackground-color:#acd464;\n}\n<\/style>\n<div class='flex_cell av_one_fourth av-5r737d-76ba3606b231bdd0db8be7d98ca9a7e1 no_margin  avia-builder-el-3  el_after_av_cell_one_fourth  el_before_av_cell_one_fourth  av-zero-padding' ><div class='flex_cell_inner'><\/div><\/div>\n<style type=\"text\/css\" data-created_by=\"avia_inline_auto\" id=\"style-css-av-5hhp9t-00485403c80f58f5d0b8e95757091a83\">\n.flex_cell.av-5hhp9t-00485403c80f58f5d0b8e95757091a83{\nvertical-align:top;\nheight:15px;\nmin-height:15px;\npadding:0px 0px 0px 0px;\nbackground-color:#e1fbb2;\n}\n<\/style>\n<div class='flex_cell av_one_fourth av-5hhp9t-00485403c80f58f5d0b8e95757091a83 no_margin  avia-builder-el-4  el_after_av_cell_one_fourth  avia-builder-el-last  av-zero-padding' ><div class='flex_cell_inner'><\/div><\/div>\n<\/div>\n<div id='av_section_1'  class='avia-section av-5b7sk1-30664e80ad3dc91bc09e40e2ede9e0fb main_color avia-section-large avia-no-border-styling  avia-builder-el-5  el_after_av_layout_row  el_before_av_section  avia-bg-style-scroll container_wrap sidebar_right'  ><div class='container av-section-cont-open' ><div class='template-page content  av-content-small alpha units'><div class='post-entry post-entry-type-page post-entry-697'><div class='entry-content-wrapper clearfix'>\n\n<style type=\"text\/css\" data-created_by=\"avia_inline_auto\" id=\"style-css-av-58jsjd-2c3e1610bf486b244f07d657fe8fbe2d\">\n#top .av-special-heading.av-58jsjd-2c3e1610bf486b244f07d657fe8fbe2d{\npadding-bottom:20px;\nfont-size:50px;\n}\nbody .av-special-heading.av-58jsjd-2c3e1610bf486b244f07d657fe8fbe2d .av-special-heading-tag .heading-char{\nfont-size:25px;\n}\n#top #wrap_all .av-special-heading.av-58jsjd-2c3e1610bf486b244f07d657fe8fbe2d .av-special-heading-tag{\nfont-size:50px;\npadding:30px 30px 30px 30px;\n}\n.av-special-heading.av-58jsjd-2c3e1610bf486b244f07d657fe8fbe2d .av-subheading{\nfont-size:15px;\n}\n<\/style>\n<div  class='av-special-heading av-58jsjd-2c3e1610bf486b244f07d657fe8fbe2d av-special-heading-h1 blockquote modern-quote modern-centered  avia-builder-el-6  avia-builder-el-no-sibling  av-inherit-size'><h1 class='av-special-heading-tag'  itemprop=\"headline\"  >Canarias<\/h1><div class='av-subheading av-subheading_below'><p>Vanaf het begin heeft het bedrijf zich sterk gemaakt voor sociale verantwoordelijkheid, met name in de gemeenschap van Pando in Uruguay.<\/p>\n<p>gemeenschap in de stad Pando in Uruguay. Dit stempel komt van de stichters zelf, die een visie van solidariteit en saamhorigheid hadden.<\/p>\n<p>zelf, die een visie van solidariteit en menselijkheid hadden die tot uiting kwam in hun inzet voor de inwoners van de stad waar de aan de inwoners van de stad waar het bedrijf geboren is. Zij bevorderden de commerci\u00eble en industri\u00eble ontwikkeling en industri\u00eble ontwikkeling van Pando.<\/p>\n<p>Toen de onderneming de 21e eeuw binnentrad, heeft zij haar management gemoderniseerd, gekenmerkt door een meer globale en integratieve visie, waaronder visie, waaronder sociale hulp in het kader van maatschappelijk verantwoord ondernemen, werken in de verantwoordelijkheid, werken op het gebied van ethiek, kwaliteit van leven en werkpraktijken, gemeenschap praktijken, gemeenschap, milieu en waardeketen.<\/p>\n<p>Canarias is een van de belangrijkste en bekendste merken in Uruguay en Brazili\u00eb. Het bedrijf biedt yerba mate van de hoogste kwaliteit.<\/p>\n<p>Canarias Yerba Mat\u00e9 wordt geproduceerd in het zuiden van Brazili\u00eb, in de staten Santa Catarina, Paran\u00e1 en Rio Grande Do Sul.<\/p>\n<p>Het klimaat in deze regio van Brazili\u00eb is ideaal voor de rijping van de bladeren.<\/p>\n<\/div><div class=\"special-heading-border\"><div class=\"special-heading-inner-border\"><\/div><\/div><\/div>\n<\/div><\/div><\/div><!-- close content main div --><\/div><\/div><div id='av_section_2'  class='avia-section av-5g7315-de1ec68fa5e52bc56347cbe04ba6a154 main_color avia-section-large avia-no-border-styling  avia-builder-el-7  el_after_av_section  avia-builder-el-last  avia-bg-style-scroll container_wrap sidebar_right'  ><div class='container av-section-cont-open' ><div class='template-page content  av-content-small alpha units'><div class='post-entry post-entry-type-page post-entry-697'><div class='entry-content-wrapper clearfix'>\n\n<style type=\"text\/css\" data-created_by=\"avia_inline_auto\" id=\"style-css-av-4uj6n5-f66ca8098a5ccf10c8e17f9b7aa017db\">\n.flex_column.av-4uj6n5-f66ca8098a5ccf10c8e17f9b7aa017db{\nborder-radius:0px 0px 0px 0px;\n-webkit-border-radius:0px 0px 0px 0px;\n-moz-border-radius:0px 0px 0px 0px;\n}\n<\/style>\n<div class='flex_column av-4uj6n5-f66ca8098a5ccf10c8e17f9b7aa017db av_one_half  avia-builder-el-8  el_before_av_one_half  avia-builder-el-first  first flex_column_div av-zero-column-padding '   ><p>\n<style type=\"text\/css\" data-created_by=\"avia_inline_auto\" id=\"style-css-av-54ggix-b283ce06a5c8c7242e1abe2179676a50\">\n.avia-image-container.av-54ggix-b283ce06a5c8c7242e1abe2179676a50 .av-image-caption-overlay-center{\ncolor:#ffffff;\n}\n<\/style>\n<div  class='avia-image-container av-54ggix-b283ce06a5c8c7242e1abe2179676a50 av-styling- avia-align-center  avia-builder-el-9  el_before_av_heading  avia-builder-el-first '  itemprop=\"image\" itemscope=\"itemscope\" itemtype=\"https:\/\/schema.org\/ImageObject\" ><div class=\"avia-image-container-inner\"><div class=\"avia-image-overlay-wrap\"><img decoding=\"async\" class='wp-image-698 avia-img-lazy-loading-not-698 avia_image' src=\"https:\/\/mate-sante.com\/wp-content\/uploads\/2022\/02\/12-Yerba-Mate-tea-Canarias-500-Gr-300x300.jpg\" alt='' title='12 Yerba Mate tea Canarias 500 Gr'  height=\"300\" width=\"300\"  itemprop=\"thumbnailUrl\" srcset=\"https:\/\/mate-sante.com\/wp-content\/uploads\/2022\/02\/12-Yerba-Mate-tea-Canarias-500-Gr-300x300.jpg 300w, https:\/\/mate-sante.com\/wp-content\/uploads\/2022\/02\/12-Yerba-Mate-tea-Canarias-500-Gr-1030x1030.jpg 1030w, https:\/\/mate-sante.com\/wp-content\/uploads\/2022\/02\/12-Yerba-Mate-tea-Canarias-500-Gr-80x80.jpg 80w, https:\/\/mate-sante.com\/wp-content\/uploads\/2022\/02\/12-Yerba-Mate-tea-Canarias-500-Gr-768x768.jpg 768w, https:\/\/mate-sante.com\/wp-content\/uploads\/2022\/02\/12-Yerba-Mate-tea-Canarias-500-Gr-36x36.jpg 36w, https:\/\/mate-sante.com\/wp-content\/uploads\/2022\/02\/12-Yerba-Mate-tea-Canarias-500-Gr-180x180.jpg 180w, https:\/\/mate-sante.com\/wp-content\/uploads\/2022\/02\/12-Yerba-Mate-tea-Canarias-500-Gr-705x705.jpg 705w, https:\/\/mate-sante.com\/wp-content\/uploads\/2022\/02\/12-Yerba-Mate-tea-Canarias-500-Gr.jpg 1500w\" sizes=\"(max-width: 300px) 100vw, 300px\" \/><\/div><\/div><\/div><br \/>\n\n<style type=\"text\/css\" data-created_by=\"avia_inline_auto\" id=\"style-css-av-4pj90p-4cb4b1aaf720b0349c63c3fc153d91fe\">\n#top .av-special-heading.av-4pj90p-4cb4b1aaf720b0349c63c3fc153d91fe{\npadding-bottom:10px;\n}\nbody .av-special-heading.av-4pj90p-4cb4b1aaf720b0349c63c3fc153d91fe .av-special-heading-tag .heading-char{\nfont-size:25px;\n}\n.av-special-heading.av-4pj90p-4cb4b1aaf720b0349c63c3fc153d91fe .av-subheading{\nfont-size:15px;\n}\n<\/style>\n<div  class='av-special-heading av-4pj90p-4cb4b1aaf720b0349c63c3fc153d91fe av-special-heading-h3  avia-builder-el-10  el_after_av_image  el_before_av_hr '><h3 class='av-special-heading-tag'  itemprop=\"headline\"  >Yerba Mate tea Canarias 500 Gr<\/h3><div class=\"special-heading-border\"><div class=\"special-heading-inner-border\"><\/div><\/div><\/div><br \/>\n\n<style type=\"text\/css\" data-created_by=\"avia_inline_auto\" id=\"style-css-av-kz5kwojg-36996d5af65e314756ea7c9e9b32a771\">\n#top .hr.hr-invisible.av-kz5kwojg-36996d5af65e314756ea7c9e9b32a771{\nheight:30px;\n}\n<\/style>\n<div  class='hr av-kz5kwojg-36996d5af65e314756ea7c9e9b32a771 hr-invisible  avia-builder-el-11  el_after_av_heading  el_before_av_textblock '><span class='hr-inner '><span class=\"hr-inner-style\"><\/span><\/span><\/div><br \/>\n<section  class='av_textblock_section av-4mhbgh-950bf29308e2479cc1a9c44895e83366'  itemscope=\"itemscope\" itemtype=\"https:\/\/schema.org\/CreativeWork\" ><div class='avia_textblock'  itemprop=\"text\" ><p><strong>Oorsprong van het blad<\/strong><\/p>\n<p>De bladeren van de yerba-bomen die voor de productie van dit product worden gebruikt, komen uit de staten Santa Catarina, Paran\u00e1 en Rio Grande Do Sul in Brazili\u00eb. De bomen groeien in inheemse bossen waarvan het microklimaat bevorderlijk is voor de ideale ontwikkeling van de eigenschappen van het blad.<\/p>\n<p><strong>Rijping<\/strong><\/p>\n<p>Na het drogen en het voorvermalen wordt de Yerba Canarias &#8220;canchada&#8221; in zakken van 50 kg gedurende 4 tot 6 maanden opgeslagen in een omgeving met gecontroleerde temperatuur en vochtigheidsgraad om een uniforme productkwaliteit tussen de verschillende partijen te garanderen.<\/p>\n<p><strong>Productie<\/strong><\/p>\n<p>Tijdens het hele productieproces worden strenge kwaliteitscontroles toegepast, in overeenstemming met de goede productiepraktijken (GMP).<\/p>\n<p>Bovendien beoordelen deskundige proevers de kwaliteit van grondstof tot eindproduct om de vastgestelde productnormen te waarborgen.<\/p>\n<\/div><\/section><\/p><\/div>\n<style type=\"text\/css\" data-created_by=\"avia_inline_auto\" id=\"style-css-av-3sqp0p-e379f06ac2e992c507f4e0cee575f65b\">\n.flex_column.av-3sqp0p-e379f06ac2e992c507f4e0cee575f65b{\nborder-radius:0px 0px 0px 0px;\n-webkit-border-radius:0px 0px 0px 0px;\n-moz-border-radius:0px 0px 0px 0px;\n}\n<\/style>\n<div class='flex_column av-3sqp0p-e379f06ac2e992c507f4e0cee575f65b av_one_half  avia-builder-el-13  el_after_av_one_half  el_before_av_hr  flex_column_div av-zero-column-padding '   ><p>\n<style type=\"text\/css\" data-created_by=\"avia_inline_auto\" id=\"style-css-av-3tp7ax-6e543cb39973ac1bd4d104812136d202\">\n.avia-image-container.av-3tp7ax-6e543cb39973ac1bd4d104812136d202 .av-image-caption-overlay-center{\ncolor:#ffffff;\n}\n<\/style>\n<div  class='avia-image-container av-3tp7ax-6e543cb39973ac1bd4d104812136d202 av-styling- avia-align-center  avia-builder-el-14  el_before_av_heading  avia-builder-el-first '  itemprop=\"image\" itemscope=\"itemscope\" itemtype=\"https:\/\/schema.org\/ImageObject\" ><div class=\"avia-image-container-inner\"><div class=\"avia-image-overlay-wrap\"><img decoding=\"async\" class='wp-image-604 avia-img-lazy-loading-not-604 avia_image' src=\"https:\/\/mate-sante.com\/wp-content\/uploads\/2022\/02\/13-Yerba-Mate-tea-Canarias-1-kg-300x300.jpg\" alt='' title='13 Yerba Mate tea Canarias 1 kg'  height=\"300\" width=\"300\"  itemprop=\"thumbnailUrl\" srcset=\"https:\/\/mate-sante.com\/wp-content\/uploads\/2022\/02\/13-Yerba-Mate-tea-Canarias-1-kg-300x300.jpg 300w, https:\/\/mate-sante.com\/wp-content\/uploads\/2022\/02\/13-Yerba-Mate-tea-Canarias-1-kg-1030x1030.jpg 1030w, https:\/\/mate-sante.com\/wp-content\/uploads\/2022\/02\/13-Yerba-Mate-tea-Canarias-1-kg-80x80.jpg 80w, https:\/\/mate-sante.com\/wp-content\/uploads\/2022\/02\/13-Yerba-Mate-tea-Canarias-1-kg-768x768.jpg 768w, https:\/\/mate-sante.com\/wp-content\/uploads\/2022\/02\/13-Yerba-Mate-tea-Canarias-1-kg-36x36.jpg 36w, https:\/\/mate-sante.com\/wp-content\/uploads\/2022\/02\/13-Yerba-Mate-tea-Canarias-1-kg-180x180.jpg 180w, https:\/\/mate-sante.com\/wp-content\/uploads\/2022\/02\/13-Yerba-Mate-tea-Canarias-1-kg-705x705.jpg 705w, https:\/\/mate-sante.com\/wp-content\/uploads\/2022\/02\/13-Yerba-Mate-tea-Canarias-1-kg.jpg 1500w\" sizes=\"(max-width: 300px) 100vw, 300px\" \/><\/div><\/div><\/div><br \/>\n\n<style type=\"text\/css\" data-created_by=\"avia_inline_auto\" id=\"style-css-av-kz3zhgiw-74bfc0e7be71fdeed581df9a5dbf3fa4\">\n#top .av-special-heading.av-kz3zhgiw-74bfc0e7be71fdeed581df9a5dbf3fa4{\npadding-bottom:10px;\n}\nbody .av-special-heading.av-kz3zhgiw-74bfc0e7be71fdeed581df9a5dbf3fa4 .av-special-heading-tag .heading-char{\nfont-size:25px;\n}\n.av-special-heading.av-kz3zhgiw-74bfc0e7be71fdeed581df9a5dbf3fa4 .av-subheading{\nfont-size:15px;\n}\n<\/style>\n<div  class='av-special-heading av-kz3zhgiw-74bfc0e7be71fdeed581df9a5dbf3fa4 av-special-heading-h3  avia-builder-el-15  el_after_av_image  el_before_av_hr '><h3 class='av-special-heading-tag'  itemprop=\"headline\"  >Yerba Mate tea Canarias 1 kg<\/h3><div class=\"special-heading-border\"><div class=\"special-heading-inner-border\"><\/div><\/div><\/div><br \/>\n\n<style type=\"text\/css\" data-created_by=\"avia_inline_auto\" id=\"style-css-av-kz5kwt01-494a8e46c6e361949084d844e355ee30\">\n#top .hr.hr-invisible.av-kz5kwt01-494a8e46c6e361949084d844e355ee30{\nheight:30px;\n}\n<\/style>\n<div  class='hr av-kz5kwt01-494a8e46c6e361949084d844e355ee30 hr-invisible  avia-builder-el-16  el_after_av_heading  el_before_av_textblock '><span class='hr-inner '><span class=\"hr-inner-style\"><\/span><\/span><\/div><br \/>\n<section  class='av_textblock_section av-kz3zhkqt-eb39b6f6b0426936d6ec3b686484fc15'  itemscope=\"itemscope\" itemtype=\"https:\/\/schema.org\/CreativeWork\" ><div class='avia_textblock'  itemprop=\"text\" ><p><strong>Samenstelling<\/strong><\/p>\n<p>Yerba mate met het hoogste percentage zuivere bladeren op de markt en een goed evenwicht tussen poeder en sticks.<\/p>\n<p>100% natuurlijk product, zonder toevoeging van kunstmatige conserveringsmiddelen of andere chemicali\u00ebn. Lichte variaties in smaak en kleur kunnen daarom van tijd tot tijd voorkomen.<\/p>\n<p><strong>Opbrengst<\/strong><\/p>\n<p>Dankzij de kenmerken van zijn samenstelling biedt dit product de consument een langdurige smaak gedurende het hele degustatieproces. Om dit rendement te bereiken, is het belangrijk rekening te houden met de juiste bereidingstips voor mate.<\/p>\n<p><strong>Smaak<\/strong><\/p>\n<p>Een bittere en intense smaak, typisch voor Yerba Mate CANARIAS.<\/p>\n<\/div><\/section><\/p><\/div>\n<style type=\"text\/css\" data-created_by=\"avia_inline_auto\" id=\"style-css-av-4eapqx-1148414e36430835464de68a8d2ea9d2\">\n#top .hr.hr-invisible.av-4eapqx-1148414e36430835464de68a8d2ea9d2{\nheight:50px;\n}\n<\/style>\n<div  class='hr av-4eapqx-1148414e36430835464de68a8d2ea9d2 hr-invisible  avia-builder-el-18  el_after_av_one_half  avia-builder-el-last '><span class='hr-inner '><span class=\"hr-inner-style\"><\/span><\/span><\/div>\n<\/div><\/div><\/div><!-- close content main div --><\/div><\/div><div id='after_section_2'  class='main_color av_default_container_wrap container_wrap sidebar_right'  ><div class='container av-section-cont-open' ><div class='template-page content  av-content-small alpha units'><div class='post-entry post-entry-type-page post-entry-697'><div class='entry-content-wrapper clearfix'><\/p>\n","protected":false},"excerpt":{"rendered":"","protected":false},"author":1,"featured_media":0,"parent":0,"menu_order":0,"comment_status":"closed","ping_status":"closed","template":"","meta":{"_themeisle_gutenberg_block_has_review":false,"footnotes":""},"class_list":["post-697","page","type-page","status-publish","hentry"],"yoast_head":"<!-- This site is optimized with the Yoast SEO plugin v26.9 - https:\/\/yoast.com\/product\/yoast-seo-wordpress\/ -->\n<title>Canarias - Mate Sante<\/title>\n<meta name=\"robots\" content=\"index, follow, max-snippet:-1, max-image-preview:large, max-video-preview:-1\" \/>\n<link rel=\"canonical\" href=\"https:\/\/mate-sante.com\/nl\/canarias\/\" \/>\n<meta property=\"og:locale\" content=\"es_ES\" \/>\n<meta property=\"og:type\" content=\"article\" \/>\n<meta property=\"og:title\" content=\"Canarias - Mate Sante\" \/>\n<meta property=\"og:url\" content=\"https:\/\/mate-sante.com\/nl\/canarias\/\" \/>\n<meta property=\"og:site_name\" content=\"Mate Sante\" \/>\n<meta property=\"article:modified_time\" content=\"2022-03-02T11:44:15+00:00\" \/>\n<meta name=\"twitter:card\" content=\"summary_large_image\" \/>\n<meta name=\"twitter:label1\" content=\"Tiempo de lectura\" \/>\n\t<meta name=\"twitter:data1\" content=\"4 minutos\" \/>\n<script type=\"application\/ld+json\" class=\"yoast-schema-graph\">{\"@context\":\"https:\/\/schema.org\",\"@graph\":[{\"@type\":\"WebPage\",\"@id\":\"https:\/\/mate-sante.com\/nl\/canarias\/\",\"url\":\"https:\/\/mate-sante.com\/nl\/canarias\/\",\"name\":\"Canarias - Mate Sante\",\"isPartOf\":{\"@id\":\"https:\/\/mate-sante.com\/nl\/#website\"},\"datePublished\":\"2022-02-08T13:20:44+00:00\",\"dateModified\":\"2022-03-02T11:44:15+00:00\",\"breadcrumb\":{\"@id\":\"https:\/\/mate-sante.com\/nl\/canarias\/#breadcrumb\"},\"inLanguage\":\"es\",\"potentialAction\":[{\"@type\":\"ReadAction\",\"target\":[\"https:\/\/mate-sante.com\/nl\/canarias\/\"]}]},{\"@type\":\"BreadcrumbList\",\"@id\":\"https:\/\/mate-sante.com\/nl\/canarias\/#breadcrumb\",\"itemListElement\":[{\"@type\":\"ListItem\",\"position\":1,\"name\":\"Portada\",\"item\":\"https:\/\/mate-sante.com\/nl\/\"},{\"@type\":\"ListItem\",\"position\":2,\"name\":\"Canarias\"}]},{\"@type\":\"WebSite\",\"@id\":\"https:\/\/mate-sante.com\/nl\/#website\",\"url\":\"https:\/\/mate-sante.com\/nl\/\",\"name\":\"Mate Sante\",\"description\":\"Importation et distribution de \u00abyerba mate\u00bb en Belgique\",\"publisher\":{\"@id\":\"https:\/\/mate-sante.com\/nl\/#organization\"},\"potentialAction\":[{\"@type\":\"SearchAction\",\"target\":{\"@type\":\"EntryPoint\",\"urlTemplate\":\"https:\/\/mate-sante.com\/nl\/?s={search_term_string}\"},\"query-input\":{\"@type\":\"PropertyValueSpecification\",\"valueRequired\":true,\"valueName\":\"search_term_string\"}}],\"inLanguage\":\"es\"},{\"@type\":\"Organization\",\"@id\":\"https:\/\/mate-sante.com\/nl\/#organization\",\"name\":\"Mate Sante SRL\",\"url\":\"https:\/\/mate-sante.com\/nl\/\",\"logo\":{\"@type\":\"ImageObject\",\"inLanguage\":\"es\",\"@id\":\"https:\/\/mate-sante.com\/nl\/#\/schema\/logo\/image\/\",\"url\":\"https:\/\/mate-sante.com\/wp-content\/uploads\/2022\/01\/LOGO_VECTOR.png\",\"contentUrl\":\"https:\/\/mate-sante.com\/wp-content\/uploads\/2022\/01\/LOGO_VECTOR.png\",\"width\":1063,\"height\":945,\"caption\":\"Mate Sante SRL\"},\"image\":{\"@id\":\"https:\/\/mate-sante.com\/nl\/#\/schema\/logo\/image\/\"}}]}<\/script>\n<!-- \/ Yoast SEO plugin. -->","yoast_head_json":{"title":"Canarias - Mate Sante","robots":{"index":"index","follow":"follow","max-snippet":"max-snippet:-1","max-image-preview":"max-image-preview:large","max-video-preview":"max-video-preview:-1"},"canonical":"https:\/\/mate-sante.com\/nl\/canarias\/","og_locale":"es_ES","og_type":"article","og_title":"Canarias - Mate Sante","og_url":"https:\/\/mate-sante.com\/nl\/canarias\/","og_site_name":"Mate Sante","article_modified_time":"2022-03-02T11:44:15+00:00","twitter_card":"summary_large_image","twitter_misc":{"Tiempo de lectura":"4 minutos"},"schema":{"@context":"https:\/\/schema.org","@graph":[{"@type":"WebPage","@id":"https:\/\/mate-sante.com\/nl\/canarias\/","url":"https:\/\/mate-sante.com\/nl\/canarias\/","name":"Canarias - Mate Sante","isPartOf":{"@id":"https:\/\/mate-sante.com\/nl\/#website"},"datePublished":"2022-02-08T13:20:44+00:00","dateModified":"2022-03-02T11:44:15+00:00","breadcrumb":{"@id":"https:\/\/mate-sante.com\/nl\/canarias\/#breadcrumb"},"inLanguage":"es","potentialAction":[{"@type":"ReadAction","target":["https:\/\/mate-sante.com\/nl\/canarias\/"]}]},{"@type":"BreadcrumbList","@id":"https:\/\/mate-sante.com\/nl\/canarias\/#breadcrumb","itemListElement":[{"@type":"ListItem","position":1,"name":"Portada","item":"https:\/\/mate-sante.com\/nl\/"},{"@type":"ListItem","position":2,"name":"Canarias"}]},{"@type":"WebSite","@id":"https:\/\/mate-sante.com\/nl\/#website","url":"https:\/\/mate-sante.com\/nl\/","name":"Mate Sante","description":"Importation et distribution de \u00abyerba mate\u00bb en Belgique","publisher":{"@id":"https:\/\/mate-sante.com\/nl\/#organization"},"potentialAction":[{"@type":"SearchAction","target":{"@type":"EntryPoint","urlTemplate":"https:\/\/mate-sante.com\/nl\/?s={search_term_string}"},"query-input":{"@type":"PropertyValueSpecification","valueRequired":true,"valueName":"search_term_string"}}],"inLanguage":"es"},{"@type":"Organization","@id":"https:\/\/mate-sante.com\/nl\/#organization","name":"Mate Sante SRL","url":"https:\/\/mate-sante.com\/nl\/","logo":{"@type":"ImageObject","inLanguage":"es","@id":"https:\/\/mate-sante.com\/nl\/#\/schema\/logo\/image\/","url":"https:\/\/mate-sante.com\/wp-content\/uploads\/2022\/01\/LOGO_VECTOR.png","contentUrl":"https:\/\/mate-sante.com\/wp-content\/uploads\/2022\/01\/LOGO_VECTOR.png","width":1063,"height":945,"caption":"Mate Sante SRL"},"image":{"@id":"https:\/\/mate-sante.com\/nl\/#\/schema\/logo\/image\/"}}]}},"_links":{"self":[{"href":"https:\/\/mate-sante.com\/nl\/wp-json\/wp\/v2\/pages\/697","targetHints":{"allow":["GET"]}}],"collection":[{"href":"https:\/\/mate-sante.com\/nl\/wp-json\/wp\/v2\/pages"}],"about":[{"href":"https:\/\/mate-sante.com\/nl\/wp-json\/wp\/v2\/types\/page"}],"author":[{"embeddable":true,"href":"https:\/\/mate-sante.com\/nl\/wp-json\/wp\/v2\/users\/1"}],"replies":[{"embeddable":true,"href":"https:\/\/mate-sante.com\/nl\/wp-json\/wp\/v2\/comments?post=697"}],"version-history":[{"count":2,"href":"https:\/\/mate-sante.com\/nl\/wp-json\/wp\/v2\/pages\/697\/revisions"}],"predecessor-version":[{"id":758,"href":"https:\/\/mate-sante.com\/nl\/wp-json\/wp\/v2\/pages\/697\/revisions\/758"}],"wp:attachment":[{"href":"https:\/\/mate-sante.com\/nl\/wp-json\/wp\/v2\/media?parent=697"}],"curies":[{"name":"wp","href":"https:\/\/api.w.org\/{rel}","templated":true}]}}