{"id":903,"date":"2023-03-25T06:31:54","date_gmt":"2023-03-25T05:31:54","guid":{"rendered":"https:\/\/mate-sante.com\/?page_id=903"},"modified":"2023-03-25T06:40:27","modified_gmt":"2023-03-25T05:40:27","slug":"hrenuk-s-a","status":"publish","type":"page","link":"https:\/\/mate-sante.com\/nl\/hrenuk-s-a\/","title":{"rendered":"HRE\u00d1UK S.A."},"content":{"rendered":"<div id='welcome'  class='av-layout-grid-container av-672rg9-289b51a44b9b0c5d9c96c0e692fadfe2 entry-content-wrapper main_color av-fixed-cells  avia-builder-el-0  el_before_av_section  avia-builder-el-first   container_wrap sidebar_right'  >\n\n<style type=\"text\/css\" data-created_by=\"avia_inline_auto\" id=\"style-css-av-63xogp-2137dc690919066ddd89559991dbba6b\">\n.flex_cell.av-63xogp-2137dc690919066ddd89559991dbba6b{\nvertical-align:top;\nheight:15px;\nmin-height:15px;\npadding:0px 0px 0px 0px;\nbackground-color:#719430;\n}\n<\/style>\n<div class='flex_cell av_one_fourth av-63xogp-2137dc690919066ddd89559991dbba6b no_margin  avia-builder-el-1  el_before_av_cell_one_fourth  avia-builder-el-first  av-zero-padding' ><div class='flex_cell_inner'><\/div><\/div>\n<style type=\"text\/css\" data-created_by=\"avia_inline_auto\" id=\"style-css-av-5xywzd-bac27cb79c913beea1b03b31daf84113\">\n.flex_cell.av-5xywzd-bac27cb79c913beea1b03b31daf84113{\nvertical-align:top;\nheight:15px;\nmin-height:15px;\npadding:0px 0px 0px 0px;\nbackground-color:#92bb46;\n}\n<\/style>\n<div class='flex_cell av_one_fourth av-5xywzd-bac27cb79c913beea1b03b31daf84113 no_margin  avia-builder-el-2  el_after_av_cell_one_fourth  el_before_av_cell_one_fourth  av-zero-padding' ><div class='flex_cell_inner'><\/div><\/div>\n<style type=\"text\/css\" data-created_by=\"avia_inline_auto\" id=\"style-css-av-5r737d-76ba3606b231bdd0db8be7d98ca9a7e1\">\n.flex_cell.av-5r737d-76ba3606b231bdd0db8be7d98ca9a7e1{\nvertical-align:top;\nheight:15px;\nmin-height:15px;\npadding:0px 0px 0px 0px;\nbackground-color:#acd464;\n}\n<\/style>\n<div class='flex_cell av_one_fourth av-5r737d-76ba3606b231bdd0db8be7d98ca9a7e1 no_margin  avia-builder-el-3  el_after_av_cell_one_fourth  el_before_av_cell_one_fourth  av-zero-padding' ><div class='flex_cell_inner'><\/div><\/div>\n<style type=\"text\/css\" data-created_by=\"avia_inline_auto\" id=\"style-css-av-5hhp9t-00485403c80f58f5d0b8e95757091a83\">\n.flex_cell.av-5hhp9t-00485403c80f58f5d0b8e95757091a83{\nvertical-align:top;\nheight:15px;\nmin-height:15px;\npadding:0px 0px 0px 0px;\nbackground-color:#e1fbb2;\n}\n<\/style>\n<div class='flex_cell av_one_fourth av-5hhp9t-00485403c80f58f5d0b8e95757091a83 no_margin  avia-builder-el-4  el_after_av_cell_one_fourth  avia-builder-el-last  av-zero-padding' ><div class='flex_cell_inner'><\/div><\/div>\n<\/div>\n<div id='av_section_1'  class='avia-section av-5b7sk1-30664e80ad3dc91bc09e40e2ede9e0fb main_color avia-section-large avia-no-border-styling  avia-builder-el-5  el_after_av_layout_row  el_before_av_section  avia-bg-style-scroll container_wrap sidebar_right'  ><div class='container av-section-cont-open' ><div class='template-page content  av-content-small alpha units'><div class='post-entry post-entry-type-page post-entry-903'><div class='entry-content-wrapper clearfix'>\n\n<style type=\"text\/css\" data-created_by=\"avia_inline_auto\" id=\"style-css-av-58jsjd-1c95909f2372a945b41a969c5e22ca8f\">\n#top .av-special-heading.av-58jsjd-1c95909f2372a945b41a969c5e22ca8f{\npadding-bottom:20px;\nfont-size:50px;\n}\nbody .av-special-heading.av-58jsjd-1c95909f2372a945b41a969c5e22ca8f .av-special-heading-tag .heading-char{\nfont-size:25px;\n}\n#top #wrap_all .av-special-heading.av-58jsjd-1c95909f2372a945b41a969c5e22ca8f .av-special-heading-tag{\nfont-size:50px;\n}\n.av-special-heading.av-58jsjd-1c95909f2372a945b41a969c5e22ca8f .av-subheading{\nfont-size:15px;\n}\n<\/style>\n<div  class='av-special-heading av-58jsjd-1c95909f2372a945b41a969c5e22ca8f av-special-heading-h1 blockquote modern-quote modern-centered  avia-builder-el-6  el_before_av_hr  avia-builder-el-first  av-inherit-size'><h1 class='av-special-heading-tag'  itemprop=\"headline\"  >HRE\u00d1UK S.A. <\/h1><div class='av-subheading av-subheading_below'><p>En 1936, Mr. Demetrio HRE\u00d1UK, fils d&rsquo;immigr\u00e9s ukrainiens, avec la participation active de son \u00e9pouse Catalina, a fond\u00e9 une entreprise familiale qui s&rsquo;est consacr\u00e9e dans les premi\u00e8res ann\u00e9es \u00e0 la plantation, \u00e0 la r\u00e9colte et au s\u00e9chage de la yerba mate. En 1966, il a acquis son premier moulin et a commenc\u00e9 \u00e0 commercialiser la yerba mate transform\u00e9e. C&rsquo;est ainsi que naquit Yerba Mate ROSAMONTE. <\/p>\n<p>Au fil des ans, l&rsquo;entreprise HRE\u00d1UK S.A. a \u00e9t\u00e9 fond\u00e9e sur le m\u00eame tronc et a \u00e9tendu ses activit\u00e9s de production, de transformation et de commercialisation \u00e0 d&rsquo;autres domaines d&rsquo;activit\u00e9 \u00e9conomique, en y ajoutant le th\u00e9, l&rsquo;aquaculture, l&rsquo;\u00e9levage, la sylviculture et les abattoirs. <\/p>\n<p>HRE\u00d1UK S.A. travaille avec honn\u00eatet\u00e9 et s&rsquo;engage sur la qualit\u00e9 de ses produits. Elle s&rsquo;est toujours efforc\u00e9e de satisfaire les besoins du consommateur, en s&rsquo;adaptant continuellement aux demandes changeantes d&rsquo;un march\u00e9 national et international de plus en plus exigeant. <\/p>\n<p>Chez Rosamonte, ils n\u2019utilisent  pas de pesticides ni d&rsquo;engrais artificiels. La yerba Rosamonte croit dans les champs de Misiones et du nord de Corrientes, o\u00f9 le sol argileux, riche en acide phosphorique, en potassium, en oxyde de fer, en nutriments organiques et d\u00e9pourvu de produits agrochimiques, offre le meilleur sc\u00e9nario pour son \u00e9volution.<\/p>\n<\/div><div class=\"special-heading-border\"><div class=\"special-heading-inner-border\"><\/div><\/div><\/div>\n\n<style type=\"text\/css\" data-created_by=\"avia_inline_auto\" id=\"style-css-av-52lmnt-6f042de9c63d9848d69928afb1634bd4\">\n#top .hr.hr-invisible.av-52lmnt-6f042de9c63d9848d69928afb1634bd4{\nheight:30px;\n}\n<\/style>\n<div  class='hr av-52lmnt-6f042de9c63d9848d69928afb1634bd4 hr-invisible  avia-builder-el-7  el_after_av_heading  avia-builder-el-last'><span class='hr-inner'><span class=\"hr-inner-style\"><\/span><\/span><\/div>\n<\/div><\/div><\/div><!-- close content main div --><\/div><\/div><div id='av_section_2'  class='avia-section av-5g7315-de1ec68fa5e52bc56347cbe04ba6a154 main_color avia-section-large avia-no-border-styling  avia-builder-el-8  el_after_av_section  avia-builder-el-last  avia-bg-style-scroll container_wrap sidebar_right'  ><div class='container av-section-cont-open' ><div class='template-page content  av-content-small alpha units'><div class='post-entry post-entry-type-page post-entry-903'><div class='entry-content-wrapper clearfix'>\n\n<style type=\"text\/css\" data-created_by=\"avia_inline_auto\" id=\"style-css-av-4uj6n5-f66ca8098a5ccf10c8e17f9b7aa017db\">\n.flex_column.av-4uj6n5-f66ca8098a5ccf10c8e17f9b7aa017db{\nborder-radius:0px 0px 0px 0px;\n-webkit-border-radius:0px 0px 0px 0px;\n-moz-border-radius:0px 0px 0px 0px;\n}\n<\/style>\n<div class='flex_column av-4uj6n5-f66ca8098a5ccf10c8e17f9b7aa017db av_one_half  avia-builder-el-9  el_before_av_one_half  avia-builder-el-first  first flex_column_div av-zero-column-padding'   ><p>\n<style type=\"text\/css\" data-created_by=\"avia_inline_auto\" id=\"style-css-av-54ggix-472eaf1dbff8218b3b449650b1248131\">\n.avia-image-container.av-54ggix-472eaf1dbff8218b3b449650b1248131 .av-image-caption-overlay-center{\ncolor:#ffffff;\n}\n<\/style>\n<div  class='avia-image-container av-54ggix-472eaf1dbff8218b3b449650b1248131 av-styling- avia-align-center  avia-builder-el-10  el_before_av_heading  avia-builder-el-first'  itemprop=\"image\" itemscope=\"itemscope\" itemtype=\"https:\/\/schema.org\/ImageObject\" ><div class=\"avia-image-container-inner\"><div class=\"avia-image-overlay-wrap\"><img decoding=\"async\" class='wp-image-904 avia-img-lazy-loading-not-904 avia_image' src=\"https:\/\/mate-sante.com\/wp-content\/uploads\/2023\/03\/rosamonte-suave-264x300.png\" alt='' title='rosamonte suave'  height=\"300\" width=\"264\"  itemprop=\"thumbnailUrl\" srcset=\"https:\/\/mate-sante.com\/wp-content\/uploads\/2023\/03\/rosamonte-suave-264x300.png 264w, https:\/\/mate-sante.com\/wp-content\/uploads\/2023\/03\/rosamonte-suave.png 449w\" sizes=\"(max-width: 264px) 100vw, 264px\" \/><\/div><\/div><\/div><br \/>\n\n<style type=\"text\/css\" data-created_by=\"avia_inline_auto\" id=\"style-css-av-4pj90p-fe428691fd2133e076d0087a9eeff1f9\">\n#top .av-special-heading.av-4pj90p-fe428691fd2133e076d0087a9eeff1f9{\npadding-bottom:10px;\n}\nbody .av-special-heading.av-4pj90p-fe428691fd2133e076d0087a9eeff1f9 .av-special-heading-tag .heading-char{\nfont-size:25px;\n}\n.av-special-heading.av-4pj90p-fe428691fd2133e076d0087a9eeff1f9 .av-subheading{\nfont-size:15px;\n}\n<\/style>\n<div  class='av-special-heading av-4pj90p-fe428691fd2133e076d0087a9eeff1f9 av-special-heading-h3  avia-builder-el-11  el_after_av_image  el_before_av_hr'><h3 class='av-special-heading-tag'  itemprop=\"headline\"  >1- Yerba mate Rosamonte suave <\/h3><div class=\"special-heading-border\"><div class=\"special-heading-inner-border\"><\/div><\/div><\/div><br \/>\n\n<style type=\"text\/css\" data-created_by=\"avia_inline_auto\" id=\"style-css-av-kz5kwojg-36996d5af65e314756ea7c9e9b32a771\">\n#top .hr.hr-invisible.av-kz5kwojg-36996d5af65e314756ea7c9e9b32a771{\nheight:30px;\n}\n<\/style>\n<div  class='hr av-kz5kwojg-36996d5af65e314756ea7c9e9b32a771 hr-invisible  avia-builder-el-12  el_after_av_heading  el_before_av_textblock'><span class='hr-inner'><span class=\"hr-inner-style\"><\/span><\/span><\/div><br \/>\n<section  class='av_textblock_section av-4mhbgh-950bf29308e2479cc1a9c44895e83366'  itemscope=\"itemscope\" itemtype=\"https:\/\/schema.org\/CreativeWork\" ><div class='avia_textblock'  itemprop=\"text\" ><p>S\u00e9chage naturel \u00a0durant 12 mois.<\/p>\n<p>Emballage triple couche pour une protection suppl\u00e9mentaire.<\/p>\n<p>Fabriqu\u00e9 avec des b\u00e2tonnets.<\/p>\n<p>Sans gluten.<\/p>\n<p>Pr\u00e9sentation en 1 kilogramme.<\/p>\n<p>Saveur douce d\u00e8s le premier mat\u00e9.<\/p>\n<\/div><\/section><\/p><\/div>\n<style type=\"text\/css\" data-created_by=\"avia_inline_auto\" id=\"style-css-av-3sqp0p-e379f06ac2e992c507f4e0cee575f65b\">\n.flex_column.av-3sqp0p-e379f06ac2e992c507f4e0cee575f65b{\nborder-radius:0px 0px 0px 0px;\n-webkit-border-radius:0px 0px 0px 0px;\n-moz-border-radius:0px 0px 0px 0px;\n}\n<\/style>\n<div class='flex_column av-3sqp0p-e379f06ac2e992c507f4e0cee575f65b av_one_half  avia-builder-el-14  el_after_av_one_half  el_before_av_hr  flex_column_div av-zero-column-padding'   ><p>\n<style type=\"text\/css\" data-created_by=\"avia_inline_auto\" id=\"style-css-av-3tp7ax-f91b7b0d63b8ca1d198b900bfb4435db\">\n.avia-image-container.av-3tp7ax-f91b7b0d63b8ca1d198b900bfb4435db .av-image-caption-overlay-center{\ncolor:#ffffff;\n}\n<\/style>\n<div  class='avia-image-container av-3tp7ax-f91b7b0d63b8ca1d198b900bfb4435db av-styling- avia-align-center  avia-builder-el-15  el_before_av_heading  avia-builder-el-first'  itemprop=\"image\" itemscope=\"itemscope\" itemtype=\"https:\/\/schema.org\/ImageObject\" ><div class=\"avia-image-container-inner\"><div class=\"avia-image-overlay-wrap\"><img decoding=\"async\" class='wp-image-907 avia-img-lazy-loading-not-907 avia_image' src=\"https:\/\/mate-sante.com\/wp-content\/uploads\/2023\/03\/rosamonte-tradicional-265x300.png\" alt='' title='rosamonte tradicional'  height=\"300\" width=\"265\"  itemprop=\"thumbnailUrl\" srcset=\"https:\/\/mate-sante.com\/wp-content\/uploads\/2023\/03\/rosamonte-tradicional-265x300.png 265w, https:\/\/mate-sante.com\/wp-content\/uploads\/2023\/03\/rosamonte-tradicional.png 450w\" sizes=\"(max-width: 265px) 100vw, 265px\" \/><\/div><\/div><\/div><br \/>\n\n<style type=\"text\/css\" data-created_by=\"avia_inline_auto\" id=\"style-css-av-kz3zhgiw-a340bd44ba73269d338305db1050f229\">\n#top .av-special-heading.av-kz3zhgiw-a340bd44ba73269d338305db1050f229{\npadding-bottom:10px;\n}\nbody .av-special-heading.av-kz3zhgiw-a340bd44ba73269d338305db1050f229 .av-special-heading-tag .heading-char{\nfont-size:25px;\n}\n.av-special-heading.av-kz3zhgiw-a340bd44ba73269d338305db1050f229 .av-subheading{\nfont-size:15px;\n}\n<\/style>\n<div  class='av-special-heading av-kz3zhgiw-a340bd44ba73269d338305db1050f229 av-special-heading-h3  avia-builder-el-16  el_after_av_image  el_before_av_hr'><h3 class='av-special-heading-tag'  itemprop=\"headline\"  >2 &#8211; Yerba mate Rosamonte tradicional <\/h3><div class=\"special-heading-border\"><div class=\"special-heading-inner-border\"><\/div><\/div><\/div><br \/>\n\n<style type=\"text\/css\" data-created_by=\"avia_inline_auto\" id=\"style-css-av-kz5kwt01-494a8e46c6e361949084d844e355ee30\">\n#top .hr.hr-invisible.av-kz5kwt01-494a8e46c6e361949084d844e355ee30{\nheight:30px;\n}\n<\/style>\n<div  class='hr av-kz5kwt01-494a8e46c6e361949084d844e355ee30 hr-invisible  avia-builder-el-17  el_after_av_heading  el_before_av_textblock'><span class='hr-inner'><span class=\"hr-inner-style\"><\/span><\/span><\/div><br \/>\n<section  class='av_textblock_section av-kz3zhkqt-eb39b6f6b0426936d6ec3b686484fc15'  itemscope=\"itemscope\" itemtype=\"https:\/\/schema.org\/CreativeWork\" ><div class='avia_textblock'  itemprop=\"text\" ><p>S\u00e9chage naturel durans 12 mois.<\/p>\n<p>Emballage triple couche pour une protection suppl\u00e9mentaire.<\/p>\n<p>Fabriqu\u00e9 avec des b\u00e2tonnets.<\/p>\n<p>Sans gluten.<\/p>\n<p>Pr\u00e9sentation en 1 kilogramme.<\/p>\n<p>Saveur intense d\u00e8s le premier mat\u00e9.<\/p>\n<\/div><\/section><\/p><\/div>\n<style type=\"text\/css\" data-created_by=\"avia_inline_auto\" id=\"style-css-av-4eapqx-1148414e36430835464de68a8d2ea9d2\">\n#top .hr.hr-invisible.av-4eapqx-1148414e36430835464de68a8d2ea9d2{\nheight:50px;\n}\n<\/style>\n<div  class='hr av-4eapqx-1148414e36430835464de68a8d2ea9d2 hr-invisible  avia-builder-el-19  el_after_av_one_half  avia-builder-el-last'><span class='hr-inner'><span class=\"hr-inner-style\"><\/span><\/span><\/div>\n<\/div><\/div><\/div><!-- close content main div --><\/div><\/div><div id='after_section_2'  class='main_color av_default_container_wrap container_wrap sidebar_right'  ><div class='container av-section-cont-open' ><div class='template-page content  av-content-small alpha units'><div class='post-entry post-entry-type-page post-entry-903'><div class='entry-content-wrapper clearfix'><\/p>","protected":false},"excerpt":{"rendered":"","protected":false},"author":1,"featured_media":0,"parent":0,"menu_order":0,"comment_status":"closed","ping_status":"closed","template":"","meta":{"_themeisle_gutenberg_block_has_review":false,"footnotes":""},"class_list":["post-903","page","type-page","status-publish","hentry"],"yoast_head":"<!-- This site is optimized with the Yoast SEO plugin v26.9 - https:\/\/yoast.com\/product\/yoast-seo-wordpress\/ -->\n<title>HRE\u00d1UK S.A. - Mate Sante<\/title>\n<meta name=\"description\" content=\"yerba mate HRE\u00d1UK rosamonte\" \/>\n<meta name=\"robots\" content=\"index, follow, max-snippet:-1, max-image-preview:large, max-video-preview:-1\" \/>\n<link rel=\"canonical\" href=\"https:\/\/mate-sante.com\/nl\/hrenuk-s-a\/\" \/>\n<meta property=\"og:locale\" content=\"nl_BE\" \/>\n<meta property=\"og:type\" content=\"article\" \/>\n<meta property=\"og:title\" content=\"HRE\u00d1UK S.A. - Mate Sante\" \/>\n<meta property=\"og:description\" content=\"yerba mate HRE\u00d1UK rosamonte\" \/>\n<meta property=\"og:url\" content=\"https:\/\/mate-sante.com\/nl\/hrenuk-s-a\/\" \/>\n<meta property=\"og:site_name\" content=\"Mate Sante\" \/>\n<meta property=\"article:modified_time\" content=\"2023-03-25T05:40:27+00:00\" \/>\n<meta name=\"twitter:card\" content=\"summary_large_image\" \/>\n<meta name=\"twitter:label1\" content=\"Geschatte leestijd\" \/>\n\t<meta name=\"twitter:data1\" content=\"4 minuten\" \/>\n<script type=\"application\/ld+json\" class=\"yoast-schema-graph\">{\"@context\":\"https:\/\/schema.org\",\"@graph\":[{\"@type\":\"WebPage\",\"@id\":\"https:\/\/mate-sante.com\/hrenuk-s-a\/\",\"url\":\"https:\/\/mate-sante.com\/hrenuk-s-a\/\",\"name\":\"HRE\u00d1UK S.A. - Mate Sante\",\"isPartOf\":{\"@id\":\"https:\/\/mate-sante.com\/#website\"},\"datePublished\":\"2023-03-25T05:31:54+00:00\",\"dateModified\":\"2023-03-25T05:40:27+00:00\",\"description\":\"yerba mate HRE\u00d1UK rosamonte\",\"breadcrumb\":{\"@id\":\"https:\/\/mate-sante.com\/hrenuk-s-a\/#breadcrumb\"},\"inLanguage\":\"nl-BE\",\"potentialAction\":[{\"@type\":\"ReadAction\",\"target\":[\"https:\/\/mate-sante.com\/hrenuk-s-a\/\"]}]},{\"@type\":\"BreadcrumbList\",\"@id\":\"https:\/\/mate-sante.com\/hrenuk-s-a\/#breadcrumb\",\"itemListElement\":[{\"@type\":\"ListItem\",\"position\":1,\"name\":\"Portada\",\"item\":\"https:\/\/mate-sante.com\/mate-sante-importation-et-distribution-en-belgique-de-yerba-mate-2\/\"},{\"@type\":\"ListItem\",\"position\":2,\"name\":\"HRE\u00d1UK S.A.\"}]},{\"@type\":\"WebSite\",\"@id\":\"https:\/\/mate-sante.com\/#website\",\"url\":\"https:\/\/mate-sante.com\/\",\"name\":\"Mate Sante\",\"description\":\"Importation et distribution de \u00abyerba mate\u00bb en Belgique\",\"publisher\":{\"@id\":\"https:\/\/mate-sante.com\/#organization\"},\"potentialAction\":[{\"@type\":\"SearchAction\",\"target\":{\"@type\":\"EntryPoint\",\"urlTemplate\":\"https:\/\/mate-sante.com\/?s={search_term_string}\"},\"query-input\":{\"@type\":\"PropertyValueSpecification\",\"valueRequired\":true,\"valueName\":\"search_term_string\"}}],\"inLanguage\":\"nl-BE\"},{\"@type\":\"Organization\",\"@id\":\"https:\/\/mate-sante.com\/#organization\",\"name\":\"Mate Sante SRL\",\"url\":\"https:\/\/mate-sante.com\/\",\"logo\":{\"@type\":\"ImageObject\",\"inLanguage\":\"nl-BE\",\"@id\":\"https:\/\/mate-sante.com\/#\/schema\/logo\/image\/\",\"url\":\"https:\/\/mate-sante.com\/wp-content\/uploads\/2022\/01\/LOGO_VECTOR.png\",\"contentUrl\":\"https:\/\/mate-sante.com\/wp-content\/uploads\/2022\/01\/LOGO_VECTOR.png\",\"width\":1063,\"height\":945,\"caption\":\"Mate Sante SRL\"},\"image\":{\"@id\":\"https:\/\/mate-sante.com\/#\/schema\/logo\/image\/\"}}]}<\/script>\n<!-- \/ Yoast SEO plugin. -->","yoast_head_json":{"title":"HRE\u00d1UK S.A. - Mate Sante","description":"yerba mate HRE\u00d1UK rosamonte","robots":{"index":"index","follow":"follow","max-snippet":"max-snippet:-1","max-image-preview":"max-image-preview:large","max-video-preview":"max-video-preview:-1"},"canonical":"https:\/\/mate-sante.com\/nl\/hrenuk-s-a\/","og_locale":"nl_BE","og_type":"article","og_title":"HRE\u00d1UK S.A. - Mate Sante","og_description":"yerba mate HRE\u00d1UK rosamonte","og_url":"https:\/\/mate-sante.com\/nl\/hrenuk-s-a\/","og_site_name":"Mate Sante","article_modified_time":"2023-03-25T05:40:27+00:00","twitter_card":"summary_large_image","twitter_misc":{"Geschatte leestijd":"4 minuten"},"schema":{"@context":"https:\/\/schema.org","@graph":[{"@type":"WebPage","@id":"https:\/\/mate-sante.com\/hrenuk-s-a\/","url":"https:\/\/mate-sante.com\/hrenuk-s-a\/","name":"HRE\u00d1UK S.A. - Mate Sante","isPartOf":{"@id":"https:\/\/mate-sante.com\/#website"},"datePublished":"2023-03-25T05:31:54+00:00","dateModified":"2023-03-25T05:40:27+00:00","description":"yerba mate HRE\u00d1UK rosamonte","breadcrumb":{"@id":"https:\/\/mate-sante.com\/hrenuk-s-a\/#breadcrumb"},"inLanguage":"nl-BE","potentialAction":[{"@type":"ReadAction","target":["https:\/\/mate-sante.com\/hrenuk-s-a\/"]}]},{"@type":"BreadcrumbList","@id":"https:\/\/mate-sante.com\/hrenuk-s-a\/#breadcrumb","itemListElement":[{"@type":"ListItem","position":1,"name":"Portada","item":"https:\/\/mate-sante.com\/mate-sante-importation-et-distribution-en-belgique-de-yerba-mate-2\/"},{"@type":"ListItem","position":2,"name":"HRE\u00d1UK S.A."}]},{"@type":"WebSite","@id":"https:\/\/mate-sante.com\/#website","url":"https:\/\/mate-sante.com\/","name":"Mate Sante","description":"Importation et distribution de \u00abyerba mate\u00bb en Belgique","publisher":{"@id":"https:\/\/mate-sante.com\/#organization"},"potentialAction":[{"@type":"SearchAction","target":{"@type":"EntryPoint","urlTemplate":"https:\/\/mate-sante.com\/?s={search_term_string}"},"query-input":{"@type":"PropertyValueSpecification","valueRequired":true,"valueName":"search_term_string"}}],"inLanguage":"nl-BE"},{"@type":"Organization","@id":"https:\/\/mate-sante.com\/#organization","name":"Mate Sante SRL","url":"https:\/\/mate-sante.com\/","logo":{"@type":"ImageObject","inLanguage":"nl-BE","@id":"https:\/\/mate-sante.com\/#\/schema\/logo\/image\/","url":"https:\/\/mate-sante.com\/wp-content\/uploads\/2022\/01\/LOGO_VECTOR.png","contentUrl":"https:\/\/mate-sante.com\/wp-content\/uploads\/2022\/01\/LOGO_VECTOR.png","width":1063,"height":945,"caption":"Mate Sante SRL"},"image":{"@id":"https:\/\/mate-sante.com\/#\/schema\/logo\/image\/"}}]}},"_links":{"self":[{"href":"https:\/\/mate-sante.com\/nl\/wp-json\/wp\/v2\/pages\/903","targetHints":{"allow":["GET"]}}],"collection":[{"href":"https:\/\/mate-sante.com\/nl\/wp-json\/wp\/v2\/pages"}],"about":[{"href":"https:\/\/mate-sante.com\/nl\/wp-json\/wp\/v2\/types\/page"}],"author":[{"embeddable":true,"href":"https:\/\/mate-sante.com\/nl\/wp-json\/wp\/v2\/users\/1"}],"replies":[{"embeddable":true,"href":"https:\/\/mate-sante.com\/nl\/wp-json\/wp\/v2\/comments?post=903"}],"version-history":[{"count":1,"href":"https:\/\/mate-sante.com\/nl\/wp-json\/wp\/v2\/pages\/903\/revisions"}],"predecessor-version":[{"id":910,"href":"https:\/\/mate-sante.com\/nl\/wp-json\/wp\/v2\/pages\/903\/revisions\/910"}],"wp:attachment":[{"href":"https:\/\/mate-sante.com\/nl\/wp-json\/wp\/v2\/media?parent=903"}],"curies":[{"name":"wp","href":"https:\/\/api.w.org\/{rel}","templated":true}]}}